{"id":3523,"date":"2024-02-12T23:02:58","date_gmt":"2024-02-12T23:02:58","guid":{"rendered":"https:\/\/baflesoviedo.com\/home\/?post_type=product&#038;p=3523"},"modified":"2025-11-04T23:00:14","modified_gmt":"2025-11-04T23:00:14","slug":"bowers-wilkins-px7-s2e-audifonos-inalambricos","status":"publish","type":"product","link":"https:\/\/baflesoviedo.com\/home\/product\/bowers-wilkins-px7-s2e-audifonos-inalambricos\/","title":{"rendered":"Bowers &#038; Wilkins, PX7 S2e, Aud\u00edfonos Inal\u00e1mbricos"},"content":{"rendered":"<p><b>Especificaciones T\u00e9cnicas:<\/b><\/p>\n<p><b> Drive units<\/b><\/p>\n<p>2 x 40mm dynamic full range bio cellulose driver<\/p>\n<p><b> Technical features<\/b><\/p>\n<p>Hybrid Noise Cancellation<span class=\"Apple-converted-space\">\u00a0<\/span><\/p>\n<p>Ambient Pass-Through<span class=\"Apple-converted-space\">\u00a0<\/span><\/p>\n<p>Wear-Detection Sensor<span class=\"Apple-converted-space\">\u00a0<\/span><\/p>\n<p>Bluetooth\u00ae audio &#8211; Bluetooth 5.2 with aptX\u2122 Adaptive<span class=\"Apple-converted-space\">\u00a0<\/span><\/p>\n<p>USB-C charging &amp; audio interface<\/p>\n<p><b> Wearing style<\/b><\/p>\n<p>Bluetooth Wireless Over-Ear Headphones<\/p>\n<p><b> Bluetooth codecs<\/b><\/p>\n<p>aptX\u2122 Adaptive<span class=\"Apple-converted-space\">\u00a0<\/span><\/p>\n<p>aptX\u2122 HD<span class=\"Apple-converted-space\">\u00a0<\/span><\/p>\n<p>aptX\u2122<span class=\"Apple-converted-space\">\u00a0<\/span><\/p>\n<p>AAC<span class=\"Apple-converted-space\">\u00a0<\/span><\/p>\n<p>SBC<\/p>\n<p><b> Bluetooth profiles<\/b><\/p>\n<p>A2DP<span class=\"Apple-converted-space\">\u00a0<\/span><\/p>\n<p>AVRCP<span class=\"Apple-converted-space\">\u00a0<\/span><\/p>\n<p>HFP<span class=\"Apple-converted-space\">\u00a0<\/span><\/p>\n<p>HSP<span class=\"Apple-converted-space\">\u00a0<\/span><\/p>\n<p>BLE GATT (Generic Attribute Profile)<\/p>\n<p><b> Microphones<\/b><\/p>\n<p>4x mics for ANC<span class=\"Apple-converted-space\">\u00a0<\/span><\/p>\n<p>2x mics for telephony<\/p>\n<p><b> Distortion (THD)<\/b><\/p>\n<p>&lt;0.1% (1 kHz\/10mW)<\/p>\n<p><b> Battery type<\/b><\/p>\n<p>Rechargeable Lithium Ion<\/p>\n<p><b> Battery life &amp; charging<\/b><\/p>\n<p>30 hours playback, 7 hours with a 15 min charge<\/p>\n<p><b> In box accessories<\/b><\/p>\n<p>1.2m USB-C to 3.5mm stereo jack audio cable<span class=\"Apple-converted-space\">\u00a0<\/span><\/p>\n<p>1.2m USB-C to USB-C cable<span class=\"Apple-converted-space\">\u00a0<\/span><\/p>\n<p>Carry Case<\/p>\n<p><a href=\"https:\/\/www.bowerswilkins.com\/en-us\/product\/over-ear-headphones\/px7-s2e\/300866.html\" target=\"_blank\" rel=\"noopener noreferrer\"><span style=\"color: #0000ff;\">Click aqu\u00ed para m\u00e1s informaci\u00f3n del producto.<\/span><\/a><\/p>\n","protected":false},"excerpt":{"rendered":"<p>Estos aud\u00edfonos fueron pensados para aquellos que quieren disfrutar m\u00e1s de lo que el artista quiere que escuch\u00e9s. Ofrecen un rendimiento evolucionado inspirado en los ic\u00f3nicos Px8 de la marca, afinados por los ingenieros ac\u00fasticos de B&amp;W para acercarte a la grabaci\u00f3n original. Cuentan con DSP de 24-bits, un sistema de 6 micr\u00f3fonos para un noise cancel superior y llamadas de alta claridad, y tecnolog\u00eda ANC para aislar tu m\u00fasica de ruidos no deseados sin comprometer la din\u00e1mica y energ\u00eda del sonido. Adem\u00e1s, fueron dise\u00f1ados para el comfort y largas horas de disfrute, gracias a sus ear pads de \u201cluxurious memory foam\u201d que acolchonan la oreja. Disponible en acabados anthracite black, ocean blue, cloud grey o forest green.<span class=\"Apple-converted-space\">\u00a0<\/span><\/p>\n","protected":false},"featured_media":3531,"template":"","meta":[],"product_cat":[139,23],"product_tag":[203,226,225,80,35,74],"_links":{"self":[{"href":"https:\/\/baflesoviedo.com\/home\/wp-json\/wp\/v2\/product\/3523"}],"collection":[{"href":"https:\/\/baflesoviedo.com\/home\/wp-json\/wp\/v2\/product"}],"about":[{"href":"https:\/\/baflesoviedo.com\/home\/wp-json\/wp\/v2\/types\/product"}],"wp:featuredmedia":[{"embeddable":true,"href":"https:\/\/baflesoviedo.com\/home\/wp-json\/wp\/v2\/media\/3531"}],"wp:attachment":[{"href":"https:\/\/baflesoviedo.com\/home\/wp-json\/wp\/v2\/media?parent=3523"}],"wp:term":[{"taxonomy":"product_cat","embeddable":true,"href":"https:\/\/baflesoviedo.com\/home\/wp-json\/wp\/v2\/product_cat?post=3523"},{"taxonomy":"product_tag","embeddable":true,"href":"https:\/\/baflesoviedo.com\/home\/wp-json\/wp\/v2\/product_tag?post=3523"}],"curies":[{"name":"wp","href":"https:\/\/api.w.org\/{rel}","templated":true}]}}