{"id":3532,"date":"2024-02-12T23:09:50","date_gmt":"2024-02-12T23:09:50","guid":{"rendered":"https:\/\/baflesoviedo.com\/home\/?post_type=product&#038;p=3532"},"modified":"2025-11-04T22:59:43","modified_gmt":"2025-11-04T22:59:43","slug":"bowers-wilkins-px8-audifonos-inalambricos","status":"publish","type":"product","link":"https:\/\/baflesoviedo.com\/home\/product\/bowers-wilkins-px8-audifonos-inalambricos\/","title":{"rendered":"Bowers &#038; Wilkins, PX8, Aud\u00edfonos Inal\u00e1mbricos"},"content":{"rendered":"<p><b>Especificaciones T\u00e9cnicas:<\/b><\/p>\n<p><b> Wearing style<\/b><\/p>\n<p>Bluetooth Wireless Over-Ear Headphones<\/p>\n<p>&nbsp;<\/p>\n<p><b> Technical features<\/b><\/p>\n<p>Hybrid Noise Cancellation<\/p>\n<p>Ambient Pass-Through<\/p>\n<p>Wear-Detection Sensor<\/p>\n<p>Bluetooth\u00ae audio &#8211; Bluetooth 5.2 with aptX\u2122 Adaptive<\/p>\n<p>USB-C charging &amp; audio interface<\/p>\n<p>&nbsp;<\/p>\n<p><b> Bluetooth codecs<\/b><\/p>\n<p>aptX\u2122 Adaptive<\/p>\n<p>aptX\u2122 HD<\/p>\n<p>aptX\u2122<\/p>\n<p>AAC<\/p>\n<p>SBC<\/p>\n<p>&nbsp;<\/p>\n<p><b> Bluetooth profiles<\/b><\/p>\n<p>A2DP<\/p>\n<p>AVRCP<\/p>\n<p>HFP<\/p>\n<p>HSP<\/p>\n<p>BLE GATT (Generic Attribute Profile)<\/p>\n<p>&nbsp;<\/p>\n<p><b> Drive units<\/b><\/p>\n<p>2 x 40mm dynamic full range carbon driver<\/p>\n<p>&nbsp;<\/p>\n<p><b> Microphones<\/b><\/p>\n<p>4x mics for ANC<\/p>\n<p>2x mics for telephony<\/p>\n<p>&nbsp;<\/p>\n<p><b> Distortion (THD)<\/b><\/p>\n<p>&lt;0.1% (1 kHz\/10mW)<\/p>\n<p>&nbsp;<\/p>\n<p><b> Battery type<\/b><\/p>\n<p>Rechargeable Lithium Ion<\/p>\n<p>&nbsp;<\/p>\n<p><b> Battery life &amp; charging<\/b><\/p>\n<p>30 hours playback<\/p>\n<p>15 minute charge for 7 hours playback<\/p>\n<p>&nbsp;<\/p>\n<p><b> In box accessories<\/b><\/p>\n<p>1.2m USB-C to 3.5mm stereo jack audio cable<\/p>\n<p>1.2m USB-C to USB-C cable<\/p>\n<p>Carry Case<\/p>\n<p><a href=\"https:\/\/www.bowerswilkins.com\/en-us\/product\/over-ear-headphones\/px8\/300494.html\" target=\"_blank\" rel=\"noopener noreferrer\"><span style=\"color: #0000ff;\">Click aqu\u00ed para m\u00e1s informaci\u00f3n del producto.<\/span><\/a><\/p>\n","protected":false},"excerpt":{"rendered":"<p>Este modelo re-define las expectativas que rodean el rendimiento del reference audio, en el mundo de los aud\u00edfonos inal\u00e1mbricos. Los PX8 son, en palabras de B&amp;W, los aud\u00edfonos inal\u00e1mbricos m\u00e1s avanzados y con mejor sonido que produce la marca. Su alta definici\u00f3n se debe a la combinaci\u00f3n de un DSP 24-bit con los nuevos Carbon Cones de 40mm. Capta todas las variaciones musicales en tus canciones favoritas al reducir la distorsi\u00f3n y mejorar el detalle de frecuencias altas. Permite disfrutar de la mejor m\u00fasica desde plataformas de streaming, o de streaming en alta resoluci\u00f3n al conectarse a una laptop via USB. Garantiza precisi\u00f3n y realismo; cuenta con noise cancelling avanzado y un dise\u00f1o c\u00f3modo para largas horas de disfrute. Disponible en acabados black, royal burgundy o tan.<\/p>\n","protected":false},"featured_media":3533,"template":"","meta":[],"product_cat":[139,23],"product_tag":[203,226,225,80,35,74],"_links":{"self":[{"href":"https:\/\/baflesoviedo.com\/home\/wp-json\/wp\/v2\/product\/3532"}],"collection":[{"href":"https:\/\/baflesoviedo.com\/home\/wp-json\/wp\/v2\/product"}],"about":[{"href":"https:\/\/baflesoviedo.com\/home\/wp-json\/wp\/v2\/types\/product"}],"wp:featuredmedia":[{"embeddable":true,"href":"https:\/\/baflesoviedo.com\/home\/wp-json\/wp\/v2\/media\/3533"}],"wp:attachment":[{"href":"https:\/\/baflesoviedo.com\/home\/wp-json\/wp\/v2\/media?parent=3532"}],"wp:term":[{"taxonomy":"product_cat","embeddable":true,"href":"https:\/\/baflesoviedo.com\/home\/wp-json\/wp\/v2\/product_cat?post=3532"},{"taxonomy":"product_tag","embeddable":true,"href":"https:\/\/baflesoviedo.com\/home\/wp-json\/wp\/v2\/product_tag?post=3532"}],"curies":[{"name":"wp","href":"https:\/\/api.w.org\/{rel}","templated":true}]}}