{"id":3560,"date":"2024-03-22T00:52:21","date_gmt":"2024-03-22T00:52:21","guid":{"rendered":"https:\/\/baflesoviedo.com\/home\/?post_type=product&#038;p=3560"},"modified":"2025-06-13T19:07:56","modified_gmt":"2025-06-13T19:07:56","slug":"dynaudio-sub-3-subwoofer","status":"publish","type":"product","link":"https:\/\/baflesoviedo.com\/home\/product\/dynaudio-sub-3-subwoofer\/","title":{"rendered":"Dynaudio, Sub 3, Subwoofer"},"content":{"rendered":"<p><b>Especificaciones T\u00e9cnicas:<\/b><\/p>\n<p><b>Status<br \/>\n<\/b>Current<b><br \/>\nSegment<br \/>\n<\/b>Home<b><br \/>\nSeries<br \/>\n<\/b>Subwoofers<b><br \/>\nType<br \/>\n<\/b>Subwoofer<b><br \/>\nAnalog inputs<br \/>\n<\/b>1x RCA LFE, 2x RCA stereo<b><br \/>\nAnalog outputs<br \/>\n<\/b>1x RCA Slave out, 2x RCA SAT out<b><br \/>\nAmplifier Power (W)<br \/>\n<\/b>300W<b><br \/>\nAC Power Input<br \/>\n<\/b>100-120 V\/200-240 V 50\/60 Hz<b><br \/>\nAuto on\/off<br \/>\n<\/b>Yes<b><br \/>\nMax Stand-by Power Consumption (W)<br \/>\n<\/b>0,5<b><br \/>\nMax Power Consumption (W)<br \/>\n<\/b>350<b><br \/>\nLower Cutoff (Hz @85 dB +\/- 3 dB)<br \/>\n<\/b>22<b><br \/>\nUpper Cutoff (Hz @ 85dB +\/- 3 dB)<br \/>\n<\/b>175<b><br \/>\nBox Principle<br \/>\n<\/b>Sealed<b><br \/>\nLow pass filter<br \/>\n<\/b>50Hz-150Hz<b><br \/>\nHigh pass filter<br \/>\n<\/b>Flat \/ 60 Hz \/ 80 Hz<b><br \/>\nPhase adjustment<br \/>\n<\/b>0\/180 degrees<b><br \/>\nWoofer<br \/>\n<\/b>23cm MSP<b><br \/>\nWeight kg<br \/>\n<\/b>10.5<b><br \/>\nWeight lbs<br \/>\n<\/b>23.1<b><br \/>\nWidth mm<br \/>\n<\/b>266<b><br \/>\nHeight mm<br \/>\n<\/b>276<b><br \/>\nDepth mm<br \/>\n<\/b>320<b><br \/>\nWidth inches<br \/>\n<\/b>10 4\/8<b><br \/>\nHeight inches<br \/>\n<\/b>10 7\/8<b><br \/>\nDepth inches<br \/>\n<\/b>12 5\/8<b><br \/>\nWidth mm incl. feet\/grill<br \/>\n<\/b>266<b><br \/>\nHeight mm incl. feet\/grill<br \/>\n<\/b>276<b><br \/>\nDepth mm incl. feet\/grill<br \/>\n<\/b>336<b><br \/>\nWidth inches incl. feet\/grill<br \/>\n<\/b>10 4\/8<b><br \/>\nHeight inches incl. feet\/grill<br \/>\n<\/b>10 7\/8<b><br \/>\nDepth inches incl. feet\/grill<br \/>\n<\/b>13 2\/8<b><br \/>\nSpeakers per packaged box<br \/>\n<\/b>1<b><br \/>\nGrille<br \/>\n<\/b>Black<\/p>\n<p><a href=\"https:\/\/dynaudio.com\/home-audio\/sub\/sub-3\" target=\"_blank\" rel=\"noopener noreferrer\"><span style=\"color: #0000ff;\">Click aqu\u00ed para m\u00e1s informaci\u00f3n del producto.<\/span><\/a><\/p>\n","protected":false},"excerpt":{"rendered":"<p>Subwoofer compacto de 300 W, dise\u00f1ado para ofrecer peso, ataque y potencia que desaf\u00edan el tama\u00f1o en momentos cr\u00edticos y estruendosos de una pel\u00edcula, pero sigue siendo lo suficientemente flexible, preciso y musical para aportar algo extra a la m\u00fasica est\u00e9reo en un sofisticado sistema de alta fidelidad.<\/p>\n<p>Su dise\u00f1o cosm\u00e9tico moderno, un nuevo woofer de 24 cm, lo convierten en el subwoofer complementario ideal para cualquier sistema est\u00e9reo o multicanal.<\/p>\n<p>Se puede conectar a cualquier receptor AV o preamplificador est\u00e9reo, y los usuarios pueden ajustar el punto de crossover (plano, 60 Hz u 80 Hz) utilizando el filtro high-pass\u00a0incorporado para garantizar una integraci\u00f3n perfecta con el resto de su equipo. Mientras tanto, las entradas y salidas RCA duales permiten que la se\u00f1al pase a trav\u00e9s del propio Sub 3. Disponible en acabados black satin y white satin.<\/p>\n","protected":false},"featured_media":3561,"template":"","meta":[],"product_cat":[123,36,18],"product_tag":[31,195,58,68],"_links":{"self":[{"href":"https:\/\/baflesoviedo.com\/home\/wp-json\/wp\/v2\/product\/3560"}],"collection":[{"href":"https:\/\/baflesoviedo.com\/home\/wp-json\/wp\/v2\/product"}],"about":[{"href":"https:\/\/baflesoviedo.com\/home\/wp-json\/wp\/v2\/types\/product"}],"wp:featuredmedia":[{"embeddable":true,"href":"https:\/\/baflesoviedo.com\/home\/wp-json\/wp\/v2\/media\/3561"}],"wp:attachment":[{"href":"https:\/\/baflesoviedo.com\/home\/wp-json\/wp\/v2\/media?parent=3560"}],"wp:term":[{"taxonomy":"product_cat","embeddable":true,"href":"https:\/\/baflesoviedo.com\/home\/wp-json\/wp\/v2\/product_cat?post=3560"},{"taxonomy":"product_tag","embeddable":true,"href":"https:\/\/baflesoviedo.com\/home\/wp-json\/wp\/v2\/product_tag?post=3560"}],"curies":[{"name":"wp","href":"https:\/\/api.w.org\/{rel}","templated":true}]}}