{"id":3570,"date":"2024-03-22T01:00:47","date_gmt":"2024-03-22T01:00:47","guid":{"rendered":"https:\/\/baflesoviedo.com\/home\/?post_type=product&#038;p=3570"},"modified":"2025-06-13T19:07:41","modified_gmt":"2025-06-13T19:07:41","slug":"dynaudio-sub-6-subwoofer","status":"publish","type":"product","link":"https:\/\/baflesoviedo.com\/home\/product\/dynaudio-sub-6-subwoofer\/","title":{"rendered":"Dynaudio, Sub 6, Subwoofer"},"content":{"rendered":"<p><b>Especificaciones T\u00e9cnicas:<\/b><\/p>\n<p><b>Status<br \/>\n<\/b>Current<b><br \/>\nSegment<br \/>\n<\/b>Home<b><br \/>\nSeries<br \/>\n<\/b>Subwoofers<b><br \/>\nType<br \/>\n<\/b>Subwoofer<b><br \/>\nAnalog inputs<br \/>\n<\/b>2x balanced XLR, 2x unbalanced RCA phono<b><br \/>\nAnalog outputs<br \/>\n<\/b>2x balanced XLR, 2x unbalanced RCA phono<b><br \/>\nAmplifier Power (W)<br \/>\n<\/b>500W<b><br \/>\nAC Power Input<br \/>\n<\/b>100-120 V\/200-240 V 50\/60 Hz<b><br \/>\nAuto on\/off<br \/>\n<\/b>Yes<b><br \/>\nMax Stand-by Power Consumption (W)<br \/>\n<\/b>0,5<b><br \/>\nMax Power Consumption (W)<br \/>\n<\/b>490<b><br \/>\nLower Cutoff (Hz @85 dB +\/- 3 dB)<br \/>\n<\/b>16<b><br \/>\nUpper Cutoff (Hz @ 85dB +\/- 3 dB)<br \/>\n<\/b>230<b><br \/>\nBox Principle<br \/>\n<\/b>Sealed<b><br \/>\nLow pass filter<br \/>\n<\/b>Adjustable\/Preset<b><br \/>\nHigh pass filter<br \/>\n<\/b>Adjustable<b><br \/>\nPhase adjustment<br \/>\n<\/b>0\/180 degrees<b><br \/>\nWoofer<br \/>\n<\/b>2x 23cm MSP Hybrid Drive<b><br \/>\nWeight kg<br \/>\n<\/b>21.5<b><br \/>\nWeight lbs<br \/>\n<\/b>47.4<b><br \/>\nWidth mm<br \/>\n<\/b>447<b><br \/>\nHeight mm<br \/>\n<\/b>300<b><br \/>\nDepth mm<br \/>\n<\/b>268<b><br \/>\nWidth inches<br \/>\n<\/b>17 5\/8<b><br \/>\nHeight inches<br \/>\n<\/b>11 6\/8<b><br \/>\nDepth inches<br \/>\n<\/b>10 4\/8<b><br \/>\nWidth mm incl. feet\/grill<br \/>\n<\/b>470<b><br \/>\nHeight mm incl. feet\/grill<br \/>\n<\/b>333<b><br \/>\nDepth mm incl. feet\/grill<br \/>\n<\/b>268<b><br \/>\nWidth inches incl. feet\/grill<br \/>\n<\/b>18 4\/8<b><br \/>\nHeight inches incl. feet\/grill<br \/>\n<\/b>13 1\/8<b><br \/>\nDepth inches incl. feet\/grill<br \/>\n<\/b>10 4\/8<b><br \/>\nSpeakers per packaged box<br \/>\n<\/b>1<b><br \/>\nGrille<br \/>\n<\/b>Black<\/p>\n<p><a href=\"https:\/\/dynaudio.com\/home-audio\/sub\/sub-6\" target=\"_blank\" rel=\"noopener noreferrer\"><span style=\"color: #0000ff;\">Click aqu\u00ed para m\u00e1s informaci\u00f3n del producto.<\/span><\/a><\/p>\n","protected":false},"excerpt":{"rendered":"<p>Subwoofer Inteligente con DSP. El Sub 6 m\u00e1s grande de 500 W est\u00e1 dise\u00f1ado para funcionar a la perfecci\u00f3n con todos nuestros parlantes y tiene un truco especial bajo la manga (DSP &#8211; procesamiento de se\u00f1al digital &#8211; inteligente avanzado) para adaptar su rendimiento, espec\u00edficamente a los parlantes de Contour en adelante en el rango.<\/p>\n<p>Para personalizar a\u00fan m\u00e1s su rendimiento, Sub 6 puede establecer un retardo de tiempo para garantizar que \u00e9l y sus altavoces complementarios funcionen perfectamente sincronizados,\u00a0y el sub se ajustar\u00e1 autom\u00e1ticamente usando retardos de tiempo y fase.<\/p>\n<p>Tambi\u00e9n hay un ecualizador totalmente param\u00e9trico, que incluye tres filtros para contrarrestar los efectos de cualquier modo de sala, para garantizar el mejor rendimiento posible. Gracias a sus presets, el Sub 6 es compatible con una gran cantidad de altavoces de la marca, incluyendo las l\u00edneas Confidence, Contour, Evidence, Evoke, Focus y otros modelos especiales.<span class=\"Apple-converted-space\">\u00a0 <\/span>Disponible en acabados black satin y white satin.<span class=\"Apple-converted-space\">\u00a0<\/span><\/p>\n","protected":false},"featured_media":3571,"template":"","meta":[],"product_cat":[123,36,18],"product_tag":[31,195,58,68],"_links":{"self":[{"href":"https:\/\/baflesoviedo.com\/home\/wp-json\/wp\/v2\/product\/3570"}],"collection":[{"href":"https:\/\/baflesoviedo.com\/home\/wp-json\/wp\/v2\/product"}],"about":[{"href":"https:\/\/baflesoviedo.com\/home\/wp-json\/wp\/v2\/types\/product"}],"wp:featuredmedia":[{"embeddable":true,"href":"https:\/\/baflesoviedo.com\/home\/wp-json\/wp\/v2\/media\/3571"}],"wp:attachment":[{"href":"https:\/\/baflesoviedo.com\/home\/wp-json\/wp\/v2\/media?parent=3570"}],"wp:term":[{"taxonomy":"product_cat","embeddable":true,"href":"https:\/\/baflesoviedo.com\/home\/wp-json\/wp\/v2\/product_cat?post=3570"},{"taxonomy":"product_tag","embeddable":true,"href":"https:\/\/baflesoviedo.com\/home\/wp-json\/wp\/v2\/product_tag?post=3570"}],"curies":[{"name":"wp","href":"https:\/\/api.w.org\/{rel}","templated":true}]}}