{"id":3579,"date":"2024-03-22T01:49:14","date_gmt":"2024-03-22T01:49:14","guid":{"rendered":"https:\/\/baflesoviedo.com\/home\/?post_type=product&#038;p=3579"},"modified":"2024-03-22T01:49:14","modified_gmt":"2024-03-22T01:49:14","slug":"dynaudio-stand-10-base-altavoz","status":"publish","type":"product","link":"https:\/\/baflesoviedo.com\/home\/product\/dynaudio-stand-10-base-altavoz\/","title":{"rendered":"Dynaudio, Stand 10, Base Altavoz"},"content":{"rendered":"<p><b>Especificaciones T\u00e9cnicas:<\/b><\/p>\n<p><img loading=\"lazy\" decoding=\"async\" class=\"alignnone size-medium wp-image-3580\" src=\"https:\/\/baflesoviedo.com\/home\/wp-content\/uploads\/2024\/03\/1-240x300.png\" alt=\"\" width=\"240\" height=\"300\" srcset=\"https:\/\/baflesoviedo.com\/home\/wp-content\/uploads\/2024\/03\/1-240x300.png 240w, https:\/\/baflesoviedo.com\/home\/wp-content\/uploads\/2024\/03\/1-819x1024.png 819w, https:\/\/baflesoviedo.com\/home\/wp-content\/uploads\/2024\/03\/1-768x960.png 768w, https:\/\/baflesoviedo.com\/home\/wp-content\/uploads\/2024\/03\/1-600x750.png 600w, https:\/\/baflesoviedo.com\/home\/wp-content\/uploads\/2024\/03\/1.png 1080w\" sizes=\"(max-width: 240px) 100vw, 240px\" \/><\/p>\n<p><a href=\"https:\/\/dynaudio.com\/home-audio\/stands\" target=\"_blank\" rel=\"noopener noreferrer\"><span style=\"color: #0000ff;\">Click aqu\u00ed para m\u00e1s informaci\u00f3n del producto.<\/span><\/a><\/p>\n","protected":false},"excerpt":{"rendered":"<p>*PRECIO PAR<\/p>\n<p>Stand para altavoces Emit M10 y Evoke 10. Disponible en acabados black o white.<\/p>\n","protected":false},"featured_media":3581,"template":"","meta":[],"product_cat":[126,123,122,156,17],"product_tag":[31,184,152,58],"_links":{"self":[{"href":"https:\/\/baflesoviedo.com\/home\/wp-json\/wp\/v2\/product\/3579"}],"collection":[{"href":"https:\/\/baflesoviedo.com\/home\/wp-json\/wp\/v2\/product"}],"about":[{"href":"https:\/\/baflesoviedo.com\/home\/wp-json\/wp\/v2\/types\/product"}],"wp:featuredmedia":[{"embeddable":true,"href":"https:\/\/baflesoviedo.com\/home\/wp-json\/wp\/v2\/media\/3581"}],"wp:attachment":[{"href":"https:\/\/baflesoviedo.com\/home\/wp-json\/wp\/v2\/media?parent=3579"}],"wp:term":[{"taxonomy":"product_cat","embeddable":true,"href":"https:\/\/baflesoviedo.com\/home\/wp-json\/wp\/v2\/product_cat?post=3579"},{"taxonomy":"product_tag","embeddable":true,"href":"https:\/\/baflesoviedo.com\/home\/wp-json\/wp\/v2\/product_tag?post=3579"}],"curies":[{"name":"wp","href":"https:\/\/api.w.org\/{rel}","templated":true}]}}