{"id":367,"date":"2020-04-22T21:47:33","date_gmt":"2020-04-22T21:47:33","guid":{"rendered":"https:\/\/baflesoviedo.com\/home\/?post_type=product&#038;p=367"},"modified":"2026-01-02T16:49:33","modified_gmt":"2026-01-02T16:49:33","slug":"cambridge-audio-axc35-reproductor-cd","status":"publish","type":"product","link":"https:\/\/baflesoviedo.com\/home\/product\/cambridge-audio-axc35-reproductor-cd\/","title":{"rendered":"Cambridge Audio, AXC35, Reproductor CD"},"content":{"rendered":"<p><strong>Especificaciones T\u00e9cnicas:<\/strong><\/p>\n<table style=\"height: 430px;\" width=\"723\">\n<tbody>\n<tr>\n<td width=\"312\">DISTORSI\u00d3N ARM\u00d3NICA TOTAL A 1 KHZ &#8211; 10 DBFS<\/td>\n<td width=\"287\">&lt;0,01 %<\/td>\n<\/tr>\n<tr>\n<td width=\"312\">CONVERTIDOR DE DIGITAL A ANAL\u00d3GICO<\/td>\n<td width=\"287\">Wolfson Microelectronics WM8524<\/td>\n<\/tr>\n<tr>\n<td width=\"312\">REPRODUCCI\u00d3N SIN PAUSA<\/td>\n<td width=\"287\">S\u00ed<\/td>\n<\/tr>\n<tr>\n<td width=\"312\">FILTRO<\/td>\n<td width=\"287\">Filtro Butterworth bipolar<\/td>\n<\/tr>\n<tr>\n<td width=\"312\">RESPUESTA EN FRECUENCIA (+\/-0,4 DB)<\/td>\n<td width=\"287\">20 Hz &#8211; 20 kHz<\/td>\n<\/tr>\n<tr>\n<td width=\"312\">DISTORSI\u00d3N ARM\u00d3NICA TOTAL A 1 KHZ 0 DBFS<\/td>\n<td width=\"287\">&lt;0,006 %<\/td>\n<\/tr>\n<tr>\n<td width=\"312\">RELACI\u00d3N SE\u00d1AL\/RUIDO, PONDERADA A<\/td>\n<td width=\"287\">&gt;93 dB<\/td>\n<\/tr>\n<tr>\n<td width=\"312\">DIAFON\u00cdA A 1 KHZ<\/td>\n<td width=\"287\">&lt;-98 dB<\/td>\n<\/tr>\n<tr>\n<td width=\"312\">DIAFON\u00cdA A 20 KHZ<\/td>\n<td width=\"287\">&lt;-95 dB<\/td>\n<\/tr>\n<tr>\n<td width=\"312\">IMPEDANCIA DE SALIDA<\/td>\n<td width=\"287\">&lt;50 ohmios<\/td>\n<\/tr>\n<tr>\n<td width=\"312\">CONSUMO ENERG\u00c9TICO M\u00c1XIMO<\/td>\n<td width=\"287\">15 W<\/td>\n<\/tr>\n<tr>\n<td width=\"312\">CONSUMO ENERG\u00c9TICO EN MODO DE ESPERA<\/td>\n<td width=\"287\">&lt;0,5 W<\/td>\n<\/tr>\n<tr>\n<td width=\"312\">DIMENSIONES<\/td>\n<td width=\"287\">75 x 430 x 305 mm (3,0 x 16,9 x 12,2 pulgadas)<\/td>\n<\/tr>\n<tr>\n<td width=\"312\">PESO<\/td>\n<td width=\"287\">4,3 kg (9,5 libras)<\/td>\n<\/tr>\n<tr>\n<td width=\"312\">IMPEDANCIA DE SALIDA S\/PDIF<\/td>\n<td width=\"287\">&lt;75 ohmios<\/td>\n<\/tr>\n<\/tbody>\n<\/table>\n<p><a href=\"https:\/\/www.cambridgeaudio.com\/row\/en\/products\/hi-fi\/ax\/axc35\" target=\"_blank\" rel=\"noopener noreferrer\"><span style=\"color: #0000ff;\">Click aqu\u00ed para m\u00e1s informaci\u00f3n del producto<\/span><\/a><\/p>\n","protected":false},"excerpt":{"rendered":"<p>El AXC35 es un reproductor de CD vers\u00e1til y sin pausas que cuenta con un convertidor digital-anal\u00f3gico (DAC, por sus siglas en ingl\u00e9s), que convierte la informaci\u00f3n digital almacenada en un CD en una se\u00f1al de sonido anal\u00f3gico. Adem\u00e1s de CD de audio regulares, el AXC35 reproducir\u00e1 archivos MP3 y WMA de discos CD-R, CD-RW y CD-ROM grabados en casa. Tambi\u00e9n dispone de una salida digital dedicada para que puedas grabar desde un CD a un formato digital o incluso conectar un DAC independiente cuando desees mejorar a\u00fan m\u00e1s la calidad de tu m\u00fasica.<\/p>\n","protected":false},"featured_media":4287,"template":"","meta":[],"product_cat":[19],"product_tag":[52,189,40],"_links":{"self":[{"href":"https:\/\/baflesoviedo.com\/home\/wp-json\/wp\/v2\/product\/367"}],"collection":[{"href":"https:\/\/baflesoviedo.com\/home\/wp-json\/wp\/v2\/product"}],"about":[{"href":"https:\/\/baflesoviedo.com\/home\/wp-json\/wp\/v2\/types\/product"}],"wp:featuredmedia":[{"embeddable":true,"href":"https:\/\/baflesoviedo.com\/home\/wp-json\/wp\/v2\/media\/4287"}],"wp:attachment":[{"href":"https:\/\/baflesoviedo.com\/home\/wp-json\/wp\/v2\/media?parent=367"}],"wp:term":[{"taxonomy":"product_cat","embeddable":true,"href":"https:\/\/baflesoviedo.com\/home\/wp-json\/wp\/v2\/product_cat?post=367"},{"taxonomy":"product_tag","embeddable":true,"href":"https:\/\/baflesoviedo.com\/home\/wp-json\/wp\/v2\/product_tag?post=367"}],"curies":[{"name":"wp","href":"https:\/\/api.w.org\/{rel}","templated":true}]}}