{"id":3734,"date":"2024-06-29T01:28:31","date_gmt":"2024-06-29T01:28:31","guid":{"rendered":"https:\/\/baflesoviedo.com\/home\/?post_type=product&#038;p=3734"},"modified":"2025-11-30T19:26:38","modified_gmt":"2025-11-30T19:26:38","slug":"pro-ject-t2-w-tornamesa","status":"publish","type":"product","link":"https:\/\/baflesoviedo.com\/home\/product\/pro-ject-t2-w-tornamesa\/","title":{"rendered":"Pro-Ject, T2 W, Tornamesa"},"content":{"rendered":"<p><b>Especificaciones T\u00e9cnicas:<\/b><\/p>\n<table cellspacing=\"0\" cellpadding=\"0\">\n<tbody>\n<tr>\n<td valign=\"middle\"><b>Speed:<\/b><\/td>\n<td valign=\"middle\">33,45 RPM (electronic speed change)<\/td>\n<\/tr>\n<tr>\n<td valign=\"middle\"><b>Principle:<\/b><\/td>\n<td valign=\"middle\">Belt drive<\/td>\n<\/tr>\n<tr>\n<td valign=\"middle\"><b>Speed variance:<\/b><\/td>\n<td valign=\"middle\">33: 0,6% 45: 0,5%<\/td>\n<\/tr>\n<tr>\n<td valign=\"middle\"><b>Wow &amp; Flutter:<\/b><\/td>\n<td valign=\"middle\">33: 0,19% 45: 0,17%<\/td>\n<\/tr>\n<tr>\n<td valign=\"middle\"><b>Platter:<\/b><\/td>\n<td valign=\"middle\">10mm thick, 1,7kg heavy glass platter with felt mat<\/td>\n<\/tr>\n<tr>\n<td valign=\"middle\"><b>Main bearing:<\/b><\/td>\n<td valign=\"middle\">Stainless steel\/brass<\/td>\n<\/tr>\n<tr>\n<td valign=\"middle\"><b>Signal to noise:<\/b><\/td>\n<td valign=\"middle\">67dB<\/td>\n<\/tr>\n<tr>\n<td valign=\"middle\"><b>Tonearm:<\/b><\/td>\n<td valign=\"middle\">9\u201d aluminium<\/td>\n<\/tr>\n<tr>\n<td valign=\"middle\"><b>Effective arm length:<\/b><\/td>\n<td valign=\"middle\">230 mm<\/td>\n<\/tr>\n<tr>\n<td valign=\"middle\"><b>Overhang:<\/b><\/td>\n<td valign=\"middle\">22.0 mm<\/td>\n<\/tr>\n<tr>\n<td valign=\"middle\"><b>Effective tonearm mass:<\/b><\/td>\n<td valign=\"middle\">9.5 g<\/td>\n<\/tr>\n<tr>\n<td valign=\"middle\"><b>WLAN standards:<\/b><\/td>\n<td valign=\"middle\">IEEE 802.11a\/b\/g\/n\/ac\/ax 2&#215;2 MIMO; 2.4\/5GHz<\/td>\n<\/tr>\n<tr>\n<td valign=\"middle\"><b>Included accessories:<\/b><\/td>\n<td valign=\"middle\">dustcover, feltmat, singles adapter, power supply, phono RCA cable<\/td>\n<\/tr>\n<tr>\n<td valign=\"middle\"><b>Power Supply:<\/b><\/td>\n<td valign=\"middle\">15V \/ 800 mA DC, universal power supply<\/td>\n<\/tr>\n<tr>\n<td valign=\"middle\"><b>Power consumption:<\/b><\/td>\n<td valign=\"middle\">4,5 W \/ &lt;2W in network stand-by<\/td>\n<\/tr>\n<tr>\n<td valign=\"middle\"><b>Dimensions:<\/b><\/td>\n<td valign=\"middle\">457 x 134 x 335mm (WxHxD)<\/td>\n<\/tr>\n<tr>\n<td valign=\"middle\"><b>Weight:<\/b><\/td>\n<td valign=\"middle\">5,5 kg net<\/td>\n<\/tr>\n<\/tbody>\n<\/table>\n<p><a href=\"https:\/\/www.project-audio.com\/en\/product\/t2w\/\" target=\"_blank\" rel=\"noopener noreferrer\"><span style=\"color: #0000ff;\">Click aqu\u00ed para m\u00e1s informaci\u00f3n del producto.<\/span><\/a><\/p>\n","protected":false},"excerpt":{"rendered":"<p>Tocadiscos entry-level, que le a\u00f1ade caracter\u00edsticas de calidad audi\u00f3fila a esta l\u00ednea y establece nuevos standards en su nuevo rango de precio. Este modelo de T2 permite hacer streaming de tus vinilos de forma \u00fanica: ahora es posible conectarse a transmisores HiFi, receptores A\/V de cine en casa habilitados para red, y altavoces contempor\u00e1neos de streaming. La T2 W puede transmitir en formato comprimido standard (para mayor compatibilidad) as\u00ed como en 24 bits\/48 kHz sin p\u00e9rdidas, para streamers high-end (como el Stream Box S2 Ultra de Pro-Ject). La nueva aplicaci\u00f3n \u201cPro-Ject Control\u201d ofrece una experiencia de usuario r\u00e1pida e intuitiva, y la configuraci\u00f3n de WiFi se puede realizar sin esfuerzo a trav\u00e9s de la funcionalidad BLE, simplificando el proceso de configuraci\u00f3n.<\/p>\n<p>Incluye la pastilla MM Sumiko Rainier (hecha a mano en Jap\u00f3n) y sistema Anti-Skating de resorte \u2014un nuevo mecanismo ajustable que optimiza el performance del tocadiscos. Disponible en acabados high gloss black, satin white o wood.<span class=\"Apple-converted-space\">\u00a0<\/span><\/p>\n","protected":false},"featured_media":3735,"template":"","meta":[],"product_cat":[130,37,22],"product_tag":[56,62,73],"_links":{"self":[{"href":"https:\/\/baflesoviedo.com\/home\/wp-json\/wp\/v2\/product\/3734"}],"collection":[{"href":"https:\/\/baflesoviedo.com\/home\/wp-json\/wp\/v2\/product"}],"about":[{"href":"https:\/\/baflesoviedo.com\/home\/wp-json\/wp\/v2\/types\/product"}],"wp:featuredmedia":[{"embeddable":true,"href":"https:\/\/baflesoviedo.com\/home\/wp-json\/wp\/v2\/media\/3735"}],"wp:attachment":[{"href":"https:\/\/baflesoviedo.com\/home\/wp-json\/wp\/v2\/media?parent=3734"}],"wp:term":[{"taxonomy":"product_cat","embeddable":true,"href":"https:\/\/baflesoviedo.com\/home\/wp-json\/wp\/v2\/product_cat?post=3734"},{"taxonomy":"product_tag","embeddable":true,"href":"https:\/\/baflesoviedo.com\/home\/wp-json\/wp\/v2\/product_tag?post=3734"}],"curies":[{"name":"wp","href":"https:\/\/api.w.org\/{rel}","templated":true}]}}