{"id":3869,"date":"2024-09-03T20:14:57","date_gmt":"2024-09-03T20:14:57","guid":{"rendered":"https:\/\/baflesoviedo.com\/home\/?post_type=product&#038;p=3869"},"modified":"2025-12-26T17:30:27","modified_gmt":"2025-12-26T17:30:27","slug":"ortofon-2m-black-pastilla-tornamesa","status":"publish","type":"product","link":"https:\/\/baflesoviedo.com\/home\/product\/ortofon-2m-black-pastilla-tornamesa\/","title":{"rendered":"Ortofon, 2M Black, Pastilla Tornamesa (MM)"},"content":{"rendered":"<p><b>Especificaciones T\u00e9cnicas:<\/b><\/p>\n<p>Channel balance at 1 kHz<br \/>\n<b>1 dB<br \/>\n<\/b>Output voltage at 1 kHz, 5cm\/sec<br \/>\n<b>5 mV<br \/>\n<\/b>Channel seperation at 1 kHz<br \/>\n<b>26 dB<br \/>\n<\/b>Channel seperation at 15 kHz<br \/>\n<b>15 dB<br \/>\n<\/b>Frequency response 20 Hz &#8211; 20 kHz<br \/>\n<b>2 \/ &#8211; 0 dB<br \/>\n<\/b>Tracking ability at 315Hz at recommended tracking force<br \/>\n<b>80 \u00b5m<br \/>\n<\/b>Compliance, dynamic, lateral<br \/>\n<b>22 \u00b5m\/mN<br \/>\n<\/b>Stylus type<br \/>\n<b>Nude Shibata<br \/>\n<\/b>Stylus tip radius<br \/>\n<b>r\/R 6\/50 \u00b5m<br \/>\n<\/b>Tracking force range<br \/>\n<b>1.4-1.7 g (14-17 mN)<br \/>\n<\/b>Tracking force, recommended<br \/>\n<b>1.5 g (15 mN)<br \/>\n<\/b>Tracking angle<br \/>\n<b>20\u00b0<br \/>\n<\/b>Internal impedance, DC resistance<br \/>\n<b>1.2 kOhm<br \/>\n<\/b>Cartridge colour<br \/>\n<b>Black\/Black<br \/>\n<\/b>Cartridge weight<br \/>\n<b>7.2 g<br \/>\n<\/b>Premounted cartridge weight<br \/>\n<b>16.7 g<br \/>\n<\/b>Recommended load resistance<br \/>\n<b>47 kOhm<br \/>\n<\/b>Internal inductance<br \/>\n<b>630 mH<br \/>\n<\/b>Recommended load capacitance<br \/>\n<b>150-300 pF<\/b><\/p>\n<p><a href=\"https:\/\/ortofon.com\/products\/2m-black\" target=\"_blank\" rel=\"noopener noreferrer\"><span style=\"color: #0000ff;\">Click aqu\u00ed para m\u00e1s informaci\u00f3n del producto.<\/span><\/a><\/p>\n","protected":false},"excerpt":{"rendered":"<p>La 2M Black es el modelo cl\u00e1sico de esta serie de pastillas Ortofon. Est\u00e1 dise\u00f1ada para resaltar cada detalle de la grabaci\u00f3n, con la idea de sentir la presencia del artista en la misma sala. Utiliza un diamante Shibata, con un perfil altamente pulido para mayor contacto con los surcos del vinilo y mejor rendimiento del espectro musical (incluyendo las frecuencias m\u00e1s altas).<\/p>\n","protected":false},"featured_media":3870,"template":"","meta":[],"product_cat":[37],"product_tag":[40,169,202,62],"_links":{"self":[{"href":"https:\/\/baflesoviedo.com\/home\/wp-json\/wp\/v2\/product\/3869"}],"collection":[{"href":"https:\/\/baflesoviedo.com\/home\/wp-json\/wp\/v2\/product"}],"about":[{"href":"https:\/\/baflesoviedo.com\/home\/wp-json\/wp\/v2\/types\/product"}],"wp:featuredmedia":[{"embeddable":true,"href":"https:\/\/baflesoviedo.com\/home\/wp-json\/wp\/v2\/media\/3870"}],"wp:attachment":[{"href":"https:\/\/baflesoviedo.com\/home\/wp-json\/wp\/v2\/media?parent=3869"}],"wp:term":[{"taxonomy":"product_cat","embeddable":true,"href":"https:\/\/baflesoviedo.com\/home\/wp-json\/wp\/v2\/product_cat?post=3869"},{"taxonomy":"product_tag","embeddable":true,"href":"https:\/\/baflesoviedo.com\/home\/wp-json\/wp\/v2\/product_tag?post=3869"}],"curies":[{"name":"wp","href":"https:\/\/api.w.org\/{rel}","templated":true}]}}