{"id":3873,"date":"2024-09-03T22:24:54","date_gmt":"2024-09-03T22:24:54","guid":{"rendered":"https:\/\/baflesoviedo.com\/home\/?post_type=product&#038;p=3873"},"modified":"2025-11-22T22:01:36","modified_gmt":"2025-11-22T22:01:36","slug":"ortofon-2m-mono-pastilla-tornamesa","status":"publish","type":"product","link":"https:\/\/baflesoviedo.com\/home\/product\/ortofon-2m-mono-pastilla-tornamesa\/","title":{"rendered":"Ortofon, 2M Mono, Pastilla Tornamesa (MM)"},"content":{"rendered":"<p><b>Especificaciones T\u00e9cnicas:<\/b><\/p>\n<p>Output voltage at 1 kHz, 5cm\/sec<br \/>\n<b>4 mV<br \/>\n<\/b>Frequency response 20 Hz &#8211; 20 kHz<br \/>\n<b>3 \/ &#8211; 1 dB<br \/>\n<\/b>Tracking ability at 315Hz at recommended tracking force<br \/>\n<b>70 \u00b5m<br \/>\n<\/b>Compliance, dynamic, lateral<br \/>\n<b>18 \u00b5m\/mN<br \/>\n<\/b>Stylus type<br \/>\n<b>Nude Spherical<br \/>\n<\/b>Stylus tip radius<br \/>\n<b>R18 \u00b5m<br \/>\n<\/b>Tracking force range<br \/>\n<b>1.6-2.0 g (16-20 mN)<br \/>\n<\/b>Tracking force, recommended<br \/>\n<b>1.8 g (18 mN)<br \/>\n<\/b>Tracking angle<br \/>\n<b>20\u00b0<br \/>\n<\/b>Internal impedance, DC resistance<br \/>\n<b>700 Ohm<br \/>\n<\/b>Cartridge colour<br \/>\n<b>Black\/White<br \/>\n<\/b>Cartridge weight<br \/>\n<b>7.2 g<br \/>\n<\/b>Premounted cartridge weight<br \/>\n<b>16.7 g<br \/>\n<\/b>Recommended load resistance<br \/>\n<b>47 kOhm<br \/>\n<\/b>Internal inductance<br \/>\n<b>350 mH<br \/>\n<\/b>Recommended load capacitance<br \/>\n<b>150-300 pF<\/b><\/p>\n<p><a href=\"https:\/\/ortofon.com\/products\/2m-mono\" target=\"_blank\" rel=\"noopener noreferrer\"><span style=\"color: #0000ff;\">Click aqu\u00ed para m\u00e1s informaci\u00f3n del producto.<\/span><\/a><\/p>\n","protected":false},"excerpt":{"rendered":"<p>Esta pastilla est\u00e1 pensada para reproducir vinilos en mono, dise\u00f1ada para brindar un sonido inmersivo y darle vida a estas grabaciones. Utiliza un diamante Nude Spherical, \u00f3ptimo para reproducir audio en mono y obtener la mejor calidad de playback. Su sistema elimina la necesidad de equipo mono especializado, para as\u00ed disfrutar la verdadera experiencia mono en cualquier sistema stereo.<\/p>\n","protected":false},"featured_media":3874,"template":"","meta":[],"product_cat":[37],"product_tag":[40,169,202,62],"_links":{"self":[{"href":"https:\/\/baflesoviedo.com\/home\/wp-json\/wp\/v2\/product\/3873"}],"collection":[{"href":"https:\/\/baflesoviedo.com\/home\/wp-json\/wp\/v2\/product"}],"about":[{"href":"https:\/\/baflesoviedo.com\/home\/wp-json\/wp\/v2\/types\/product"}],"wp:featuredmedia":[{"embeddable":true,"href":"https:\/\/baflesoviedo.com\/home\/wp-json\/wp\/v2\/media\/3874"}],"wp:attachment":[{"href":"https:\/\/baflesoviedo.com\/home\/wp-json\/wp\/v2\/media?parent=3873"}],"wp:term":[{"taxonomy":"product_cat","embeddable":true,"href":"https:\/\/baflesoviedo.com\/home\/wp-json\/wp\/v2\/product_cat?post=3873"},{"taxonomy":"product_tag","embeddable":true,"href":"https:\/\/baflesoviedo.com\/home\/wp-json\/wp\/v2\/product_tag?post=3873"}],"curies":[{"name":"wp","href":"https:\/\/api.w.org\/{rel}","templated":true}]}}