{"id":3900,"date":"2024-09-04T18:01:42","date_gmt":"2024-09-04T18:01:42","guid":{"rendered":"https:\/\/baflesoviedo.com\/home\/?post_type=product&#038;p=3900"},"modified":"2025-12-26T17:27:25","modified_gmt":"2025-12-26T17:27:25","slug":"ortofon-concorde-music-blue-pastilla-tornamesa","status":"publish","type":"product","link":"https:\/\/baflesoviedo.com\/home\/product\/ortofon-concorde-music-blue-pastilla-tornamesa\/","title":{"rendered":"Ortofon, Concorde Music Blue, Pastilla Tornamesa (MM)"},"content":{"rendered":"<p><b>Especificaciones T\u00e9cnicas:<\/b><\/p>\n<p>Channel balance at 1 kHz<br \/>\n<b>1.5 dB<br \/>\n<\/b>Output voltage at 1 kHz, 5cm\/sec<br \/>\n<b>6mV<br \/>\n<\/b>Channel seperation at 1 kHz<br \/>\n<b>25 dB<br \/>\n<\/b>Channel seperation at 15 kHz<br \/>\n<b>15 dB<br \/>\n<\/b>Frequency response 20 Hz &#8211; 20 kHz<br \/>\n<b>+2 \/ -1 dB<br \/>\n<\/b>Tracking ability at 315Hz at recommended tracking force<br \/>\n<b>80 \u00b5m<br \/>\n<\/b>Compliance, dynamic, lateral<br \/>\n<b>15 \u00b5m\/mN<br \/>\n<\/b>Stylus type<br \/>\n<b>Nude Elliptical diamond on Aluminium cantilever<br \/>\n<\/b>Stylus tip radius<br \/>\n<b>r\/R 8\/18 \u00b5m<br \/>\n<\/b>Tracking force, recommended<br \/>\n<b>1.8 g<br \/>\n<\/b>Tracking angle<br \/>\n<b>20\u00b0<br \/>\n<\/b>Cartridge colour<br \/>\n<b>Black\/Blue<br \/>\n<\/b>Cartridge weight<br \/>\n<b>18 g<br \/>\n<\/b>Recommended load resistance<br \/>\n<b>47 k\u03a9<br \/>\n<\/b>Recommended load capacitance<br \/>\n<b>150-300 pF<\/b><\/p>\n<p><a href=\"https:\/\/ortofon.com\/products\/concorde-music-blue#overview\" target=\"_blank\" rel=\"noopener noreferrer\"><span style=\"color: #0000ff;\">Click aqu\u00ed para m\u00e1s informaci\u00f3n del producto.<\/span><\/a><\/p>\n","protected":false},"excerpt":{"rendered":"<p>La Concorde Music Blue revela una nueva claridad de sonido gracias a su estilo de aguja Nude Elliptical en voladiza (cantilever) de aluminio \u2014un paso m\u00e1s arriba de la Concorde Music Red. Esta clase de diamante pesa menos que su alternativa de punta, y adem\u00e1s brinda mejor respuesta, m\u00e1s detalle y reduce la distorsi\u00f3n. Permite cambio de aguja a lo largo de toda la serie, a manera de upgrade. Cuenta con una suspensi\u00f3n de hule exclusiva y la tecnolog\u00eda quad-coil de Ortofon, que resulta en un balance y separaci\u00f3n de canales excepcional para un sonido preciso y din\u00e1mico. Con su salida de 6 mV, ofrece un sonido realista con claridad y fidelidad alta, capturando cada detalle.<\/p>\n<p>La serie Concorde Music fue dise\u00f1ada por amantes de la m\u00fasica, para amantes de la m\u00fasica. Es una combinaci\u00f3n entre desempe\u00f1o premium y dise\u00f1o ic\u00f3nico, reconociendo el profundo impacto de la m\u00fasica en nuestras vidas y haciendo de cada sesi\u00f3n musical un viaje cautivador.<span class=\"Apple-converted-space\">\u00a0 <\/span>Instalar las pastillas Concorde Music es directo y f\u00e1cil, y no se requiere de herramientas extra para hacerlo lo m\u00e1s conveniente posible.<\/p>\n","protected":false},"featured_media":3901,"template":"","meta":[],"product_cat":[37],"product_tag":[40,169,202,62],"_links":{"self":[{"href":"https:\/\/baflesoviedo.com\/home\/wp-json\/wp\/v2\/product\/3900"}],"collection":[{"href":"https:\/\/baflesoviedo.com\/home\/wp-json\/wp\/v2\/product"}],"about":[{"href":"https:\/\/baflesoviedo.com\/home\/wp-json\/wp\/v2\/types\/product"}],"wp:featuredmedia":[{"embeddable":true,"href":"https:\/\/baflesoviedo.com\/home\/wp-json\/wp\/v2\/media\/3901"}],"wp:attachment":[{"href":"https:\/\/baflesoviedo.com\/home\/wp-json\/wp\/v2\/media?parent=3900"}],"wp:term":[{"taxonomy":"product_cat","embeddable":true,"href":"https:\/\/baflesoviedo.com\/home\/wp-json\/wp\/v2\/product_cat?post=3900"},{"taxonomy":"product_tag","embeddable":true,"href":"https:\/\/baflesoviedo.com\/home\/wp-json\/wp\/v2\/product_tag?post=3900"}],"curies":[{"name":"wp","href":"https:\/\/api.w.org\/{rel}","templated":true}]}}