{"id":3916,"date":"2024-09-04T18:18:05","date_gmt":"2024-09-04T18:18:05","guid":{"rendered":"https:\/\/baflesoviedo.com\/home\/?post_type=product&#038;p=3916"},"modified":"2025-07-27T20:28:39","modified_gmt":"2025-07-27T20:28:39","slug":"ortofon-concorde-elite-pastilla-tornamesa","status":"publish","type":"product","link":"https:\/\/baflesoviedo.com\/home\/product\/ortofon-concorde-elite-pastilla-tornamesa\/","title":{"rendered":"Ortofon, Concorde Elite, Pastilla Tornamesa (MM)"},"content":{"rendered":"<p><b>Especificaciones T\u00e9cnicas:<\/b><\/p>\n<p>Channel balance at 1 kHz<br \/>\n<b>1 dB<br \/>\n<\/b>Output voltage at 1 kHz, 5cm\/sec<br \/>\n<b>\u00a08,5 mV<br \/>\n<\/b>Channel seperation at 1 kHz<br \/>\n<b>\u00a025 dB<br \/>\n<\/b>Channel seperation at 15 kHz<br \/>\n<b>15 dB<br \/>\n<\/b>Tracking ability at 315Hz at recommended tracking force<br \/>\n<b>100 \u03bcm<br \/>\n<\/b>Compliance, dynamic, lateral<br \/>\n<b>13 \u03bcm\/mN<br \/>\n<\/b>Stylus tip radius<br \/>\n<b>r\/R 8\/18 \u03bcm<br \/>\n<\/b>Tracking force range<br \/>\n<b>2.0-4.0 g<br \/>\n<\/b>Tracking force, recommended<br \/>\n<b>3.0 g<br \/>\n<\/b>Tracking angle<br \/>\n<b>\u00a020\u00b0<br \/>\n<\/b>Internal impedance, DC resistance<br \/>\n<b>\u00a01.2 kOhm<br \/>\n<\/b>Recommended load impedance<br \/>\n<b>150-400 pF<br \/>\n<\/b>Cartridge colour<br \/>\n<b>Black\/Gold<br \/>\n<\/b>Cartridge weight<br \/>\n<b>18.5 g<br \/>\n<\/b>Recommended load resistance<br \/>\n<b>47 kOhm<br \/>\n<\/b>Internal inductance<br \/>\n<b>800 mH<\/b><\/p>\n<p><a href=\"https:\/\/ortofon.com\/products\/concorde-elite\" target=\"_blank\" rel=\"noopener noreferrer\"><span style=\"color: #0000ff;\">Click aqu\u00ed para m\u00e1s informaci\u00f3n del producto.<\/span><\/a><\/p>\n","protected":false},"excerpt":{"rendered":"<p>La Concorde MkII Elite es una pastilla premium de Ortofon, basada en el legado de la serie Ortofon Concorde MkII. Sus mejoras resultan en un nuevo nivel de calidad de sonido, nunca antes escuchado en la categor\u00eda de pastillas DJ. Utiliza un diamante Nude Elliptical montado en una voladiza (cantilever) r\u00edgida de aluminio, el cual da un sonido poderoso y detallado. El empleo de este diamante garantiza una calidad de sonido mejorada y detallada, adem\u00e1s de ser m\u00e1s precisa y capaz de reproducir las frecuencias m\u00e1s altas. Vale recalcar que la aguja Nude Elliptical es para sesiones de escucha, no para scratching pesado. La voladiza de aluminio-magnesio fue dise\u00f1ada exclusivamente para este modelo, y se asegura de que la captaci\u00f3n de vibraciones del disco sea estable y precisa \u2014una perfecta interfaz entre la aguja y la armadura.<\/p>\n<p>Su Coil System, adem\u00e1s, garantiza que esta pastilla ofrezca un sonido poderoso, con cuerpo y adem\u00e1s un output alto. Su construcci\u00f3n incluye oro laminado para un estilo m\u00e1s lujoso, y su sistema de suspensi\u00f3n de hule asegura mejor tracking en los discos y amortiguaci\u00f3n del brillo excesivo en el sonido \u2014tecnolog\u00eda desarrollada especialmente para este modelo.<span class=\"Apple-converted-space\">\u00a0<\/span><\/p>\n","protected":false},"featured_media":3917,"template":"","meta":[],"product_cat":[37],"product_tag":[40,169,202,62],"_links":{"self":[{"href":"https:\/\/baflesoviedo.com\/home\/wp-json\/wp\/v2\/product\/3916"}],"collection":[{"href":"https:\/\/baflesoviedo.com\/home\/wp-json\/wp\/v2\/product"}],"about":[{"href":"https:\/\/baflesoviedo.com\/home\/wp-json\/wp\/v2\/types\/product"}],"wp:featuredmedia":[{"embeddable":true,"href":"https:\/\/baflesoviedo.com\/home\/wp-json\/wp\/v2\/media\/3917"}],"wp:attachment":[{"href":"https:\/\/baflesoviedo.com\/home\/wp-json\/wp\/v2\/media?parent=3916"}],"wp:term":[{"taxonomy":"product_cat","embeddable":true,"href":"https:\/\/baflesoviedo.com\/home\/wp-json\/wp\/v2\/product_cat?post=3916"},{"taxonomy":"product_tag","embeddable":true,"href":"https:\/\/baflesoviedo.com\/home\/wp-json\/wp\/v2\/product_tag?post=3916"}],"curies":[{"name":"wp","href":"https:\/\/api.w.org\/{rel}","templated":true}]}}