{"id":3920,"date":"2024-09-04T18:31:19","date_gmt":"2024-09-04T18:31:19","guid":{"rendered":"https:\/\/baflesoviedo.com\/home\/?post_type=product&#038;p=3920"},"modified":"2025-07-27T20:28:52","modified_gmt":"2025-07-27T20:28:52","slug":"ortofon-mc-cadenza-black-pastilla-tornamesa","status":"publish","type":"product","link":"https:\/\/baflesoviedo.com\/home\/product\/ortofon-mc-cadenza-black-pastilla-tornamesa\/","title":{"rendered":"Ortofon, MC Cadenza Black, Pastilla Tornamesa (MC)"},"content":{"rendered":"<p><b>Especificaciones T\u00e9cnicas:<\/b><\/p>\n<p>Channel balance at 1 kHz<br \/>\n<b>&lt; 0,8 dB<br \/>\n<\/b>Output voltage at 1 kHz, 5cm\/sec<br \/>\n<b>330 \u03bcV<br \/>\n<\/b>Channel seperation at 1 kHz<br \/>\n<b>&gt; 27 dB<br \/>\n<\/b>Channel seperation at 15 kHz<br \/>\n<b>&gt; 20 dB<br \/>\n<\/b>Frequency response 20 Hz &#8211; 20 kHz<br \/>\n<b>+1,5\/0<br \/>\n<\/b>Tracking ability at 315Hz at recommended tracking force<br \/>\n<b>90 \u03bcm<br \/>\n<\/b>Compliance, dynamic, lateral<br \/>\n<b>16 \u03bcm\/mN<br \/>\n<\/b>Stylus type<br \/>\n<b>Nude Shibata on Boron cantilever<br \/>\n<\/b>Stylus tip radius<br \/>\n<b>r\/R 6\/50<br \/>\n<\/b>Tracking force range<br \/>\n<b>2,0-2,5 g<br \/>\n<\/b>Tracking force, recommended<br \/>\n<b>2.3 g<br \/>\n<\/b>Tracking angle<br \/>\n<b>20\u00b0<br \/>\n<\/b>Internal impedance, DC resistance<br \/>\n<b>5 Ohm<br \/>\n<\/b>Recommended load impedance<br \/>\n<b>&gt;10 Ohm<br \/>\n<\/b>Cartridge body material<br \/>\n<b>Stainless steel Aluminium<br \/>\n<\/b>Cartridge colour<br \/>\n<b>Black\/Black<br \/>\n<\/b>Cartridge weight<br \/>\n<b>10.7 g<\/b><\/p>\n<p><a href=\"https:\/\/ortofon.com\/products\/mc-cadenza-black\" target=\"_blank\" rel=\"noopener noreferrer\"><span style=\"color: #0000ff;\">Click aqu\u00ed para m\u00e1s informaci\u00f3n del producto.<\/span><\/a><\/p>\n","protected":false},"excerpt":{"rendered":"<p>La Cadenza Black ofrece lo mejor en todo: es fiel a los surcos del disco y ofrece un vistazo preciso a cada grabaci\u00f3n. Utiliza una aguja Nude Shibata con voladiza (cantilever) de boro, en un sistema r\u00edgido y m\u00e1s liviano que el aluminio. Su sistema de amortiguaci\u00f3n controla las frecuencias altas y bajas por separado, y es la misma tecnolog\u00eda utilizada en otros modelos de alta gama de Ortofon. Esta pastilla tiene un alto desempe\u00f1o en \u00e1reas como el detalle, consistencia y sound staging.<span class=\"Apple-converted-space\">\u00a0<\/span><\/p>\n<p>La serie Cadenza ofrece un blend de tradici\u00f3n e innovaci\u00f3n, para enriquecer la experiencia musical. Fue dise\u00f1ada para captar cada nota y emoci\u00f3n de la grabaci\u00f3n, resultando en una sinfon\u00eda \u00fanica tanto para audi\u00f3filos como amantes de la m\u00fasica. Cada modelo tiene su propia expresi\u00f3n s\u00f3nica individual, representando un ensamble de 5 variaciones cl\u00e1sicas.<span class=\"Apple-converted-space\">\u00a0<\/span><\/p>\n","protected":false},"featured_media":3921,"template":"","meta":[],"product_cat":[37],"product_tag":[185,169,202,62],"_links":{"self":[{"href":"https:\/\/baflesoviedo.com\/home\/wp-json\/wp\/v2\/product\/3920"}],"collection":[{"href":"https:\/\/baflesoviedo.com\/home\/wp-json\/wp\/v2\/product"}],"about":[{"href":"https:\/\/baflesoviedo.com\/home\/wp-json\/wp\/v2\/types\/product"}],"wp:featuredmedia":[{"embeddable":true,"href":"https:\/\/baflesoviedo.com\/home\/wp-json\/wp\/v2\/media\/3921"}],"wp:attachment":[{"href":"https:\/\/baflesoviedo.com\/home\/wp-json\/wp\/v2\/media?parent=3920"}],"wp:term":[{"taxonomy":"product_cat","embeddable":true,"href":"https:\/\/baflesoviedo.com\/home\/wp-json\/wp\/v2\/product_cat?post=3920"},{"taxonomy":"product_tag","embeddable":true,"href":"https:\/\/baflesoviedo.com\/home\/wp-json\/wp\/v2\/product_tag?post=3920"}],"curies":[{"name":"wp","href":"https:\/\/api.w.org\/{rel}","templated":true}]}}