{"id":3926,"date":"2024-09-04T18:38:12","date_gmt":"2024-09-04T18:38:12","guid":{"rendered":"https:\/\/baflesoviedo.com\/home\/?post_type=product&#038;p=3926"},"modified":"2025-07-27T20:21:04","modified_gmt":"2025-07-27T20:21:04","slug":"ortofon-mc-cadenza-blue-pastilla-tornamesa","status":"publish","type":"product","link":"https:\/\/baflesoviedo.com\/home\/product\/ortofon-mc-cadenza-blue-pastilla-tornamesa\/","title":{"rendered":"Ortofon, MC Cadenza Blue, Pastilla Tornamesa (MC)"},"content":{"rendered":"<p><b>Especificaciones T\u00e9cnicas:<\/b><\/p>\n<p>Channel balance at 1 kHz<br \/>\n<b>&lt; 1,2 dB<br \/>\n<\/b>Output voltage at 1 kHz, 5cm\/sec<br \/>\n<b>500 \u03bcV<br \/>\n<\/b>Channel seperation at 1 kHz<br \/>\n<b>&gt; 23 dB<br \/>\n<\/b>Channel seperation at 15 kHz<br \/>\n<b>&gt; 15 dB<br \/>\n<\/b>Frequency response 20 Hz &#8211; 20 kHz<br \/>\n<b>+2\/-1 dB<br \/>\n<\/b>Tracking ability at 315Hz at recommended tracking force<br \/>\n<b>80 \u03bcm<br \/>\n<\/b>Compliance, dynamic, lateral<br \/>\n<b>12 \u03bcm\/mN<br \/>\n<\/b>Stylus type<br \/>\n<b>Nude FG 70 on Ruby cantilever<br \/>\n<\/b>Stylus tip radius<br \/>\n<b>r\/R 6\/70<br \/>\n<\/b>Tracking force range<br \/>\n<b>2,2-2,7 g<br \/>\n<\/b>Tracking force, recommended<br \/>\n<b>2,5 g<br \/>\n<\/b>Tracking angle<br \/>\n<b>20\u00b0<br \/>\n<\/b>Internal impedance, DC resistance<br \/>\n<b>5 Ohm<br \/>\n<\/b>Recommended load impedance<br \/>\n<b>50-200 Ohm<br \/>\n<\/b>Cartridge body material<br \/>\n<b>Stainless steel Aluminium<br \/>\n<\/b>Cartridge colour<br \/>\n<b>Blue\/Black<br \/>\n<\/b>Cartridge weight<br \/>\n<b>10.7 g<\/b><\/p>\n<p><a href=\"https:\/\/ortofon.com\/products\/mc-cadenza-blue\" target=\"_blank\" rel=\"noopener noreferrer\"><span style=\"color: #0000ff;\">Click aqu\u00ed para m\u00e1s informaci\u00f3n del producto.<\/span><\/a><\/p>\n","protected":false},"excerpt":{"rendered":"<p>La Cadenza Blue agrega m\u00e1s dinamismo y resoluci\u00f3n, suena m\u00e1s abierta y reproduce m\u00e1s detalle. Esta pastilla se mantiene fiel a la m\u00fasica y tiene una claridad tremenda, equipada con la aguja Nude FG 70 y voladiza (cantilever) de rub\u00ed. El sistema de arrollado de la bobina ofrece un mejor balance de canales, y en su sonido se evidencia m\u00e1s micro dinamismo y ambiente \u2014especialmente al escuchar composiciones complejas. Llega a un muy alto grado de definici\u00f3n, aspecto que se hace muy presente.<span class=\"Apple-converted-space\">\u00a0<\/span><\/p>\n<p>La serie Cadenza ofrece un blend de tradici\u00f3n e innovaci\u00f3n, para enriquecer la experiencia musical. Fue dise\u00f1ada para captar cada nota y emoci\u00f3n de la grabaci\u00f3n, resultando en una sinfon\u00eda \u00fanica tanto para audi\u00f3filos como amantes de la m\u00fasica. Cada modelo tiene su propia expresi\u00f3n s\u00f3nica individual, representando un ensamble de 5 variaciones cl\u00e1sicas.<span class=\"Apple-converted-space\">\u00a0<\/span><\/p>\n","protected":false},"featured_media":3927,"template":"","meta":[],"product_cat":[37],"product_tag":[185,169,202,62],"_links":{"self":[{"href":"https:\/\/baflesoviedo.com\/home\/wp-json\/wp\/v2\/product\/3926"}],"collection":[{"href":"https:\/\/baflesoviedo.com\/home\/wp-json\/wp\/v2\/product"}],"about":[{"href":"https:\/\/baflesoviedo.com\/home\/wp-json\/wp\/v2\/types\/product"}],"wp:featuredmedia":[{"embeddable":true,"href":"https:\/\/baflesoviedo.com\/home\/wp-json\/wp\/v2\/media\/3927"}],"wp:attachment":[{"href":"https:\/\/baflesoviedo.com\/home\/wp-json\/wp\/v2\/media?parent=3926"}],"wp:term":[{"taxonomy":"product_cat","embeddable":true,"href":"https:\/\/baflesoviedo.com\/home\/wp-json\/wp\/v2\/product_cat?post=3926"},{"taxonomy":"product_tag","embeddable":true,"href":"https:\/\/baflesoviedo.com\/home\/wp-json\/wp\/v2\/product_tag?post=3926"}],"curies":[{"name":"wp","href":"https:\/\/api.w.org\/{rel}","templated":true}]}}