{"id":3930,"date":"2024-09-04T23:01:39","date_gmt":"2024-09-04T23:01:39","guid":{"rendered":"https:\/\/baflesoviedo.com\/home\/?post_type=product&#038;p=3930"},"modified":"2025-07-27T20:21:13","modified_gmt":"2025-07-27T20:21:13","slug":"ortofon-mc-cadenza-red-pastilla-tornamesa","status":"publish","type":"product","link":"https:\/\/baflesoviedo.com\/home\/product\/ortofon-mc-cadenza-red-pastilla-tornamesa\/","title":{"rendered":"Ortofon, MC Cadenza Red, Pastilla Tornamesa (MC)"},"content":{"rendered":"<p><b>Especificaciones T\u00e9cnicas:<\/b><\/p>\n<p>Channel balance at 1 kHz<br \/>\n<b>&lt; 1,5 dB<br \/>\n<\/b>Output voltage at 1 kHz, 5cm\/sec<br \/>\n<b>450 \u03bcV<br \/>\n<\/b>Channel seperation at 1 kHz<br \/>\n<b>&gt; 23 dB<br \/>\n<\/b>Channel seperation at 15 kHz<br \/>\n<b>&gt; 15 dB<br \/>\n<\/b>Frequency response 20 Hz &#8211; 20 kHz<br \/>\n<b>+3\/-1 dB<br \/>\n<\/b>Tracking ability at 315Hz at recommended tracking force<br \/>\n<b>80 \u03bcm<br \/>\n<\/b>Compliance, dynamic, lateral<br \/>\n<b>12 \u03bcm\/mN<br \/>\n<\/b>Stylus type<br \/>\n<b>Nude fine line on Al. cantilever<br \/>\n<\/b>Stylus tip radius<br \/>\n<b>r\/R 8\/40<br \/>\n<\/b>Tracking force range<br \/>\n<b>2,2-2,7 g<br \/>\n<\/b>Tracking force, recommended<br \/>\n<b>2,5 g<br \/>\n<\/b>Tracking angle<br \/>\n<b>20\u00b0<br \/>\n<\/b>Internal impedance, DC resistance<br \/>\n<b>5 Ohm<br \/>\n<\/b>Recommended load impedance<br \/>\n<b>50-500 Ohm<br \/>\n<\/b>Cartridge body material<br \/>\n<b>Stainless steel Aluminium<br \/>\n<\/b>Cartridge colour<br \/>\n<b>Red\/Black<br \/>\n<\/b>Cartridge weight<br \/>\n<b>10.7 g<\/b><\/p>\n<p><a href=\"https\u2026\" target=\"_blank\" rel=\"noopener noreferrer\"><span style=\"color: #0000ff;\">Click aqu\u00ed para m\u00e1s informaci\u00f3n del producto.<\/span><\/a><\/p>\n","protected":false},"excerpt":{"rendered":"<p>La Cadenza Red brinda un sonido abierto y din\u00e1mico \u2014con un toque de calidez. Tiene un sonido relajado, homog\u00e9neo y con dinamismo moderado, adem\u00e1s de un sentimiento espacioso y profundo en la imagen stereo. Utiliza una aguja Nude Fine Line con voladiza (cantilever) cil\u00edndrica de aluminio. El sistema de arrollado de la bobina ofrece un mejor balance de canales.<\/p>\n<p>La serie Cadenza ofrece un blend de tradici\u00f3n e innovaci\u00f3n, para enriquecer la experiencia musical. Fue dise\u00f1ada para captar cada nota y emoci\u00f3n de la grabaci\u00f3n, resultando en una sinfon\u00eda \u00fanica tanto para audi\u00f3filos como amantes de la m\u00fasica. Cada modelo tiene su propia expresi\u00f3n s\u00f3nica individual, representando un ensamble de 5 variaciones cl\u00e1sicas.<span class=\"Apple-converted-space\">\u00a0<\/span><\/p>\n","protected":false},"featured_media":3931,"template":"","meta":[],"product_cat":[37],"product_tag":[185,169,202,62],"_links":{"self":[{"href":"https:\/\/baflesoviedo.com\/home\/wp-json\/wp\/v2\/product\/3930"}],"collection":[{"href":"https:\/\/baflesoviedo.com\/home\/wp-json\/wp\/v2\/product"}],"about":[{"href":"https:\/\/baflesoviedo.com\/home\/wp-json\/wp\/v2\/types\/product"}],"wp:featuredmedia":[{"embeddable":true,"href":"https:\/\/baflesoviedo.com\/home\/wp-json\/wp\/v2\/media\/3931"}],"wp:attachment":[{"href":"https:\/\/baflesoviedo.com\/home\/wp-json\/wp\/v2\/media?parent=3930"}],"wp:term":[{"taxonomy":"product_cat","embeddable":true,"href":"https:\/\/baflesoviedo.com\/home\/wp-json\/wp\/v2\/product_cat?post=3930"},{"taxonomy":"product_tag","embeddable":true,"href":"https:\/\/baflesoviedo.com\/home\/wp-json\/wp\/v2\/product_tag?post=3930"}],"curies":[{"name":"wp","href":"https:\/\/api.w.org\/{rel}","templated":true}]}}