{"id":3937,"date":"2024-09-04T23:19:38","date_gmt":"2024-09-04T23:19:38","guid":{"rendered":"https:\/\/baflesoviedo.com\/home\/?post_type=product&#038;p=3937"},"modified":"2025-07-27T20:21:34","modified_gmt":"2025-07-27T20:21:34","slug":"ortofon-mc-quintet-black-s-pastilla-tornamesa","status":"publish","type":"product","link":"https:\/\/baflesoviedo.com\/home\/product\/ortofon-mc-quintet-black-s-pastilla-tornamesa\/","title":{"rendered":"Ortofon, MC Quintet Black S, Pastilla Tornamesa (MC)"},"content":{"rendered":"<p><b>Especificaciones T\u00e9cnicas:<\/b><\/p>\n<p>Channel balance at 1 kHz<br \/>\n<b>&lt; 1.0 dB<br \/>\n<\/b>Output voltage at 1 kHz, 5cm\/sec<br \/>\n<b>0.3 mV<br \/>\n<\/b>Channel seperation at 1 kHz<br \/>\n<b>&gt; 23 dB<br \/>\n<\/b>Channel seperation at 15 kHz<br \/>\n<b>&gt; 15 dB<br \/>\n<\/b>Frequency response 20 Hz &#8211; 20 kHz<br \/>\n<b>+\/- 1.5 dB<br \/>\n<\/b>Tracking ability at 315Hz at recommended tracking force<br \/>\n<b>80 \u03bcm<br \/>\n<\/b>Compliance, dynamic, lateral<br \/>\n<b>15 \u00b5m\/mN<br \/>\n<\/b>Stylus type<br \/>\n<b>Nude Shibata on Sapphire cantilever<br \/>\n<\/b>Stylus tip radius<br \/>\n<b>r\/R 6\/50 \u00b5m<br \/>\n<\/b>Tracking force range<br \/>\n<b>2.1-2.5 g<br \/>\n<\/b>Tracking force, recommended<br \/>\n<b>2.3 g<br \/>\n<\/b>Tracking angle<br \/>\n<b>20\u00b0<br \/>\n<\/b>Internal impedance, DC resistance<br \/>\n<b>5 Ohm<br \/>\n<\/b>Recommended load impedance<br \/>\n<b>&gt; 20 Ohm<br \/>\n<\/b>Coil wire material<br \/>\n<b>Aucurum<br \/>\n<\/b>Cartridge body material<br \/>\n<b>PC<br \/>\n<\/b>Cartridge colour<br \/>\n<b>Black<br \/>\n<\/b>Cartridge weight<br \/>\n<b>9 g<\/b><\/p>\n<p><a href=\"https:\/\/ortofon.com\/products\/mc-quintet-black-s\" target=\"_blank\" rel=\"noopener noreferrer\"><span style=\"color: #0000ff;\">Click aqu\u00ed para m\u00e1s informaci\u00f3n del producto.<\/span><\/a><\/p>\n","protected":false},"excerpt":{"rendered":"<p>La Quintet Black S combina todas las mejoras de esta l\u00ednea de Ortofon. Viene equipada con un diamante Nude Shibata, considerado uno de los mejores perfiles de aguja existentes, montado en voladiza (cantilever) Sapphire. Esto asegura una reproducci\u00f3n de sonido detallada y pura a lo largo del espectro, incluyendo hasta las frecuencias m\u00e1s altas.<\/p>\n<p>Justo como lo har\u00eda un quinteto musical, la l\u00ednea MC Quintet de Ortofon teje un sonido harmonioso al fusionar tecnolog\u00eda de punta con el arte de la reproducci\u00f3n musical. Nacida del deseo de resonar con audi\u00f3filos a un nivel profundo, esta colecci\u00f3n engloba la esencia de la colaboraci\u00f3n musical y la unidad.<\/p>\n","protected":false},"featured_media":3938,"template":"","meta":[],"product_cat":[37],"product_tag":[40,185,169,202,62],"_links":{"self":[{"href":"https:\/\/baflesoviedo.com\/home\/wp-json\/wp\/v2\/product\/3937"}],"collection":[{"href":"https:\/\/baflesoviedo.com\/home\/wp-json\/wp\/v2\/product"}],"about":[{"href":"https:\/\/baflesoviedo.com\/home\/wp-json\/wp\/v2\/types\/product"}],"wp:featuredmedia":[{"embeddable":true,"href":"https:\/\/baflesoviedo.com\/home\/wp-json\/wp\/v2\/media\/3938"}],"wp:attachment":[{"href":"https:\/\/baflesoviedo.com\/home\/wp-json\/wp\/v2\/media?parent=3937"}],"wp:term":[{"taxonomy":"product_cat","embeddable":true,"href":"https:\/\/baflesoviedo.com\/home\/wp-json\/wp\/v2\/product_cat?post=3937"},{"taxonomy":"product_tag","embeddable":true,"href":"https:\/\/baflesoviedo.com\/home\/wp-json\/wp\/v2\/product_tag?post=3937"}],"curies":[{"name":"wp","href":"https:\/\/api.w.org\/{rel}","templated":true}]}}