{"id":3949,"date":"2024-09-04T23:49:11","date_gmt":"2024-09-04T23:49:11","guid":{"rendered":"https:\/\/baflesoviedo.com\/home\/?post_type=product&#038;p=3949"},"modified":"2025-07-27T20:22:14","modified_gmt":"2025-07-27T20:22:14","slug":"ortofon-mc-quintet-red-pastilla-tornamesa","status":"publish","type":"product","link":"https:\/\/baflesoviedo.com\/home\/product\/ortofon-mc-quintet-red-pastilla-tornamesa\/","title":{"rendered":"Ortofon, MC Quintet Red, Pastilla Tornamesa (MC)"},"content":{"rendered":"<p><b>Especificaciones T\u00e9cnicas:<\/b><\/p>\n<p>Channel balance at 1 kHz<br \/>\n<b>&lt; 1.5 dB<br \/>\n<\/b>Output voltage at 1 kHz, 5cm\/sec<br \/>\n<b>0.5 mV<br \/>\n<\/b>Channel seperation at 1 kHz<br \/>\n<b>&gt; 21 dB<br \/>\n<\/b>Channel seperation at 15 kHz<br \/>\n<b>&gt; 14 dB<br \/>\n<\/b>Frequency response 20 Hz &#8211; 20 kHz<br \/>\n<b>+\/- 2.5 dB<br \/>\n<\/b>Tracking ability at 315Hz at recommended tracking force<br \/>\n<b>65 \u00b5m<br \/>\n<\/b>Compliance, dynamic, lateral<br \/>\n<b>15 \u00b5m\/mN<br \/>\n<\/b>Stylus type<br \/>\n<b>Elliptical<br \/>\n<\/b>Stylus tip radius<br \/>\n<b>r\/R 8\/18 \u00b5m<br \/>\n<\/b>Tracking force range<br \/>\n<b>2.1-2.5 g<br \/>\n<\/b>Tracking force, recommended<br \/>\n<b>2.3 g<br \/>\n<\/b>Tracking angle<br \/>\n<b>20\u00b0<br \/>\n<\/b>Internal impedance, DC resistance<br \/>\n<b>7 Ohm<br \/>\n<\/b>Recommended load impedance<br \/>\n<b>&gt; 20 Ohm<br \/>\n<\/b>Cartridge body material<br \/>\n<b>PC<br \/>\n<\/b>Cartridge colour<br \/>\n<b>Red<br \/>\n<\/b>Cartridge weight<br \/>\n<b>9 g<\/b><\/p>\n<p><a href=\"https:\/\/ortofon.com\/products\/mc-quintet-red\" target=\"_blank\" rel=\"noopener noreferrer\"><span style=\"color: #0000ff;\">Click aqu\u00ed para m\u00e1s informaci\u00f3n del producto.<\/span><\/a><\/p>\n","protected":false},"excerpt":{"rendered":"<p>La Quintet Red es la entrada a la exclusiva gama de pastillas Moving Coil de Ortofon. Cuenta con un diamante el\u00edptico y es un modelo con excelente relaci\u00f3n costo-beneficio, para quienes buscan adentrarse por primera vez en el mundo de las pastillas MC. Se trata de un modelo multi-prop\u00f3sito que ofrece un sonido abierto y din\u00e1mico, con un toque de calidez.<\/p>\n<p>Justo como lo har\u00eda un quinteto musical, la l\u00ednea MC Quintet de Ortofon teje un sonido harmonioso al fusionar tecnolog\u00eda de punta con el arte de la reproducci\u00f3n musical. Nacida del deseo de resonar con audi\u00f3filos a un nivel profundo, esta colecci\u00f3n engloba la esencia de la colaboraci\u00f3n musical y la unidad.<\/p>\n","protected":false},"featured_media":3950,"template":"","meta":[],"product_cat":[37],"product_tag":[40,185,169,202,62],"_links":{"self":[{"href":"https:\/\/baflesoviedo.com\/home\/wp-json\/wp\/v2\/product\/3949"}],"collection":[{"href":"https:\/\/baflesoviedo.com\/home\/wp-json\/wp\/v2\/product"}],"about":[{"href":"https:\/\/baflesoviedo.com\/home\/wp-json\/wp\/v2\/types\/product"}],"wp:featuredmedia":[{"embeddable":true,"href":"https:\/\/baflesoviedo.com\/home\/wp-json\/wp\/v2\/media\/3950"}],"wp:attachment":[{"href":"https:\/\/baflesoviedo.com\/home\/wp-json\/wp\/v2\/media?parent=3949"}],"wp:term":[{"taxonomy":"product_cat","embeddable":true,"href":"https:\/\/baflesoviedo.com\/home\/wp-json\/wp\/v2\/product_cat?post=3949"},{"taxonomy":"product_tag","embeddable":true,"href":"https:\/\/baflesoviedo.com\/home\/wp-json\/wp\/v2\/product_tag?post=3949"}],"curies":[{"name":"wp","href":"https:\/\/api.w.org\/{rel}","templated":true}]}}