{"id":3956,"date":"2024-09-05T00:10:04","date_gmt":"2024-09-05T00:10:04","guid":{"rendered":"https:\/\/baflesoviedo.com\/home\/?post_type=product&#038;p=3956"},"modified":"2024-09-05T00:10:04","modified_gmt":"2024-09-05T00:10:04","slug":"ortofon-record-stabiliser-heavy-prensa-tocadiscos","status":"publish","type":"product","link":"https:\/\/baflesoviedo.com\/home\/product\/ortofon-record-stabiliser-heavy-prensa-tocadiscos\/","title":{"rendered":"Ortofon, Record Stabiliser Heavy, Prensa Tocadiscos"},"content":{"rendered":"<p>&lt;a href=&#8221;https:\/\/ortofon.com\/products\/record-stabilizer-heavy-black&#8221; target=&#8221;_blank&#8221; rel=&#8221;noopener noreferrer&#8221;&gt;&lt;span style=&#8221;color: #0000ff;&#8221;&gt;Click aqu\u00ed para m\u00e1s informaci\u00f3n del producto.&lt;\/span&gt;&lt;\/a&gt;<\/p>\n","protected":false},"excerpt":{"rendered":"<p>Elaborado con precisi\u00f3n, el estabilizador de discos Ortofon viene en un acabado anodizado mate satinado de primera calidad, con el distintivo agarre ondulado texturizado de Ortofon. Esta versi\u00f3n Heavy es ideal para aplicaciones que requieran mayor peso que la versi\u00f3n Regular, y tambi\u00e9n viene fabricado en aluminio con una parte inferior de fieltro suave. Disponible en plateado o negro.<\/p>\n","protected":false},"featured_media":3957,"template":"","meta":[],"product_cat":[37],"product_tag":[169,207,62],"_links":{"self":[{"href":"https:\/\/baflesoviedo.com\/home\/wp-json\/wp\/v2\/product\/3956"}],"collection":[{"href":"https:\/\/baflesoviedo.com\/home\/wp-json\/wp\/v2\/product"}],"about":[{"href":"https:\/\/baflesoviedo.com\/home\/wp-json\/wp\/v2\/types\/product"}],"wp:featuredmedia":[{"embeddable":true,"href":"https:\/\/baflesoviedo.com\/home\/wp-json\/wp\/v2\/media\/3957"}],"wp:attachment":[{"href":"https:\/\/baflesoviedo.com\/home\/wp-json\/wp\/v2\/media?parent=3956"}],"wp:term":[{"taxonomy":"product_cat","embeddable":true,"href":"https:\/\/baflesoviedo.com\/home\/wp-json\/wp\/v2\/product_cat?post=3956"},{"taxonomy":"product_tag","embeddable":true,"href":"https:\/\/baflesoviedo.com\/home\/wp-json\/wp\/v2\/product_tag?post=3956"}],"curies":[{"name":"wp","href":"https:\/\/api.w.org\/{rel}","templated":true}]}}