{"id":3960,"date":"2024-09-05T00:14:26","date_gmt":"2024-09-05T00:14:26","guid":{"rendered":"https:\/\/baflesoviedo.com\/home\/?post_type=product&#038;p=3960"},"modified":"2024-09-05T00:14:26","modified_gmt":"2024-09-05T00:14:26","slug":"ortofon-stylus-brush-cepillo-fibra-aguja","status":"publish","type":"product","link":"https:\/\/baflesoviedo.com\/home\/product\/ortofon-stylus-brush-cepillo-fibra-aguja\/","title":{"rendered":"Ortofon, Stylus Brush, Cepillo Fibra (Aguja)"},"content":{"rendered":"<p>&lt;a href=&#8221;https:\/\/ortofon.com\/products\/stylus-brush-fibre&#8221; target=&#8221;_blank&#8221; rel=&#8221;noopener noreferrer&#8221;&gt;&lt;span style=&#8221;color: #0000ff;&#8221;&gt;Click aqu\u00ed para m\u00e1s informaci\u00f3n del producto.&lt;\/span&gt;&lt;\/a&gt;<\/p>\n","protected":false},"excerpt":{"rendered":"<p>Cepillo de fibra para mantener la aguja del tocadiscos libre de polvo y basuras, para una reproducci\u00f3n \u00f3ptima.<\/p>\n<p>\u00bfC\u00f3mo usarlo?<br \/>\nUtilice el cepillo de fibra Stylus Brush varias veces a lo largo del voladizo en la direcci\u00f3n de la punta de la aguja cada vez que reproduzca un disco nuevo o cambie de cara. Utilice el cepillo hacia adelante desde la parte posterior de la pastilla hacia la punta de la aguja, y nunca desde la punta hacia la parte posterior o de lado a lado. Despu\u00e9s de este tratamiento, normalmente no ser\u00e1 necesario limpiar m\u00e1s la aguja.<\/p>\n","protected":false},"featured_media":3961,"template":"","meta":[],"product_cat":[37],"product_tag":[177,169,202,62],"_links":{"self":[{"href":"https:\/\/baflesoviedo.com\/home\/wp-json\/wp\/v2\/product\/3960"}],"collection":[{"href":"https:\/\/baflesoviedo.com\/home\/wp-json\/wp\/v2\/product"}],"about":[{"href":"https:\/\/baflesoviedo.com\/home\/wp-json\/wp\/v2\/types\/product"}],"wp:featuredmedia":[{"embeddable":true,"href":"https:\/\/baflesoviedo.com\/home\/wp-json\/wp\/v2\/media\/3961"}],"wp:attachment":[{"href":"https:\/\/baflesoviedo.com\/home\/wp-json\/wp\/v2\/media?parent=3960"}],"wp:term":[{"taxonomy":"product_cat","embeddable":true,"href":"https:\/\/baflesoviedo.com\/home\/wp-json\/wp\/v2\/product_cat?post=3960"},{"taxonomy":"product_tag","embeddable":true,"href":"https:\/\/baflesoviedo.com\/home\/wp-json\/wp\/v2\/product_tag?post=3960"}],"curies":[{"name":"wp","href":"https:\/\/api.w.org\/{rel}","templated":true}]}}