{"id":3963,"date":"2024-09-05T00:21:47","date_gmt":"2024-09-05T00:21:47","guid":{"rendered":"https:\/\/baflesoviedo.com\/home\/?post_type=product&#038;p=3963"},"modified":"2024-09-05T00:21:48","modified_gmt":"2024-09-05T00:21:48","slug":"ortofon-record-brush-cepillo-fibra-vinilos","status":"publish","type":"product","link":"https:\/\/baflesoviedo.com\/home\/product\/ortofon-record-brush-cepillo-fibra-vinilos\/","title":{"rendered":"Ortofon, Record Brush, Cepillo Fibra (Vinilos)"},"content":{"rendered":"<p>&lt;a href=&#8221;https:\/\/ortofon.com\/products\/stylus-brush-fibre&#8221; target=&#8221;_blank&#8221; rel=&#8221;noopener noreferrer&#8221;&gt;&lt;span style=&#8221;color: #0000ff;&#8221;&gt;Click aqu\u00ed para m\u00e1s informaci\u00f3n del producto.&lt;\/span&gt;&lt;\/a&gt;<\/p>\n","protected":false},"excerpt":{"rendered":"<p>El Ortofon Record Brush es un accesorio imprescindible para cualquier entusiasta de la m\u00fasica. <span class=\"Apple-converted-space\">\u00a0<\/span><\/p>\n<p>Limpiar los discos antes de cada uso aumenta la vida \u00fatil del diamante y mejora su experiencia auditiva. El cepillo Ortofon Record elimina de forma segura y eficaz el polvo y la suciedad de la superficie del disco sin rayar.<\/p>\n","protected":false},"featured_media":3964,"template":"","meta":[],"product_cat":[37],"product_tag":[172,169,62],"_links":{"self":[{"href":"https:\/\/baflesoviedo.com\/home\/wp-json\/wp\/v2\/product\/3963"}],"collection":[{"href":"https:\/\/baflesoviedo.com\/home\/wp-json\/wp\/v2\/product"}],"about":[{"href":"https:\/\/baflesoviedo.com\/home\/wp-json\/wp\/v2\/types\/product"}],"wp:featuredmedia":[{"embeddable":true,"href":"https:\/\/baflesoviedo.com\/home\/wp-json\/wp\/v2\/media\/3964"}],"wp:attachment":[{"href":"https:\/\/baflesoviedo.com\/home\/wp-json\/wp\/v2\/media?parent=3963"}],"wp:term":[{"taxonomy":"product_cat","embeddable":true,"href":"https:\/\/baflesoviedo.com\/home\/wp-json\/wp\/v2\/product_cat?post=3963"},{"taxonomy":"product_tag","embeddable":true,"href":"https:\/\/baflesoviedo.com\/home\/wp-json\/wp\/v2\/product_tag?post=3963"}],"curies":[{"name":"wp","href":"https:\/\/api.w.org\/{rel}","templated":true}]}}