{"id":3969,"date":"2024-09-05T00:27:26","date_gmt":"2024-09-05T00:27:26","guid":{"rendered":"https:\/\/baflesoviedo.com\/home\/?post_type=product&#038;p=3969"},"modified":"2024-09-05T00:27:27","modified_gmt":"2024-09-05T00:27:27","slug":"ortofon-slipmat-vnl-mat-tocadiscos","status":"publish","type":"product","link":"https:\/\/baflesoviedo.com\/home\/product\/ortofon-slipmat-vnl-mat-tocadiscos\/","title":{"rendered":"Ortofon, Slipmat VNL, Mat Tocadiscos"},"content":{"rendered":"<p><b>Especificaciones:<\/b><\/p>\n<ul>\n<li>Hecho de un material suave pero resistente.<span class=\"Apple-converted-space\">\u00a0 \u00a0<\/span><\/li>\n<li>Superficie mate \u00fanica<\/li>\n<li>Mucho m\u00e1s resistente al polvo y otras part\u00edculas<\/li>\n<li>Extra delgado y proporciona una sensaci\u00f3n \u00f3ptima para los DJ<\/li>\n<li>Viene en pares empaquetados dentro de una funda.<\/li>\n<\/ul>\n<p><a href=\"https:\/\/ortofon.com\/products\/slipmat-vnl\" target=\"_blank\" rel=\"noopener noreferrer\"><span style=\"color: #0000ff;\">Click aqu\u00ed para m\u00e1s informaci\u00f3n del producto.<\/span><\/a><\/p>\n","protected":false},"excerpt":{"rendered":"<p>Tapete antideslizante de 12\u201d para vinilo. Ideal para scratching y tocadiscos. Proporciona durabilidad y no raya ni da\u00f1a el disco.<\/p>\n","protected":false},"featured_media":3970,"template":"","meta":[],"product_cat":[37],"product_tag":[169,208,62],"_links":{"self":[{"href":"https:\/\/baflesoviedo.com\/home\/wp-json\/wp\/v2\/product\/3969"}],"collection":[{"href":"https:\/\/baflesoviedo.com\/home\/wp-json\/wp\/v2\/product"}],"about":[{"href":"https:\/\/baflesoviedo.com\/home\/wp-json\/wp\/v2\/types\/product"}],"wp:featuredmedia":[{"embeddable":true,"href":"https:\/\/baflesoviedo.com\/home\/wp-json\/wp\/v2\/media\/3970"}],"wp:attachment":[{"href":"https:\/\/baflesoviedo.com\/home\/wp-json\/wp\/v2\/media?parent=3969"}],"wp:term":[{"taxonomy":"product_cat","embeddable":true,"href":"https:\/\/baflesoviedo.com\/home\/wp-json\/wp\/v2\/product_cat?post=3969"},{"taxonomy":"product_tag","embeddable":true,"href":"https:\/\/baflesoviedo.com\/home\/wp-json\/wp\/v2\/product_tag?post=3969"}],"curies":[{"name":"wp","href":"https:\/\/api.w.org\/{rel}","templated":true}]}}