{"id":3993,"date":"2024-09-08T01:23:03","date_gmt":"2024-09-08T01:23:03","guid":{"rendered":"https:\/\/baflesoviedo.com\/home\/?post_type=product&#038;p=3993"},"modified":"2025-05-16T18:48:06","modified_gmt":"2025-05-16T18:48:06","slug":"elac-debut-3-dc53-bk-altavoz-canal-central","status":"publish","type":"product","link":"https:\/\/baflesoviedo.com\/home\/product\/elac-debut-3-dc53-bk-altavoz-canal-central\/","title":{"rendered":"ELAC, Debut 3 DC53, Altavoz Canal Central"},"content":{"rendered":"<p><b>Especificaciones T\u00e9cnicas:<\/b><\/p>\n<table cellspacing=\"0\" cellpadding=\"0\">\n<tbody>\n<tr>\n<td valign=\"top\"><b>Speaker Type<\/b><\/td>\n<td valign=\"top\">2-Way, Sealed<\/td>\n<\/tr>\n<tr>\n<td valign=\"top\"><b>Frequency Response -6 dB:<\/b><\/td>\n<td valign=\"top\">57 to 38Khz<\/td>\n<\/tr>\n<tr>\n<td valign=\"top\"><b>Nominal impedance<\/b><\/td>\n<td valign=\"top\">6 \u03a9<\/td>\n<\/tr>\n<tr>\n<td valign=\"top\"><b>Sensitivity @2.83 v\/1m<\/b><\/td>\n<td valign=\"top\">87.5 dB<\/td>\n<\/tr>\n<tr>\n<td valign=\"top\"><b>Crossover Frequency<\/b><\/td>\n<td valign=\"top\">1900 Hz<\/td>\n<\/tr>\n<tr>\n<td valign=\"top\"><b>Recommended Ampliifer Power<\/b><\/td>\n<td valign=\"top\">120 W<\/td>\n<\/tr>\n<tr>\n<td valign=\"top\"><b>Peak Power Handling<\/b><\/td>\n<td valign=\"top\">60\/100 W<\/td>\n<\/tr>\n<tr>\n<td valign=\"top\"><b>Tweeter<\/b><\/td>\n<td valign=\"top\">1 &#8211; inch Aluminum dome<\/td>\n<\/tr>\n<tr>\n<td valign=\"top\"><b>Midrange (aramid-fiber)<\/b><\/td>\n<td valign=\"top\">&#8211;<\/td>\n<\/tr>\n<tr>\n<td valign=\"top\"><b>Woofer (aramid-fiber)<\/b><\/td>\n<td valign=\"top\">2 x 5 1\/4 \u201c<\/td>\n<\/tr>\n<tr>\n<td valign=\"top\"><b>Cabinet<\/b><\/td>\n<td valign=\"top\">CARB2 rated 16mm MDF<\/td>\n<\/tr>\n<tr>\n<td valign=\"top\"><b>Cabinet Finish<\/b><\/td>\n<td valign=\"top\">Black Ash vinyl, Satin Black Vinyl Front<\/td>\n<\/tr>\n<tr>\n<td valign=\"top\"><b>Port<\/b><\/td>\n<td valign=\"top\">Dual Flared<\/td>\n<\/tr>\n<tr>\n<td valign=\"top\"><b>Binding Post<\/b><\/td>\n<td valign=\"top\">5-way metal<\/td>\n<\/tr>\n<tr>\n<td valign=\"top\"><b>Width (in \/ mm)<\/b><\/td>\n<td valign=\"top\">19.0\/482<\/td>\n<\/tr>\n<tr>\n<td valign=\"top\"><b>Height (in \/ mm)<\/b><\/td>\n<td valign=\"top\">6.8\/172<\/td>\n<\/tr>\n<tr>\n<td valign=\"top\"><b>Depth (in \/ mm)<\/b><\/td>\n<td valign=\"top\">9.2\/234<\/td>\n<\/tr>\n<tr>\n<td valign=\"top\"><b>Net Weight (lbs \/ KG)<\/b><\/td>\n<td valign=\"top\">19.2\/8.7<\/td>\n<\/tr>\n<\/tbody>\n<\/table>\n<p><a href=\"https:\/\/elac.com\/dc53\" target=\"_blank\" rel=\"noopener noreferrer\"><span style=\"color: #0000ff;\">Click aqu\u00ed para m\u00e1s informaci\u00f3n del producto.<\/span><\/a><\/p>\n","protected":false},"excerpt":{"rendered":"<p>Altavoz canal central de 5.25\u201d. Los DC53 cuentan con un dise\u00f1o cerrado para eliminar ruidos de puerto no-deseados, algo especialmente crucial ya que maneja la mayor parte de la reproducci\u00f3n de di\u00e1logos. Para lograr una inmersi\u00f3n total, una configuraci\u00f3n envolvente integral requiere un canal central que coincida con la potencia de sus altavoces frontales. El DC53 crea un gran escenario sonoro, revitalizando tanto las escapadas cinematogr\u00e1ficas como los viajes musicales.<span class=\"Apple-converted-space\">\u00a0<\/span><\/p>\n<p>Incluye tweeters de aluminio de 1\u201d que mejoran las distintas propiedades ac\u00fasticas de los parlantes. Este dise\u00f1o aumenta la claridad, complejidad y precisi\u00f3n, capturando el espectro din\u00e1mico de melod\u00edas y soundtracks contempor\u00e1neos. Adem\u00e1s vienen equipados con woofers de fibra de aramida para una construcci\u00f3n robusta pero liviana, para a\u00f1adir profundidad a todo desde di\u00e1logos hasta secuencias cinematogr\u00e1ficas vivas.<\/p>\n<p>La serie Debut 3.0 combina una ac\u00fastica legendaria con un estilo elegante a precios accesibles. El resultado es una serie de altavoces que no s\u00f3lo suena extraordinario sino que tambi\u00e9n tiene un aspecto impresionante. Al combinar un rendimiento de audio superior con una est\u00e9tica cautivadora, la serie ELAC Debut 3.0 redefine lo que es posible en el \u00e1mbito del audio accesible, demostrando que un estilo excepcional y un sonido legendario est\u00e1n al alcance de todos los entusiastas del audio Hi-Fi. Disponible en acabados black o walnut.<\/p>\n","protected":false},"featured_media":3994,"template":"","meta":[],"product_cat":[126,123,130,17],"product_tag":[31,184,196,195,206,40],"_links":{"self":[{"href":"https:\/\/baflesoviedo.com\/home\/wp-json\/wp\/v2\/product\/3993"}],"collection":[{"href":"https:\/\/baflesoviedo.com\/home\/wp-json\/wp\/v2\/product"}],"about":[{"href":"https:\/\/baflesoviedo.com\/home\/wp-json\/wp\/v2\/types\/product"}],"wp:featuredmedia":[{"embeddable":true,"href":"https:\/\/baflesoviedo.com\/home\/wp-json\/wp\/v2\/media\/3994"}],"wp:attachment":[{"href":"https:\/\/baflesoviedo.com\/home\/wp-json\/wp\/v2\/media?parent=3993"}],"wp:term":[{"taxonomy":"product_cat","embeddable":true,"href":"https:\/\/baflesoviedo.com\/home\/wp-json\/wp\/v2\/product_cat?post=3993"},{"taxonomy":"product_tag","embeddable":true,"href":"https:\/\/baflesoviedo.com\/home\/wp-json\/wp\/v2\/product_tag?post=3993"}],"curies":[{"name":"wp","href":"https:\/\/api.w.org\/{rel}","templated":true}]}}