{"id":4059,"date":"2024-10-03T22:06:43","date_gmt":"2024-10-03T22:06:43","guid":{"rendered":"https:\/\/baflesoviedo.com\/home\/?post_type=product&#038;p=4059"},"modified":"2025-07-14T19:15:38","modified_gmt":"2025-07-14T19:15:38","slug":"pro-ject-debut-evo-2-tornamesa","status":"publish","type":"product","link":"https:\/\/baflesoviedo.com\/home\/product\/pro-ject-debut-evo-2-tornamesa\/","title":{"rendered":"Pro-Ject, Debut EVO 2, Tornamesa"},"content":{"rendered":"<p><b>Especificaciones T\u00e9cnicas:<\/b><\/p>\n<table cellspacing=\"0\" cellpadding=\"0\">\n<tbody>\n<tr>\n<td valign=\"middle\"><b>Speed<\/b><\/td>\n<td valign=\"middle\">33, 45 (electronic speed change)<\/td>\n<\/tr>\n<tr>\n<td valign=\"middle\"><b>Drive principle<\/b><\/td>\n<td valign=\"middle\">belt drive with electronic speed control<\/td>\n<\/tr>\n<tr>\n<td valign=\"middle\"><b>Platter<\/b><\/td>\n<td valign=\"middle\">300mm, die cast aluminium platter with TPE damping and felt mat<\/td>\n<\/tr>\n<tr>\n<td valign=\"middle\"><b>Platter bearing<\/b><\/td>\n<td valign=\"middle\">stainless steel axle in bronze bushing<\/td>\n<\/tr>\n<tr>\n<td valign=\"middle\"><b>Wow &amp; flutter<\/b><\/td>\n<td valign=\"middle\">33: +\/-0,16%; 45: +\/-0,14%<\/td>\n<\/tr>\n<tr>\n<td valign=\"middle\"><b>Speed drift<\/b><\/td>\n<td valign=\"middle\">33: +\/-0,40%; 45: +\/-0,50%<\/td>\n<\/tr>\n<tr>\n<td valign=\"middle\"><b>Signal to noise<\/b><\/td>\n<td valign=\"middle\">68dB<\/td>\n<\/tr>\n<tr>\n<td valign=\"middle\"><b>Tonearm<\/b><\/td>\n<td valign=\"middle\">8,6\u201d one-piece carbon tonearm<\/td>\n<\/tr>\n<tr>\n<td valign=\"middle\"><b>Effective arm length\/mass<\/b><\/td>\n<td valign=\"middle\">218,5 mm \/ 10,0 g<\/td>\n<\/tr>\n<tr>\n<td valign=\"middle\"><b>Overhang<\/b><\/td>\n<td valign=\"middle\">18,5mm<\/td>\n<\/tr>\n<tr>\n<td valign=\"middle\"><b>Included accessories<\/b><\/td>\n<td valign=\"middle\">15V DC \/ 0,8A power supply, dust cover, 7\u2018\u2018 single adapter<\/td>\n<\/tr>\n<tr>\n<td valign=\"middle\"><b>Power consumption<\/b><\/td>\n<td valign=\"middle\">4W \/ 0W standby<\/td>\n<\/tr>\n<tr>\n<td valign=\"middle\"><b>Dimensions<\/b><\/td>\n<td valign=\"middle\">415 x 113 x 320mm (WxHxD)<\/td>\n<\/tr>\n<tr>\n<td valign=\"middle\"><b>Weight<\/b><\/td>\n<td valign=\"middle\">6 kg net<\/td>\n<\/tr>\n<\/tbody>\n<\/table>\n<p><a href=\"https:\/\/www.project-audio.com\/en\/product\/debut-evo-2\/\" target=\"_blank\" rel=\"noopener noreferrer\"><span style=\"color: #0000ff;\">Click aqu\u00ed para m\u00e1s informaci\u00f3n del producto.<\/span><\/a><\/p>\n","protected":false},"excerpt":{"rendered":"<p>Este tocadiscos se enfoca en los aspectos principales que resultan en un sonido excelente, fabricada a mano en Europa. Cuenta con un pesado plato de aluminio de TPE amortiguado y antimagn\u00e9tico; un brazo de fibra de carbono montada en un sistema que absorbe todas las resonancias no deseadas provenientes del cartucho; y un contrapeso con anillo amortiguador de TPE (como en los reproductores de alta gama).<\/p>\n<p>La pastilla Pick it MM EVO completa el nuevo Debut EVO 2, con un sonido vivo y robusto. Este dise\u00f1o se realiz\u00f3 en colaboraci\u00f3n con los expertos de Ortofon en Dinamarca, empleando la tecnolog\u00eda split pole pin de la marca de pastillas para ofrecer una respuesta de frecuencia plana y comparable a la de los cartuchos MC.<\/p>\n<p>Incluye adem\u00e1s un set de cables Connect it Phono E RCA de alta calidad, conocidos por su transmisi\u00f3n de se\u00f1al sin p\u00e9rdidas. Disponible en 10 acabados distintos: high gloss black, high gloss white, high gloss red, satin black, satin white, satin steel blue, satin golden yellow, satin fir green, satin wine red o real wood walnut.<span class=\"Apple-converted-space\">\u00a0<\/span><\/p>\n","protected":false},"featured_media":4060,"template":"","meta":[],"product_cat":[130,37],"product_tag":[40,56,62],"_links":{"self":[{"href":"https:\/\/baflesoviedo.com\/home\/wp-json\/wp\/v2\/product\/4059"}],"collection":[{"href":"https:\/\/baflesoviedo.com\/home\/wp-json\/wp\/v2\/product"}],"about":[{"href":"https:\/\/baflesoviedo.com\/home\/wp-json\/wp\/v2\/types\/product"}],"wp:featuredmedia":[{"embeddable":true,"href":"https:\/\/baflesoviedo.com\/home\/wp-json\/wp\/v2\/media\/4060"}],"wp:attachment":[{"href":"https:\/\/baflesoviedo.com\/home\/wp-json\/wp\/v2\/media?parent=4059"}],"wp:term":[{"taxonomy":"product_cat","embeddable":true,"href":"https:\/\/baflesoviedo.com\/home\/wp-json\/wp\/v2\/product_cat?post=4059"},{"taxonomy":"product_tag","embeddable":true,"href":"https:\/\/baflesoviedo.com\/home\/wp-json\/wp\/v2\/product_tag?post=4059"}],"curies":[{"name":"wp","href":"https:\/\/api.w.org\/{rel}","templated":true}]}}