{"id":4107,"date":"2024-10-23T04:40:12","date_gmt":"2024-10-23T04:40:12","guid":{"rendered":"https:\/\/baflesoviedo.com\/home\/?post_type=product&#038;p=4107"},"modified":"2026-01-02T16:51:52","modified_gmt":"2026-01-02T16:51:52","slug":"cambridge-audio-ex100a-amplificador-integrado","status":"publish","type":"product","link":"https:\/\/baflesoviedo.com\/home\/product\/cambridge-audio-ex100a-amplificador-integrado\/","title":{"rendered":"Cambridge Audio, EXA100, Amplificador Integrado"},"content":{"rendered":"<p><b>Especificaciones T\u00e9cnicas:<\/b><\/p>\n<p><b>Power Output<\/b><\/p>\n<p>100W RMS into 8 Ohms @ &lt;1%THD+N, 155W RMS into 4 Ohms @ 1kHz &lt;1%THD+N<\/p>\n<p><b>Amplification<\/b><\/p>\n<p>Class-A\/B<\/p>\n<p><b>DAC<\/b><\/p>\n<p>ES9018K2M<\/p>\n<p><b>Preamp Mode<\/b><\/p>\n<p>Yes<\/p>\n<p><b>Frequency Response<\/b><\/p>\n<p>&lt;3Hz \u2013 &gt;40kHz +\/-1dB<\/p>\n<p><b>Toroidal Transformer<\/b><\/p>\n<p>Yes<\/p>\n<p><b>Bi-wiring possible<\/b><\/p>\n<p>Yes<\/p>\n<p><b>Analogue RCA Inputs<\/b><\/p>\n<p>4 pairs<\/p>\n<p><b>Balanced XLR Input<\/b><\/p>\n<p>1 pair<\/p>\n<p><b>S\/PDIF TOSLINK Input<\/b><\/p>\n<p>2<\/p>\n<p><b>S\/PDIF Coaxial Input<\/b><\/p>\n<p>1<\/p>\n<p><b>Asynchronous USB Input<\/b><\/p>\n<p>USB Type B conforming to USB Audio Class 1 or USB Audio Class 2 (user selectable)<\/p>\n<p><b>Bluetooth<\/b><\/p>\n<p>5.0 aptX HD<\/p>\n<p><b>HDMI ARC Input<\/b><\/p>\n<p>1 (eARC compatible)<\/p>\n<p><b>Preamp Output<\/b><\/p>\n<p>RCA pre-out<\/p>\n<p><b>Headphone Output<\/b><\/p>\n<p>Yes<\/p>\n<p><b>Subwoofer Output<\/b><\/p>\n<p>1 x RCA<\/p>\n<p><b>Speaker Outputs<\/b><\/p>\n<p>Yes<\/p>\n<p><b>S\/PDIF TOSLink Optical<\/b><\/p>\n<p>TOSLINK: 16\/24-bit 32-96kHz<\/p>\n<p><b>S\/PDIF Coaxial<\/b><\/p>\n<p>Coax SPDIF: 16\/24-bit 32-192kHz<\/p>\n<p><b>HDMI eARC<\/b><\/p>\n<p>PCM up to 24bit\/192kHz<\/p>\n<p><b>USB Audio<\/b><\/p>\n<p>USB Audio Class 1: Up to 24-bit 96kHz (asynchronous) | USB Audio Class 2: Up to 24-bit 384kHz (asynchronous) and up to DSD-256<\/p>\n<p><b>Bluetooth<\/b><\/p>\n<p>5.0 A2DP\/AVRCP supporting SBC, aptX and aptX HD codecs<\/p>\n<p><b>RS232 Control<\/b><\/p>\n<p>Yes<\/p>\n<p><b>THD (Unweighted)<\/b><\/p>\n<p>&lt;0.002% 1kHz at 80% of rated power (8 Ohms) | &lt;0.02% 20Hz \u2013 20kHz at 80% of rated power<\/p>\n<p><b>S\/N Ratio (REF 1W)<\/b><\/p>\n<p>&gt;91 dB<\/p>\n<p><b>Crosstalk @1kHz<\/b><\/p>\n<p>&gt;90<\/p>\n<p><b>Input Sensitivity<\/b><\/p>\n<p>Input A2-A4 (unbalanced) 395mV RMS<\/p>\n<p><b>Input Impedances<\/b><\/p>\n<p>Input A1 (balanced) 100 kOhm Input A2-A4 (unbalanced) 45 kOhm<\/p>\n<p><b>Power Amp Damping Factor<\/b><\/p>\n<p>&gt;160 at 1kHz<\/p>\n<p><b>Subwoofer Output<\/b><\/p>\n<p>1 x RCA<\/p>\n<p><b>Max Power Consumption<\/b><\/p>\n<p>1200w<\/p>\n<p><b>Standby Power Consumption<\/b><\/p>\n<p>&lt;0.5W<\/p>\n<p><b>Dimensions (W x H x D)<\/b><\/p>\n<p>115 x 430 x 341mm (4.5 x 16.9 x 13.4\u201d)<\/p>\n<p><b>Weight<\/b><\/p>\n<p>12.8kg (28.2Lbs)<\/p>\n<p><b>In the box<\/b><\/p>\n<p>Power cords, Remote control, Welcome letter, Registration Card, Safety guide<\/p>\n<p><a href=\"https:\/\/www.cambridgeaudio.com\/row\/en\/products\/ex\/exa100\" target=\"_blank\" rel=\"noopener noreferrer\"><span style=\"color: #0000ff;\">Click aqu\u00ed para m\u00e1s informaci\u00f3n del producto.<\/span><\/a><\/p>\n","protected":false},"excerpt":{"rendered":"<p>Amplificador integrado de 100W con tecnolog\u00eda inspirada en la l\u00ednea de referencia Edge de Cambridge \u2014para un sonido incre\u00edblemente amplio y detallado. Incluye entradas XLR balanceadas para la mejor calidad de sonido an\u00e1loga, el DAC ESS ES9018K2M SABRE32 para una conversi\u00f3n de audio excepcional, Bluetooth aptX HD para conectarse a otros dispositivos y hacer streaming en alta definici\u00f3n, y el modo Power Amp (para utilizarse con un preamplificador dedicado o como parte de un sistema multi-canal). Combina perfectamente con el streamer EX100N \u2014en sonido, dise\u00f1o y funcionamiento (incluso se encienden y apagan juntos por medio del control link).<\/p>\n<p>La nueva serie EX es un verdadero upgrade desde la serie CX, para traer al oyente y su m\u00fasica m\u00e1s cerca al desempe\u00f1o del nivel de referencia del rango Edge. Adem\u00e1s de inspirarse en el ic\u00f3nico Azur 851 y el legado de Cambridge Audio, la serie EX tambi\u00e9n mira hacia el futuro con un dise\u00f1o cautivador y su set pionero de nuevas caracter\u00edsticas. Mejora no solo el sonido de la m\u00fasica, sino tambi\u00e9n el de su entretenimiento casero: la serie EX viene con HDMI eARC para conectarse a su televisor y darle un upgrade s\u00f3nico a series, pel\u00edculas y juegos.<span class=\"Apple-converted-space\">\u00a0 \u00a0<\/span><\/p>\n","protected":false},"featured_media":4108,"template":"","meta":[],"product_cat":[130,19],"product_tag":[163,214,52,40],"_links":{"self":[{"href":"https:\/\/baflesoviedo.com\/home\/wp-json\/wp\/v2\/product\/4107"}],"collection":[{"href":"https:\/\/baflesoviedo.com\/home\/wp-json\/wp\/v2\/product"}],"about":[{"href":"https:\/\/baflesoviedo.com\/home\/wp-json\/wp\/v2\/types\/product"}],"wp:featuredmedia":[{"embeddable":true,"href":"https:\/\/baflesoviedo.com\/home\/wp-json\/wp\/v2\/media\/4108"}],"wp:attachment":[{"href":"https:\/\/baflesoviedo.com\/home\/wp-json\/wp\/v2\/media?parent=4107"}],"wp:term":[{"taxonomy":"product_cat","embeddable":true,"href":"https:\/\/baflesoviedo.com\/home\/wp-json\/wp\/v2\/product_cat?post=4107"},{"taxonomy":"product_tag","embeddable":true,"href":"https:\/\/baflesoviedo.com\/home\/wp-json\/wp\/v2\/product_tag?post=4107"}],"curies":[{"name":"wp","href":"https:\/\/api.w.org\/{rel}","templated":true}]}}