{"id":4113,"date":"2024-10-23T04:49:48","date_gmt":"2024-10-23T04:49:48","guid":{"rendered":"https:\/\/baflesoviedo.com\/home\/?post_type=product&#038;p=4113"},"modified":"2026-01-02T16:52:17","modified_gmt":"2026-01-02T16:52:17","slug":"cambridge-audio-ex100n-streamer","status":"publish","type":"product","link":"https:\/\/baflesoviedo.com\/home\/product\/cambridge-audio-ex100n-streamer\/","title":{"rendered":"Cambridge Audio, EXN100, Streamer"},"content":{"rendered":"<p><b>Especificaciones T\u00e9cnicas:<\/b><\/p>\n<p><b>DAC<\/b><\/p>\n<p>ESS ES9028Q2M<\/p>\n<p><b>Preamp Mode<\/b><\/p>\n<p>Yes<\/p>\n<p><b>StreamMagic Version<\/b><\/p>\n<p>Gen 4<\/p>\n<p><b>Display Screen<\/b><\/p>\n<p>4.76&#8243; IPS TFT &#8211; 1280 x 569<\/p>\n<p><b>USB Drive Input<\/b><\/p>\n<p>1 x USB 2.0<\/p>\n<p><b>S\/PDIF TOSLINK Input<\/b><\/p>\n<p>1<\/p>\n<p><b>S\/PDIF Coaxial Input<\/b><\/p>\n<p>1<\/p>\n<p><b>Asynchronous USB Input<\/b><\/p>\n<p>1<\/p>\n<p><b>Bluetooth<\/b><\/p>\n<p>5.0 with aptX HD<\/p>\n<p><b>HDMI ARC Input<\/b><\/p>\n<p>1 (eARC compatible)<\/p>\n<p><b>Analogue RCA Outputs<\/b><\/p>\n<p>1 Pair<\/p>\n<p><b>S\/PDIF Output<\/b><\/p>\n<p>1<\/p>\n<p><b>TOSLink Output<\/b><\/p>\n<p>1<\/p>\n<p><b>Balanced XLR Output<\/b><\/p>\n<p>1 Pair<\/p>\n<p><b>S\/PDIF TOSLink Optical<\/b><\/p>\n<p>16\/24bit 32-96kHz PCM, DoP64 S\/PDIF<\/p>\n<p><b>S\/PDIF Coaxial<\/b><\/p>\n<p>16\/24bit 32-192kHz PCM, DoP64<\/p>\n<p><b>HDMI eARC<\/b><\/p>\n<p>PCM up to 24bit\/192kHz<\/p>\n<p><b>Local USB Media<\/b><\/p>\n<p>PCM up to 32-bit 768kHz, DSD up to x512 File system support FAT32, NTFS, Ext2\/3\/4, ExFAT<\/p>\n<p><b>USB Audio<\/b><\/p>\n<p>PCM up to 32-bit 768kHz, DSD up to x512<\/p>\n<p><b>Bluetooth<\/b><\/p>\n<p>5.0 A2DP\/AVRCP supporting SBC, aptX and aptX HD codecs<\/p>\n<p><b>UPnP<\/b><\/p>\n<p>PCM up to 32bit\/768kHz<\/p>\n<p><b>Internet Radio<\/b><\/p>\n<p>Yes<\/p>\n<p><b>Tidal Connect<\/b><\/p>\n<p>Yes<\/p>\n<p><b>Spotify Connect<\/b><\/p>\n<p>Yes<\/p>\n<p><b>Qobuz<\/b><\/p>\n<p>Yes<\/p>\n<p><b>Deezer<\/b><\/p>\n<p>Yes<\/p>\n<p><b>Amazon Music<\/b><\/p>\n<p>Yes (via Google Cast)<\/p>\n<p><b>Google Cast<\/b><\/p>\n<p>Yes<\/p>\n<p><b>AirPlay 2<\/b><\/p>\n<p>Yes<\/p>\n<p><b>Roon Ready<\/b><\/p>\n<p>Yes<\/p>\n<p><b>Audio Formats<\/b><\/p>\n<p>ALAC, WAV, FLAC, AIFF, DSD (x512), WMA, MP3, AAC, HE AAC, AAC+, OGG Vorbis<\/p>\n<p><b>Ethernet<\/b><\/p>\n<p>IEEE 802.3, 10 Base-T or 100 Base-T<\/p>\n<p><b>WI-FI<\/b><\/p>\n<p>IEEE 802.11 a\/b\/g\/n\/ac (2.4GHz \/ 5GHz)<\/p>\n<p><b>RS232 Control<\/b><\/p>\n<p>Yes<\/p>\n<p><b>THD @ 1kHz 0dBFs<\/b><\/p>\n<p>&lt; 0.0005 %<\/p>\n<p><b>Frequency Response<\/b><\/p>\n<p>20Hz-20kHz +\/- 0.1dB<\/p>\n<p><b>Crosstalk @1kHz<\/b><\/p>\n<p>&lt; -120dB<\/p>\n<p><b>Signal to Noise Ratio (Ref 1W)<\/b><\/p>\n<p>&gt; 120dBr<\/p>\n<p><b>Bass \/ Treble Controls<\/b><\/p>\n<p>Yes (Advanced DSP features)<\/p>\n<p><b>Max Power Consumption<\/b><\/p>\n<p>30W<\/p>\n<p><b>Standby Power Consumption<\/b><\/p>\n<p>Network Standby: &gt;2W ; Eco mode: &lt;0.5W<\/p>\n<p><b>Dimensions (W x H x D)<\/b><\/p>\n<p>430 x 90 x 305mm<\/p>\n<p><b>Weight<\/b><\/p>\n<p>4.1kg<\/p>\n<p><b>In the box<\/b><\/p>\n<p>Mains lead, control bus cable, antenna x2, quick start guide, safety sheet, registration card<\/p>\n<p><a href=\"https:\/\/www.cambridgeaudio.com\/row\/en\/products\/ex\/exn100\" target=\"_blank\" rel=\"noopener noreferrer\"><span style=\"color: #0000ff;\">Click aqu\u00ed para m\u00e1s informaci\u00f3n del producto.<\/span><\/a><\/p>\n","protected":false},"excerpt":{"rendered":"<p>Streamer dise\u00f1ado para disfrutar sin esfuerzo de sus servicios de streaming favoritos: Spotify, TIDAL, Deezer, Qobuz, Internet Radio y m\u00e1s. Tiene una conectividad vers\u00e1til con USB, Coaxial y TOSLINK, adem\u00e1s de Chromecast incorporado, AirPlay 2 y Bluetooth aptX HD. Viene equipado con un DAC ESS y la plataforma de streaming StreamMagic (desarrollada por la marca), y adem\u00e1s cuenta con el modo Preamp (funcionando como preamplificador digital con switches de entrada y control de volumen para cualquier sistema). Combina perfectamente con el amplificador integrado EX100A \u2014en sonido, dise\u00f1o y funcionamiento (incluso se encienden y apagan juntos por medio del control link).<\/p>\n<p>La nueva serie EX es un verdadero upgrade desde la serie CX, para traer al oyente y su m\u00fasica m\u00e1s cerca al desempe\u00f1o del nivel de referencia del rango Edge. Adem\u00e1s de inspirarse en el ic\u00f3nico Azur 851 y el legado de Cambridge Audio, la serie EX tambi\u00e9n mira hacia el futuro con un dise\u00f1o cautivador y su set pionero de nuevas caracter\u00edsticas. Mejora no solo el sonido de la m\u00fasica, sino tambi\u00e9n el de su entretenimiento casero: la serie EX viene con HDMI eARC para conectarse a su televisor y darle un upgrade s\u00f3nico a series, pel\u00edculas y juegos.<span class=\"Apple-converted-space\">\u00a0 \u00a0<\/span><\/p>\n","protected":false},"featured_media":4114,"template":"","meta":[],"product_cat":[130,19],"product_tag":[52,219,67],"_links":{"self":[{"href":"https:\/\/baflesoviedo.com\/home\/wp-json\/wp\/v2\/product\/4113"}],"collection":[{"href":"https:\/\/baflesoviedo.com\/home\/wp-json\/wp\/v2\/product"}],"about":[{"href":"https:\/\/baflesoviedo.com\/home\/wp-json\/wp\/v2\/types\/product"}],"wp:featuredmedia":[{"embeddable":true,"href":"https:\/\/baflesoviedo.com\/home\/wp-json\/wp\/v2\/media\/4114"}],"wp:attachment":[{"href":"https:\/\/baflesoviedo.com\/home\/wp-json\/wp\/v2\/media?parent=4113"}],"wp:term":[{"taxonomy":"product_cat","embeddable":true,"href":"https:\/\/baflesoviedo.com\/home\/wp-json\/wp\/v2\/product_cat?post=4113"},{"taxonomy":"product_tag","embeddable":true,"href":"https:\/\/baflesoviedo.com\/home\/wp-json\/wp\/v2\/product_tag?post=4113"}],"curies":[{"name":"wp","href":"https:\/\/api.w.org\/{rel}","templated":true}]}}