{"id":4128,"date":"2024-10-26T23:21:40","date_gmt":"2024-10-26T23:21:40","guid":{"rendered":"https:\/\/baflesoviedo.com\/home\/?post_type=product&#038;p=4128"},"modified":"2025-05-16T18:07:03","modified_gmt":"2025-05-16T18:07:03","slug":"elac-unifi-uf52-altavoces-torre","status":"publish","type":"product","link":"https:\/\/baflesoviedo.com\/home\/product\/elac-unifi-uf52-altavoces-torre\/","title":{"rendered":"ELAC, UniFi UF52, Altavoces Torre"},"content":{"rendered":"<p><b>Especificaciones T\u00e9cnicas:<\/b><\/p>\n<table cellspacing=\"0\" cellpadding=\"0\">\n<tbody>\n<tr>\n<td valign=\"top\"><b>Speaker Type:<\/b><\/td>\n<td valign=\"top\">3-way, bass reflex<\/td>\n<\/tr>\n<tr>\n<td valign=\"top\"><b>Tweeter:<\/b><\/td>\n<td valign=\"top\">1\u201d Soft Dome<\/td>\n<\/tr>\n<tr>\n<td valign=\"top\"><b>Mid-Range:<\/b><\/td>\n<td valign=\"top\">4\u201d Aluminum<\/td>\n<\/tr>\n<tr>\n<td valign=\"top\"><b>Woofer:<\/b><\/td>\n<td valign=\"top\">3 x 5-1\/4\u201d Aluminum<\/td>\n<\/tr>\n<tr>\n<td valign=\"top\"><b>Frequency Response:<\/b><\/td>\n<td valign=\"top\">42 &#8211; 35.000 HZ<\/td>\n<\/tr>\n<tr>\n<td valign=\"top\"><b>Crossover Frequency:<\/b><\/td>\n<td valign=\"top\">200 \/ 2000 Hz<\/td>\n<\/tr>\n<tr>\n<td valign=\"top\"><b>Max. Power Input:<\/b><\/td>\n<td valign=\"top\">140 W<\/td>\n<\/tr>\n<tr>\n<td valign=\"top\"><b>Sensitivity:<\/b><\/td>\n<td valign=\"top\">85 dB @ 2,83 V \/1 m<\/td>\n<\/tr>\n<tr>\n<td valign=\"top\"><b>Nominal Impedance:<\/b><\/td>\n<td valign=\"top\">6 \u03a9<\/td>\n<\/tr>\n<tr>\n<td valign=\"top\"><b>Finish:<\/b><\/td>\n<td valign=\"top\">Black Ash vinyl<\/td>\n<\/tr>\n<tr>\n<td valign=\"top\"><b>Dimensions (WxHXD):<\/b><\/td>\n<td valign=\"top\">185 \u00d7 980 \u00d7 275 mm<\/td>\n<\/tr>\n<\/tbody>\n<\/table>\n<p><a href=\"https:\/\/www.elac.com\/uf52\" target=\"_blank\" rel=\"noopener noreferrer\"><span style=\"color: #0000ff;\">Click aqu\u00ed para m\u00e1s informaci\u00f3n del producto.<\/span><\/a><\/p>\n","protected":false},"excerpt":{"rendered":"<p>Altavoces tipo torre. La colecci\u00f3n UniFi 2.0 cuenta con un dise\u00f1o de 3 v\u00edas para una reproducci\u00f3n fiel y detallada, que reduce la distorsi\u00f3n y da un resultado m\u00e1s claro y refinado. Goza de una est\u00e9tica elevada; un tweeter con mayor dispersi\u00f3n de sonido y mejor integraci\u00f3n; un parlante de medios con voice coil m\u00e1s grande y redise\u00f1ado para reducir distorsi\u00f3n del crossover; y un woofer de aluminio m\u00e1s r\u00edgido y magneto m\u00e1s grande, para<span class=\"Apple-converted-space\">\u00a0<\/span>una respuesta de bajos m\u00e1s precisa y din\u00e1mica. Adem\u00e1s, su caja de MDF optimizada ac\u00fasticamente minimiza las vibraciones para mantener un sonido sin coloraci\u00f3n o distorsi\u00f3n, con un acabado externo elegante en black ash.<\/p>\n","protected":false},"featured_media":4129,"template":"","meta":[],"product_cat":[123,121,17],"product_tag":[31,191,206,40],"_links":{"self":[{"href":"https:\/\/baflesoviedo.com\/home\/wp-json\/wp\/v2\/product\/4128"}],"collection":[{"href":"https:\/\/baflesoviedo.com\/home\/wp-json\/wp\/v2\/product"}],"about":[{"href":"https:\/\/baflesoviedo.com\/home\/wp-json\/wp\/v2\/types\/product"}],"wp:featuredmedia":[{"embeddable":true,"href":"https:\/\/baflesoviedo.com\/home\/wp-json\/wp\/v2\/media\/4129"}],"wp:attachment":[{"href":"https:\/\/baflesoviedo.com\/home\/wp-json\/wp\/v2\/media?parent=4128"}],"wp:term":[{"taxonomy":"product_cat","embeddable":true,"href":"https:\/\/baflesoviedo.com\/home\/wp-json\/wp\/v2\/product_cat?post=4128"},{"taxonomy":"product_tag","embeddable":true,"href":"https:\/\/baflesoviedo.com\/home\/wp-json\/wp\/v2\/product_tag?post=4128"}],"curies":[{"name":"wp","href":"https:\/\/api.w.org\/{rel}","templated":true}]}}