{"id":4152,"date":"2024-11-08T01:26:11","date_gmt":"2024-11-08T01:26:11","guid":{"rendered":"https:\/\/baflesoviedo.com\/home\/?post_type=product&#038;p=4152"},"modified":"2025-05-16T17:56:41","modified_gmt":"2025-05-16T17:56:41","slug":"elac-solano-2-0-cc281-2-altavoz-canal-central","status":"publish","type":"product","link":"https:\/\/baflesoviedo.com\/home\/product\/elac-solano-2-0-cc281-2-altavoz-canal-central\/","title":{"rendered":"ELAC, Solano 2.0 CC281.2, Altavoz Canal Central"},"content":{"rendered":"<p><b>Especificaciones T\u00e9cnicas:<\/b><\/p>\n<table cellspacing=\"0\" cellpadding=\"0\">\n<tbody>\n<tr>\n<td valign=\"top\"><b>Type<\/b><\/td>\n<td valign=\"top\">2 \u00bd-Way, Bass Reflex<\/td>\n<\/tr>\n<tr>\n<td valign=\"top\"><b>Woofers<\/b><\/td>\n<td valign=\"top\">2 \u00d7 150 mm \u00d8, AS Woofer<\/td>\n<\/tr>\n<tr>\n<td valign=\"top\"><b>Tweeter<\/b><\/td>\n<td valign=\"top\">JET 6<\/td>\n<\/tr>\n<tr>\n<td valign=\"top\"><b>Crossover Frequency<\/b><\/td>\n<td valign=\"top\">450 | 2400 Hz<\/td>\n<\/tr>\n<tr>\n<td valign=\"top\"><b>Frequency Range<\/b><\/td>\n<td valign=\"top\">34 &#8211; 50,000 Hz<\/td>\n<\/tr>\n<tr>\n<td valign=\"top\"><b>Sensitivity<\/b><\/td>\n<td valign=\"top\">87.5 dB at 2.83 V\/m<\/td>\n<\/tr>\n<tr>\n<td valign=\"top\"><b>Suitable for amplifiers from<\/b><\/td>\n<td valign=\"top\">4\u03a9 &#8211; 8\u03a9<\/td>\n<\/tr>\n<tr>\n<td valign=\"top\"><b>Recommended Amplifier Power<\/b><\/td>\n<td valign=\"top\">40 &#8211; 250 W\/channel<\/td>\n<\/tr>\n<tr>\n<td valign=\"top\"><b>Nominal | Peak Power Handling<\/b><\/td>\n<td valign=\"top\">120 W | 160 W<\/td>\n<\/tr>\n<tr>\n<td valign=\"top\"><b>Nominal | Minimum Impedance<\/b><\/td>\n<td valign=\"top\">4\u03a9 | 3.6\u03a9<\/td>\n<\/tr>\n<tr>\n<td valign=\"top\"><b>Finishes<\/b><\/td>\n<td valign=\"top\">Black High Gloss, White High Gloss<\/td>\n<\/tr>\n<tr>\n<td valign=\"top\"><b>Height x Width x Depth<\/b><\/td>\n<td valign=\"top\">190 x 500 x 248 mm<\/td>\n<\/tr>\n<tr>\n<td valign=\"top\"><b>Weight<\/b><\/td>\n<td valign=\"top\">12.0 kg<\/td>\n<\/tr>\n<\/tbody>\n<\/table>\n<p><a href=\"https:\/\/www.elac.com\/cc281-2\" target=\"_blank\" rel=\"noopener noreferrer\"><span style=\"color: #0000ff;\">Click aqu\u00ed para m\u00e1s informaci\u00f3n del producto.<\/span><\/a><\/p>\n","protected":false},"excerpt":{"rendered":"<p>Canal central de 6\u201d y 2.5 v\u00edas \u2014compacto, atractivo y de alto rendimiento. Esta unidad es ideal para disfrutar de pel\u00edculas en casa, como parte de un sistema de home theatre.<span class=\"Apple-converted-space\">\u00a0<\/span><\/p>\n<p>La serie Solano de ELAC es un tributo a la perfecci\u00f3n auditiva y la excelencia de la ingenier\u00eda alemana. Estos altavoces son un testimonio de precisi\u00f3n e innovaci\u00f3n y cuentan con el estimado tweeter JET 6, un sello distintivo del compromiso de ELAC con la superioridad sonora. Dise\u00f1ado para envolverte en una sinfon\u00eda de claridad y profundidad, el tweeter JET 6, reconocido por su precisi\u00f3n y fidelidad, cautiva con agudos ricos y detallados que resuenan con realismo. Los altavoces Solano invitan a un viaje sonoro donde cada nota se reproduce con una precisi\u00f3n impecable, sumergi\u00e9ndote en una experiencia de audio que trasciende fronteras.<\/p>\n<p>Disponibles en gloss black o gloss white.<\/p>\n","protected":false},"featured_media":4153,"template":"","meta":[],"product_cat":[126,123,122,130,17],"product_tag":[31,196,195,206,40],"_links":{"self":[{"href":"https:\/\/baflesoviedo.com\/home\/wp-json\/wp\/v2\/product\/4152"}],"collection":[{"href":"https:\/\/baflesoviedo.com\/home\/wp-json\/wp\/v2\/product"}],"about":[{"href":"https:\/\/baflesoviedo.com\/home\/wp-json\/wp\/v2\/types\/product"}],"wp:featuredmedia":[{"embeddable":true,"href":"https:\/\/baflesoviedo.com\/home\/wp-json\/wp\/v2\/media\/4153"}],"wp:attachment":[{"href":"https:\/\/baflesoviedo.com\/home\/wp-json\/wp\/v2\/media?parent=4152"}],"wp:term":[{"taxonomy":"product_cat","embeddable":true,"href":"https:\/\/baflesoviedo.com\/home\/wp-json\/wp\/v2\/product_cat?post=4152"},{"taxonomy":"product_tag","embeddable":true,"href":"https:\/\/baflesoviedo.com\/home\/wp-json\/wp\/v2\/product_tag?post=4152"}],"curies":[{"name":"wp","href":"https:\/\/api.w.org\/{rel}","templated":true}]}}