{"id":4239,"date":"2024-11-29T04:38:51","date_gmt":"2024-11-29T04:38:51","guid":{"rendered":"https:\/\/baflesoviedo.com\/home\/?post_type=product&#038;p=4239"},"modified":"2025-12-26T18:01:10","modified_gmt":"2025-12-26T18:01:10","slug":"pro-ject-juke-box-e1-hifi-set-sistema-tornamesa-altavoces","status":"publish","type":"product","link":"https:\/\/baflesoviedo.com\/home\/product\/pro-ject-juke-box-e1-hifi-set-sistema-tornamesa-altavoces\/","title":{"rendered":"Pro-Ject, Juke Box E1 HiFi Set, Sistema Tornamesa + Altavoces"},"content":{"rendered":"<p><b>Especificaciones T\u00e9cnicas:<\/b><\/p>\n<table cellspacing=\"0\" cellpadding=\"0\">\n<tbody>\n<tr>\n<td valign=\"middle\"><b>Power output<\/b><\/td>\n<td valign=\"middle\">2 x 50 Wats (4 Ohm)<\/td>\n<\/tr>\n<tr>\n<td valign=\"middle\"><b>Outputs<\/b><\/td>\n<td valign=\"middle\">Speakers, Line out (fixed, record player signal only), Phono out<\/td>\n<\/tr>\n<tr>\n<td valign=\"middle\"><b>Inputs<\/b><\/td>\n<td valign=\"middle\">BT, 1x Line (analogue)<\/td>\n<\/tr>\n<tr>\n<td valign=\"middle\"><b>Speed<\/b><\/td>\n<td valign=\"middle\">33, 45 (electronic speed change)<\/td>\n<\/tr>\n<tr>\n<td valign=\"middle\"><b>Principle<\/b><\/td>\n<td valign=\"middle\">Belt drive<\/td>\n<\/tr>\n<tr>\n<td valign=\"middle\"><b>Platter<\/b><\/td>\n<td valign=\"middle\">300mm anti-resonant ABS polymer with feltmat<\/td>\n<\/tr>\n<tr>\n<td valign=\"middle\"><b>Main bearing<\/b><\/td>\n<td valign=\"middle\">Stainless steel in bronze bushing<\/td>\n<\/tr>\n<tr>\n<td valign=\"middle\"><b>Tonearm<\/b><\/td>\n<td valign=\"middle\">8.6\u201d aluminium<\/td>\n<\/tr>\n<tr>\n<td valign=\"middle\"><b>Included accessory<\/b><\/td>\n<td valign=\"middle\">Power supply, dust cover, remote control, Connect it LS E Flex 3m<\/td>\n<\/tr>\n<tr>\n<td valign=\"middle\"><b>Power consumption<\/b><\/td>\n<td valign=\"middle\">110W max<\/td>\n<\/tr>\n<tr>\n<td valign=\"middle\"><b>Dimensions (Juke Box E1)<\/b><\/td>\n<td valign=\"middle\">415 x 118 x 334mm (WxHxD)<\/td>\n<\/tr>\n<tr>\n<td valign=\"middle\"><b>Weight (Juke Box E1)<\/b><\/td>\n<td valign=\"middle\">5 kg netto<\/td>\n<\/tr>\n<tr>\n<td valign=\"middle\"><b>Dimensions (Speaker Box 5 E)<\/b><\/td>\n<td valign=\"middle\">160 x 255 x 210mm (WxHxD)<\/td>\n<\/tr>\n<tr>\n<td valign=\"middle\"><b>Weight (Speaker Box 5 E)<\/b><\/td>\n<td valign=\"middle\">4.2 kg netto<\/td>\n<\/tr>\n<\/tbody>\n<\/table>\n<p><a href=\"https:\/\/www.project-audio.com\/en\/product\/juke-box-e1-hifi-set\/\" target=\"_blank\" rel=\"noopener noreferrer\"><span style=\"color: #0000ff;\">Click aqu\u00ed para m\u00e1s informaci\u00f3n del producto.<\/span><\/a><\/p>\n","protected":false},"excerpt":{"rendered":"<p>El sistema Juke Box E1 es una forma pr\u00e1ctica de hacerse de un sistema completo: tocadiscos, etapa de phono, receptor BT, preamplificador de l\u00ednea y amplificador de potencia con un par de altavoces. Se trata de un todo-en-uno super completo, con tocadiscos ya pre-ajustado de f\u00e1brica para una instalaci\u00f3n r\u00e1pida. Su sistema anti-deslizante y fuerza de tracking vienen optimizados para la pastilla Ortofon OM 5E pre-montada en este modelo.<span class=\"Apple-converted-space\">\u00a0<\/span><\/p>\n<p>El Speaker Box 5 E incluido es un altavoz monitor de 2 v\u00edas para audi\u00f3filos que utiliza un sistema bass reflex. Ofrece graves claros, y es el compa\u00f1ero perfecto para el tocadiscos Juke Box E1. Se conectan los altavoces al tocadiscos, y su configuraci\u00f3n Hi-Fi estar\u00e1 lista. Con su gama completa de entradas anal\u00f3gicas y digitales, el Juke Box E1 HiFi Set es una soluci\u00f3n integral atractiva y audi\u00f3fila. Disponible en acabados high gloss white, high gloss black, high gloss red y walnut.<span class=\"Apple-converted-space\">\u00a0<\/span><\/p>\n<p><strong>En la caja:<\/strong><\/p>\n<p>\u2014Tocadiscos Juke Box E1 con cartucho Ortofon OM 5E<br \/>\n\u2014Altavoces Speaker Box 5E<br \/>\n\u2014Cables de altavoz Connect it LS E Flex (3m)<br \/>\n\u2014Control remoto con bater\u00edas<br \/>\n\u2014Mat de fieltro para tocadiscos<br \/>\n\u2014Cubierta\/tapa para tocadiscos<br \/>\n\u2014Fuente de alimentaci\u00f3n<\/p>\n","protected":false},"featured_media":4253,"template":"","meta":[],"product_cat":[126,122,37,17,19,23],"product_tag":[183,184,56,62],"_links":{"self":[{"href":"https:\/\/baflesoviedo.com\/home\/wp-json\/wp\/v2\/product\/4239"}],"collection":[{"href":"https:\/\/baflesoviedo.com\/home\/wp-json\/wp\/v2\/product"}],"about":[{"href":"https:\/\/baflesoviedo.com\/home\/wp-json\/wp\/v2\/types\/product"}],"wp:featuredmedia":[{"embeddable":true,"href":"https:\/\/baflesoviedo.com\/home\/wp-json\/wp\/v2\/media\/4253"}],"wp:attachment":[{"href":"https:\/\/baflesoviedo.com\/home\/wp-json\/wp\/v2\/media?parent=4239"}],"wp:term":[{"taxonomy":"product_cat","embeddable":true,"href":"https:\/\/baflesoviedo.com\/home\/wp-json\/wp\/v2\/product_cat?post=4239"},{"taxonomy":"product_tag","embeddable":true,"href":"https:\/\/baflesoviedo.com\/home\/wp-json\/wp\/v2\/product_tag?post=4239"}],"curies":[{"name":"wp","href":"https:\/\/api.w.org\/{rel}","templated":true}]}}