{"id":4245,"date":"2024-11-29T04:45:31","date_gmt":"2024-11-29T04:45:31","guid":{"rendered":"https:\/\/baflesoviedo.com\/home\/?post_type=product&#038;p=4245"},"modified":"2025-12-17T00:44:34","modified_gmt":"2025-12-17T00:44:34","slug":"pro-ject-bt-box-e-hd-receptor","status":"publish","type":"product","link":"https:\/\/baflesoviedo.com\/home\/product\/pro-ject-bt-box-e-hd-receptor\/","title":{"rendered":"Pro-Ject, BT Box E HD, Receptor Bluetooth"},"content":{"rendered":"<p><b>Especificaciones T\u00e9cnicas:<\/b><\/p>\n<table cellspacing=\"0\" cellpadding=\"0\">\n<tbody>\n<tr>\n<td valign=\"middle\"><b>Effective working range<\/b><\/td>\n<td valign=\"middle\">up to 10m (direct visibility)<\/td>\n<\/tr>\n<tr>\n<td valign=\"middle\"><b>Bluetooth profile<\/b><\/td>\n<td valign=\"middle\">BT5.0, A2DP<\/td>\n<\/tr>\n<tr>\n<td valign=\"middle\"><b>Supported codecs<\/b><\/td>\n<td valign=\"middle\">aptX, aptX HD, SBC<\/td>\n<\/tr>\n<tr>\n<td valign=\"middle\"><b>Frequency<\/b><\/td>\n<td valign=\"middle\">2402 ~ 2480 Mhz<\/td>\n<\/tr>\n<tr>\n<td valign=\"middle\"><b>Sensitivity<\/b><\/td>\n<td valign=\"middle\">&#8211; 88dBm<\/td>\n<\/tr>\n<tr>\n<td valign=\"middle\"><b>Audio Output Level (nominal)<\/b><\/td>\n<td valign=\"middle\">2 Vrms<\/td>\n<\/tr>\n<tr>\n<td valign=\"middle\"><b>Frequency response<\/b><\/td>\n<td valign=\"middle\">20 Hz \u2013 20 kHz<\/td>\n<\/tr>\n<tr>\n<td valign=\"middle\"><b>Analogue output<\/b><\/td>\n<td valign=\"middle\">RCA Stereo<\/td>\n<\/tr>\n<tr>\n<td valign=\"middle\"><b>Digital output<\/b><\/td>\n<td valign=\"middle\">optical S\/PDIF (Toslink)<\/td>\n<\/tr>\n<tr>\n<td valign=\"middle\"><b>Outboard power supply<\/b><\/td>\n<td valign=\"middle\">18V\/500mA DC; 220-240V, 50- 60Hz<\/td>\n<\/tr>\n<tr>\n<td valign=\"middle\"><b>Standby power consumption<\/b><\/td>\n<td valign=\"middle\">&lt; 1 watts<\/td>\n<\/tr>\n<tr>\n<td valign=\"middle\"><b>Dimension W x H x D (D with sockets)<\/b><\/td>\n<td valign=\"middle\">120 x 32 x 100mm (115 mm)<\/td>\n<\/tr>\n<tr>\n<td valign=\"middle\"><b>Weight<\/b><\/td>\n<td valign=\"middle\">250 g without power supply<\/td>\n<\/tr>\n<\/tbody>\n<\/table>\n<p><a href=\"https:\/\/www.project-audio.com\/en\/product\/bluetooth-box-e-hd\/\" target=\"_blank\" rel=\"noopener noreferrer\"><span style=\"color: #0000ff;\">Click aqu\u00ed para m\u00e1s informaci\u00f3n del producto.<\/span><\/a><\/p>\n","protected":false},"excerpt":{"rendered":"<p>Los tel\u00e9fonos inteligentes y las tabletas ofrecen la posibilidad de transmitir m\u00fasica de forma inal\u00e1mbrica a trav\u00e9s de Bluetooth. El BT Box E HD es una soluci\u00f3n rentable para transmitir audio a su existente sistema de alta fidelidad, ya sea mediante conexiones RCA anal\u00f3gicas u \u00f3pticas digitales. Es compatible con SBC standard, aptX de calidad audi\u00f3fila y aptX HD de alta resoluci\u00f3n.<span class=\"Apple-converted-space\">\u00a0<\/span><\/p>\n<p>Emparejar cualquier dispositivo con BT Box E HD es r\u00e1pido y f\u00e1cil, y cada conexi\u00f3n funciona de manera confiable en un radio de hasta 10 metros (cuando est\u00e1 a la vista directa). Tambi\u00e9n hay una memoria interna para hasta 8 dispositivos inal\u00e1mbricos diferentes, para que toda la familia pueda transmitir su propio contenido con facilidad. Para agregar transmisi\u00f3n Bluetooth a su tocadiscos existente, el Phono Box E BT5 es el complemento perfecto para transmitir desde el tocadiscos a su BT Box E HD.<\/p>\n<p>Disponible en acabados blanco o negro.<span class=\"Apple-converted-space\">\u00a0<\/span><\/p>\n","protected":false},"featured_media":4252,"template":"","meta":[],"product_cat":[19,23],"product_tag":[80,56,220],"_links":{"self":[{"href":"https:\/\/baflesoviedo.com\/home\/wp-json\/wp\/v2\/product\/4245"}],"collection":[{"href":"https:\/\/baflesoviedo.com\/home\/wp-json\/wp\/v2\/product"}],"about":[{"href":"https:\/\/baflesoviedo.com\/home\/wp-json\/wp\/v2\/types\/product"}],"wp:featuredmedia":[{"embeddable":true,"href":"https:\/\/baflesoviedo.com\/home\/wp-json\/wp\/v2\/media\/4252"}],"wp:attachment":[{"href":"https:\/\/baflesoviedo.com\/home\/wp-json\/wp\/v2\/media?parent=4245"}],"wp:term":[{"taxonomy":"product_cat","embeddable":true,"href":"https:\/\/baflesoviedo.com\/home\/wp-json\/wp\/v2\/product_cat?post=4245"},{"taxonomy":"product_tag","embeddable":true,"href":"https:\/\/baflesoviedo.com\/home\/wp-json\/wp\/v2\/product_tag?post=4245"}],"curies":[{"name":"wp","href":"https:\/\/api.w.org\/{rel}","templated":true}]}}