{"id":4343,"date":"2025-01-20T20:51:35","date_gmt":"2025-01-20T20:51:35","guid":{"rendered":"https:\/\/baflesoviedo.com\/home\/?post_type=product&#038;p=4343"},"modified":"2025-07-16T23:07:31","modified_gmt":"2025-07-16T23:07:31","slug":"pro-ject-speaker-box-5-e-altavoces-librero","status":"publish","type":"product","link":"https:\/\/baflesoviedo.com\/home\/product\/pro-ject-speaker-box-5-e-altavoces-librero\/","title":{"rendered":"Pro-Ject, Speaker Box 5 E, Altavoces Librero"},"content":{"rendered":"<p><b>Especificaciones T\u00e9cnicas:<\/b><\/p>\n<table cellspacing=\"0\" cellpadding=\"0\">\n<tbody>\n<tr>\n<td valign=\"middle\"><b>Enclosure type:<\/b><\/td>\n<td valign=\"middle\">bass reflex via rear firing port<\/td>\n<\/tr>\n<tr>\n<td valign=\"middle\"><b>Recommended amplifier power:<\/b><\/td>\n<td valign=\"middle\">10 to 140 watts<\/td>\n<\/tr>\n<tr>\n<td valign=\"middle\"><b>Frequency response:<\/b><\/td>\n<td valign=\"middle\">68Hz &#8211; 20kHz<\/td>\n<\/tr>\n<tr>\n<td valign=\"middle\"><b>Nominal impedance:<\/b><\/td>\n<td valign=\"middle\">4 ohms<\/td>\n<\/tr>\n<tr>\n<td valign=\"middle\"><b>Sensitivity:<\/b><\/td>\n<td valign=\"middle\">86dB (1w \/1m)<\/td>\n<\/tr>\n<tr>\n<td valign=\"middle\"><b>Chassis:<\/b><\/td>\n<td valign=\"middle\">1\u201d silk dome tweeter<\/td>\n<\/tr>\n<tr>\n<td valign=\"middle\"><\/td>\n<td valign=\"middle\">5\u201d fiber glass bass\/mid<\/td>\n<\/tr>\n<tr>\n<td valign=\"middle\"><b>Dimensions:<\/b><\/td>\n<td valign=\"middle\">265 x 160 x 198 mm (HxWxD)<\/td>\n<\/tr>\n<tr>\n<td valign=\"middle\"><b>Weight:<\/b><\/td>\n<td valign=\"middle\">4,04 kg each<\/td>\n<\/tr>\n<\/tbody>\n<\/table>\n<p><a href=\"https:\/\/www.project-audio.com\/en\/product\/speaker-box-5-e\/\" target=\"_blank\" rel=\"noopener noreferrer\"><span style=\"color: #0000ff;\">Click aqu\u00ed para m\u00e1s informaci\u00f3n del producto.<\/span><\/a><\/p>\n","protected":false},"excerpt":{"rendered":"<p>Estos altavoces de librero han sido un elemento b\u00e1sico de la l\u00ednea Pro-Ject, en producci\u00f3n durante m\u00e1s de 15 a\u00f1os. El Speaker Box 5 E es el sucesor y la nueva versi\u00f3n de este cl\u00e1sico de todos los tiempos: un peque\u00f1o altavoz bookshelf con un sonido excepcional.<\/p>\n<ul>\n<li>L\u00edneas de bajos bien afinadas y vibrantes<\/li>\n<li>Din\u00e1mica viva<\/li>\n<li>Coloraci\u00f3n sorprendentemente baja<\/li>\n<li>Buena transparencia y profundidad de imagen razonable<\/li>\n<li>Graves r\u00e1pidos y melodiosos<\/li>\n<li>Disponible en acabados high gloss black, high gloss white, high gloss red, wood.<span class=\"Apple-converted-space\">\u00a0<\/span><\/li>\n<\/ul>\n","protected":false},"featured_media":4346,"template":"","meta":[],"product_cat":[122,130,17],"product_tag":[184,40,56],"_links":{"self":[{"href":"https:\/\/baflesoviedo.com\/home\/wp-json\/wp\/v2\/product\/4343"}],"collection":[{"href":"https:\/\/baflesoviedo.com\/home\/wp-json\/wp\/v2\/product"}],"about":[{"href":"https:\/\/baflesoviedo.com\/home\/wp-json\/wp\/v2\/types\/product"}],"wp:featuredmedia":[{"embeddable":true,"href":"https:\/\/baflesoviedo.com\/home\/wp-json\/wp\/v2\/media\/4346"}],"wp:attachment":[{"href":"https:\/\/baflesoviedo.com\/home\/wp-json\/wp\/v2\/media?parent=4343"}],"wp:term":[{"taxonomy":"product_cat","embeddable":true,"href":"https:\/\/baflesoviedo.com\/home\/wp-json\/wp\/v2\/product_cat?post=4343"},{"taxonomy":"product_tag","embeddable":true,"href":"https:\/\/baflesoviedo.com\/home\/wp-json\/wp\/v2\/product_tag?post=4343"}],"curies":[{"name":"wp","href":"https:\/\/api.w.org\/{rel}","templated":true}]}}