{"id":4457,"date":"2025-04-08T00:14:17","date_gmt":"2025-04-08T00:14:17","guid":{"rendered":"https:\/\/baflesoviedo.com\/home\/?post_type=product&#038;p=4457"},"modified":"2025-07-27T20:22:43","modified_gmt":"2025-07-27T20:22:43","slug":"pro-ject-pick-it-mm5-pastilla-tocadiscos","status":"publish","type":"product","link":"https:\/\/baflesoviedo.com\/home\/product\/pro-ject-pick-it-mm5-pastilla-tocadiscos\/","title":{"rendered":"Pro-Ject, Pick it MM5, Pastilla Tornamesa (MM)"},"content":{"rendered":"<p><b>Especificaciones T\u00e9cnicas:<\/b><\/p>\n<table cellspacing=\"0\" cellpadding=\"0\">\n<tbody>\n<tr>\n<td valign=\"middle\"><b>Cartridge principle:<\/b><\/td>\n<td valign=\"middle\">MM (Moving-Magnet)<\/td>\n<\/tr>\n<tr>\n<td valign=\"middle\"><b>Output voltage<\/b><\/td>\n<td valign=\"middle\">4 mV<\/td>\n<\/tr>\n<tr>\n<td valign=\"middle\"><b>Channel separation at 1 kHz:<\/b><\/td>\n<td valign=\"middle\">25 dB<\/td>\n<\/tr>\n<tr>\n<td valign=\"middle\"><b>Trackability (315 Hz, lateral)<\/b><\/td>\n<td valign=\"middle\">80 \u00b5m<\/td>\n<\/tr>\n<tr>\n<td valign=\"middle\"><b>Frequency response:<\/b><\/td>\n<td valign=\"middle\">20 &#8211; 25 000 Hz (\u00b1 2 dB)<\/td>\n<\/tr>\n<tr>\n<td valign=\"middle\"><b>Stylus type<\/b><\/td>\n<td valign=\"middle\">Nude Elliptical<\/td>\n<\/tr>\n<tr>\n<td valign=\"middle\"><b>Stylus tip radius:<\/b><\/td>\n<td valign=\"middle\">r\/R 8\/18 \u03bcm<\/td>\n<\/tr>\n<tr>\n<td valign=\"middle\"><b>Tracking force, range:<\/b><\/td>\n<td valign=\"middle\">1,6 &#8211; 2 g (mN)<\/td>\n<\/tr>\n<tr>\n<td valign=\"middle\"><b>Recommended tracking force<\/b><\/td>\n<td valign=\"middle\">1,8 g (mN)<\/td>\n<\/tr>\n<tr>\n<td valign=\"middle\"><b>Tracking angle:<\/b><\/td>\n<td valign=\"middle\">20\u00b0<\/td>\n<\/tr>\n<tr>\n<td valign=\"middle\"><b>Recommended load resistance<\/b><\/td>\n<td valign=\"middle\">47 k\u2126<\/td>\n<\/tr>\n<tr>\n<td valign=\"middle\"><b>Recommended load capacitance<\/b><\/td>\n<td valign=\"middle\">150 &#8211; 300 pF<\/td>\n<\/tr>\n<tr>\n<td valign=\"middle\"><b>Weight<\/b><\/td>\n<td valign=\"middle\">7.2 g<\/td>\n<\/tr>\n<\/tbody>\n<\/table>\n<p><a href=\"https:\/\/www.project-audio.com\/en\/product\/pick-it-mm-5\/\" target=\"_blank\" rel=\"noopener noreferrer\"><span style=\"color: #0000ff;\">Click aqu\u00ed para m\u00e1s informaci\u00f3n del producto.<\/span><\/a><\/p>\n","protected":false},"excerpt":{"rendered":"<p>&nbsp;<\/p>\n<p>El nuevo cartucho premium Pick it MM 5 est\u00e1 fabricado por los expertos en cartuchos fonogr\u00e1ficos de Ortofon, y cuidadosamente dise\u00f1ado por el equipo de dise\u00f1o de Pro-Ject Audio Systems.<\/p>\n<p>Esta pastilla viene equipada con una punta de aguja el\u00edptica lisa, que resulta en una reproducci\u00f3n de sonido altamente detallada. La Pick it MM 5 revela todos los microdetalles de un disco que quedan ocultos con un cartucho de menor calidad. Los instrumentos se pueden localizar con gran claridad y las voces se separan de la imagen est\u00e9reo, creando una gran escena sonora.<span class=\"Apple-converted-space\">\u00a0<\/span><\/p>\n<p>Fue fabricada con una combinaci\u00f3n \u00fanica de tecnolog\u00edas. Una de ellas es el conocido sistema de pines de polo dividido de Ortofon. Esto le permite tener una respuesta de frecuencia plana, comparable a la de los cartuchos MC.<\/p>\n","protected":false},"featured_media":4458,"template":"","meta":[],"product_cat":[130,37],"product_tag":[202,56,62],"_links":{"self":[{"href":"https:\/\/baflesoviedo.com\/home\/wp-json\/wp\/v2\/product\/4457"}],"collection":[{"href":"https:\/\/baflesoviedo.com\/home\/wp-json\/wp\/v2\/product"}],"about":[{"href":"https:\/\/baflesoviedo.com\/home\/wp-json\/wp\/v2\/types\/product"}],"wp:featuredmedia":[{"embeddable":true,"href":"https:\/\/baflesoviedo.com\/home\/wp-json\/wp\/v2\/media\/4458"}],"wp:attachment":[{"href":"https:\/\/baflesoviedo.com\/home\/wp-json\/wp\/v2\/media?parent=4457"}],"wp:term":[{"taxonomy":"product_cat","embeddable":true,"href":"https:\/\/baflesoviedo.com\/home\/wp-json\/wp\/v2\/product_cat?post=4457"},{"taxonomy":"product_tag","embeddable":true,"href":"https:\/\/baflesoviedo.com\/home\/wp-json\/wp\/v2\/product_tag?post=4457"}],"curies":[{"name":"wp","href":"https:\/\/api.w.org\/{rel}","templated":true}]}}