{"id":4460,"date":"2025-04-08T00:40:53","date_gmt":"2025-04-08T00:40:53","guid":{"rendered":"https:\/\/baflesoviedo.com\/home\/?post_type=product&#038;p=4460"},"modified":"2025-07-27T20:22:54","modified_gmt":"2025-07-27T20:22:54","slug":"pro-ject-pick-it-mm-evo-pastilla-tocadiscos","status":"publish","type":"product","link":"https:\/\/baflesoviedo.com\/home\/product\/pro-ject-pick-it-mm-evo-pastilla-tocadiscos\/","title":{"rendered":"Pro-Ject, Pick it MM EVO, Pastilla Tornamesa (MM)"},"content":{"rendered":"<p><b>Especificaciones T\u00e9cnicas:<\/b><\/p>\n<table cellspacing=\"0\" cellpadding=\"0\">\n<tbody>\n<tr>\n<td valign=\"middle\"><b>Cartridge principle:<\/b><\/td>\n<td valign=\"middle\">MM (Moving-Magnet)<\/td>\n<\/tr>\n<tr>\n<td valign=\"middle\"><b>Output voltage<\/b><\/td>\n<td valign=\"middle\">7 mV<\/td>\n<\/tr>\n<tr>\n<td valign=\"middle\"><b>Channel separation at 1 kHz:<\/b><\/td>\n<td valign=\"middle\">22dB<\/td>\n<\/tr>\n<tr>\n<td valign=\"middle\"><b>Trackability (315 Hz, lateral)<\/b><\/td>\n<td valign=\"middle\">70 \u00b5m<\/td>\n<\/tr>\n<tr>\n<td valign=\"middle\"><b>Frequency response:<\/b><\/td>\n<td valign=\"middle\">20 &#8211; 20 000 Hz (+3 \/-1 dB)<\/td>\n<\/tr>\n<tr>\n<td valign=\"middle\"><b>Stylus type<\/b><\/td>\n<td valign=\"middle\">elliptical<\/td>\n<\/tr>\n<tr>\n<td valign=\"middle\"><b>Stylus tip radius:<\/b><\/td>\n<td valign=\"middle\">r\/R 8\/18 \u03bcm<\/td>\n<\/tr>\n<tr>\n<td valign=\"middle\"><b>Tracking force, range:<\/b><\/td>\n<td valign=\"middle\">1,6 &#8211; 2 g (mN)<\/td>\n<\/tr>\n<tr>\n<td valign=\"middle\"><b>Recommended tracking force<\/b><\/td>\n<td valign=\"middle\">1,8 g (mN)<\/td>\n<\/tr>\n<tr>\n<td valign=\"middle\"><b>Tracking angle:<\/b><\/td>\n<td valign=\"middle\">20\u00b0<\/td>\n<\/tr>\n<tr>\n<td valign=\"middle\"><b>Recommended load resistance<\/b><\/td>\n<td valign=\"middle\">47 k\u2126<\/td>\n<\/tr>\n<tr>\n<td valign=\"middle\"><b>Recommended load capacitance<\/b><\/td>\n<td valign=\"middle\">150 &#8211; 300 pF<\/td>\n<\/tr>\n<tr>\n<td valign=\"middle\"><b>Weight<\/b><\/td>\n<td valign=\"middle\">7.2 g<\/td>\n<\/tr>\n<\/tbody>\n<\/table>\n<p><a href=\"https:\/\/www.project-audio.com\/en\/product\/pick-it-mm-evo\/\" target=\"_blank\" rel=\"noopener noreferrer\"><span style=\"color: #0000ff;\">Click aqu\u00ed para m\u00e1s informaci\u00f3n del producto.<\/span><\/a><\/p>\n","protected":false},"excerpt":{"rendered":"<p>La nueva pastilla Pick it MM EVO, de alta din\u00e1mica y salida de 7 mV, est\u00e1 fabricada por los expertos en c\u00e1psulas phono de Ortofon, y cuidadosamente dise\u00f1ada por el equipo de dise\u00f1o de Pro-Ject Audio Systems.<\/p>\n<p>Est\u00e1 equipada con una punta el\u00edptica especial. Ofrece una reproducci\u00f3n de sonido detallada y una imagen sonora amplia. Es una c\u00e1psula con un rendimiento sensato y fascinantes recursos musicales. Fijada a un robusto cantilever, utilizado en c\u00e1psulas para DJ, esta c\u00e1psula no solo sonar\u00e1 de maravilla, sino que tambi\u00e9n ser\u00e1 muy resistente.<\/p>\n<p>La c\u00e1psula est\u00e1 fabricada con una combinaci\u00f3n \u00fanica de tecnolog\u00edas, entre ellas los conocidos pines de polo dividido de Ortofon. Esto le permite tener una respuesta de frecuencia plana, comparable a la de las c\u00e1psulas MC.<\/p>\n","protected":false},"featured_media":4461,"template":"","meta":[],"product_cat":[130,37],"product_tag":[202,56,62],"_links":{"self":[{"href":"https:\/\/baflesoviedo.com\/home\/wp-json\/wp\/v2\/product\/4460"}],"collection":[{"href":"https:\/\/baflesoviedo.com\/home\/wp-json\/wp\/v2\/product"}],"about":[{"href":"https:\/\/baflesoviedo.com\/home\/wp-json\/wp\/v2\/types\/product"}],"wp:featuredmedia":[{"embeddable":true,"href":"https:\/\/baflesoviedo.com\/home\/wp-json\/wp\/v2\/media\/4461"}],"wp:attachment":[{"href":"https:\/\/baflesoviedo.com\/home\/wp-json\/wp\/v2\/media?parent=4460"}],"wp:term":[{"taxonomy":"product_cat","embeddable":true,"href":"https:\/\/baflesoviedo.com\/home\/wp-json\/wp\/v2\/product_cat?post=4460"},{"taxonomy":"product_tag","embeddable":true,"href":"https:\/\/baflesoviedo.com\/home\/wp-json\/wp\/v2\/product_tag?post=4460"}],"curies":[{"name":"wp","href":"https:\/\/api.w.org\/{rel}","templated":true}]}}