{"id":4475,"date":"2025-04-08T01:00:06","date_gmt":"2025-04-08T01:00:06","guid":{"rendered":"https:\/\/baflesoviedo.com\/home\/?post_type=product&#038;p=4475"},"modified":"2025-06-17T01:50:06","modified_gmt":"2025-06-17T01:50:06","slug":"pro-ject-colourful-audio-system-e-all-in-one-equipo-completo-tocadiscos","status":"publish","type":"product","link":"https:\/\/baflesoviedo.com\/home\/product\/pro-ject-colourful-audio-system-e-all-in-one-equipo-completo-tocadiscos\/","title":{"rendered":"Pro-Ject, Colourful Audio System E, All-in-one Equipo Completo &#038; Tocadiscos"},"content":{"rendered":"<p><b>Especificaciones T\u00e9cnicas:<\/b><\/p>\n<table cellspacing=\"0\" cellpadding=\"0\">\n<tbody>\n<tr>\n<td valign=\"middle\"><b>Debut E<\/b><\/td>\n<td valign=\"middle\"><\/td>\n<\/tr>\n<tr>\n<td valign=\"middle\"><b>Speed<\/b><\/td>\n<td valign=\"middle\">33, 45\/(78) (electronic speed change)<\/td>\n<\/tr>\n<tr>\n<td valign=\"middle\"><b>Drive principle:<\/b><\/td>\n<td valign=\"middle\">belt drive, electronic speed control<\/td>\n<\/tr>\n<tr>\n<td valign=\"middle\"><b>Platter:<\/b><\/td>\n<td valign=\"middle\">300mm, steel platter<\/td>\n<\/tr>\n<tr>\n<td valign=\"middle\"><b>Platter bearing:<\/b><\/td>\n<td valign=\"middle\">Stainless steel axle in bronze bushing<\/td>\n<\/tr>\n<tr>\n<td valign=\"middle\"><b>Wow &amp; flutter:<\/b><\/td>\n<td valign=\"middle\">33: +\/-0,22%; 45: +\/-0,21%<\/td>\n<\/tr>\n<tr>\n<td valign=\"middle\"><b>Speed drift:<\/b><\/td>\n<td valign=\"middle\">33: +\/-0,80%; 45: +\/-0,85%<\/td>\n<\/tr>\n<tr>\n<td valign=\"middle\"><b>Signal to noise:<\/b><\/td>\n<td valign=\"middle\">68dB<\/td>\n<\/tr>\n<tr>\n<td valign=\"middle\"><b>Tonearm:<\/b><\/td>\n<td valign=\"middle\">8,6\u201d one-piece aluminium tonearm<\/td>\n<\/tr>\n<tr>\n<td valign=\"middle\"><b>Effective arm length:<\/b><\/td>\n<td valign=\"middle\">218,5 mm<\/td>\n<\/tr>\n<tr>\n<td valign=\"middle\"><b>Overhang:<\/b><\/td>\n<td valign=\"middle\">18,5mm<\/td>\n<\/tr>\n<tr>\n<td valign=\"middle\"><b>Included accessories<\/b><\/td>\n<td valign=\"middle\">15V DC \/ 0,8A power supply, dust cover, 78 RPM round belt, 7\u2018\u2018 single adapter<\/td>\n<\/tr>\n<tr>\n<td valign=\"middle\"><b>Power consumption<\/b><\/td>\n<td valign=\"middle\">4W \/ 0W standby<\/td>\n<\/tr>\n<tr>\n<td valign=\"middle\"><b>Dimensions &#8211; dustcover open:<\/b><\/td>\n<td valign=\"middle\">415 x 365 x 405mm (WxHxD)<\/td>\n<\/tr>\n<tr>\n<td valign=\"middle\"><b>Weight<\/b><\/td>\n<td valign=\"middle\">5,5 kg net (7 kg incl. packaging)<\/td>\n<\/tr>\n<tr>\n<td valign=\"middle\"><b>__________________________________________<\/b><\/td>\n<td valign=\"middle\">__________________________________________<\/td>\n<\/tr>\n<tr>\n<td valign=\"middle\"><b>Stereo Box E<\/b><\/td>\n<td valign=\"middle\"><\/td>\n<\/tr>\n<tr>\n<td valign=\"middle\"><b>Power output<\/b><\/td>\n<td valign=\"middle\">2x 40W at 4 ohms (1% THD)<\/td>\n<\/tr>\n<tr>\n<td valign=\"middle\"><b>THD:<\/b><\/td>\n<td valign=\"middle\">&lt; 0,12% at 5W \/ 4 ohms<\/td>\n<\/tr>\n<tr>\n<td valign=\"middle\"><b>Phono MM input:<\/b><\/td>\n<td valign=\"middle\">1 x RCA with grounding screw<\/td>\n<\/tr>\n<tr>\n<td valign=\"middle\"><b>Line level inputs:<\/b><\/td>\n<td valign=\"middle\">1 x RCA, 1 x 3.5mm<\/td>\n<\/tr>\n<tr>\n<td valign=\"middle\"><b>BT music receiver codec:<\/b><\/td>\n<td valign=\"middle\">aptX, aptX HD, A2DP<\/td>\n<\/tr>\n<tr>\n<td valign=\"middle\"><b>Outboard power supply:<\/b><\/td>\n<td valign=\"middle\">20V\/3A DC<\/td>\n<\/tr>\n<tr>\n<td valign=\"middle\"><b>Standby power consumption<\/b><\/td>\n<td valign=\"middle\">&lt; 0,5W<\/td>\n<\/tr>\n<tr>\n<td valign=\"middle\"><b>Included accessories<\/b><\/td>\n<td valign=\"middle\">Remote control, power supply<\/td>\n<\/tr>\n<tr>\n<td valign=\"middle\"><b>Dimensions<\/b><\/td>\n<td valign=\"middle\">206x51x186 mm (WxHxD)<\/td>\n<\/tr>\n<tr>\n<td valign=\"middle\"><b>Weight<\/b><\/td>\n<td valign=\"middle\">1 kg without power supply (2 kg incl. packaging)<\/td>\n<\/tr>\n<tr>\n<td valign=\"middle\"><b>__________________________________________<\/b><\/td>\n<td valign=\"middle\">__________________________________________<\/td>\n<\/tr>\n<tr>\n<td valign=\"middle\"><b>Speaker Box 5 E Carbon<\/b><\/td>\n<td valign=\"middle\"><\/td>\n<\/tr>\n<tr>\n<td valign=\"middle\"><b>Enclosure type:<\/b><\/td>\n<td valign=\"middle\">bass reflex via rear firing port<\/td>\n<\/tr>\n<tr>\n<td valign=\"middle\"><b>Recommended amplifier power:<\/b><\/td>\n<td valign=\"middle\">10 to 150 watts<\/td>\n<\/tr>\n<tr>\n<td valign=\"middle\"><b>Frequency response:<\/b><\/td>\n<td valign=\"middle\">65Hz &#8211; 20kHz<\/td>\n<\/tr>\n<tr>\n<td valign=\"middle\"><b>Nominal impedance<\/b><\/td>\n<td valign=\"middle\">4 Ohm<\/td>\n<\/tr>\n<tr>\n<td valign=\"middle\"><b>Sensitivity:<\/b><\/td>\n<td valign=\"middle\">86dB (1w \/1m)<\/td>\n<\/tr>\n<tr>\n<td valign=\"middle\"><b>Chassis:<\/b><\/td>\n<td valign=\"middle\">1\u201d silk dome tweeter<\/td>\n<\/tr>\n<tr>\n<td valign=\"middle\"><\/td>\n<td valign=\"middle\">5\u201d carbon fiber glass bass\/mid<\/td>\n<\/tr>\n<tr>\n<td valign=\"middle\"><b>Dimensions<\/b><\/td>\n<td valign=\"middle\">270 x 165 x 220 mm (HxWxD)<\/td>\n<\/tr>\n<tr>\n<td valign=\"middle\"><b>Included accessories<\/b><\/td>\n<td valign=\"middle\">Speaker grills (black)<\/td>\n<\/tr>\n<tr>\n<td valign=\"middle\"><b>Weight<\/b><\/td>\n<td valign=\"middle\">4,76 kg each (10 kg incl. packaging total)<\/td>\n<\/tr>\n<\/tbody>\n<\/table>\n<p><a href=\"https:\/\/www.project-audio.com\/en\/product\/colourful-audio-system-e\/\" target=\"_blank\" rel=\"noopener noreferrer\"><span style=\"color: #0000ff;\">Click aqu\u00ed para m\u00e1s informaci\u00f3n del producto.<\/span><\/a><\/p>\n","protected":false},"excerpt":{"rendered":"<p>Equipo Hi-Fi todo-en-uno que incluye el tocadiscos Debut E, amplificador integrado Stereo Box E (acabado negro), altavoces Stereo Box 5 E Carbon y cables de altavoz LS E Flex. Disponible en acabados satin (white, black, golden yellow, fir green, steel blue) y real wood.<span class=\"Apple-converted-space\">\u00a0<\/span><\/p>\n","protected":false},"featured_media":4476,"template":"","meta":[],"product_cat":[122,130,37,17,19,23],"product_tag":[183,184,163,56,62],"_links":{"self":[{"href":"https:\/\/baflesoviedo.com\/home\/wp-json\/wp\/v2\/product\/4475"}],"collection":[{"href":"https:\/\/baflesoviedo.com\/home\/wp-json\/wp\/v2\/product"}],"about":[{"href":"https:\/\/baflesoviedo.com\/home\/wp-json\/wp\/v2\/types\/product"}],"wp:featuredmedia":[{"embeddable":true,"href":"https:\/\/baflesoviedo.com\/home\/wp-json\/wp\/v2\/media\/4476"}],"wp:attachment":[{"href":"https:\/\/baflesoviedo.com\/home\/wp-json\/wp\/v2\/media?parent=4475"}],"wp:term":[{"taxonomy":"product_cat","embeddable":true,"href":"https:\/\/baflesoviedo.com\/home\/wp-json\/wp\/v2\/product_cat?post=4475"},{"taxonomy":"product_tag","embeddable":true,"href":"https:\/\/baflesoviedo.com\/home\/wp-json\/wp\/v2\/product_tag?post=4475"}],"curies":[{"name":"wp","href":"https:\/\/api.w.org\/{rel}","templated":true}]}}