{"id":4482,"date":"2025-04-08T01:12:09","date_gmt":"2025-04-08T01:12:09","guid":{"rendered":"https:\/\/baflesoviedo.com\/home\/?post_type=product&#038;p=4482"},"modified":"2025-06-17T01:49:53","modified_gmt":"2025-06-17T01:49:53","slug":"pro-ject-colourful-audio-system-2-all-in-one-equipo-completo-tocadiscos","status":"publish","type":"product","link":"https:\/\/baflesoviedo.com\/home\/product\/pro-ject-colourful-audio-system-2-all-in-one-equipo-completo-tocadiscos\/","title":{"rendered":"Pro-Ject, Colourful Audio System 2, All-in-one Equipo Completo &#038; Tocadiscos"},"content":{"rendered":"<p><b>Especificaciones T\u00e9cnicas:<\/b><\/p>\n<table cellspacing=\"0\" cellpadding=\"0\">\n<tbody>\n<tr>\n<td valign=\"middle\"><b>Debut EVO 2<\/b><\/td>\n<td valign=\"middle\"><\/td>\n<\/tr>\n<tr>\n<td valign=\"middle\"><b>Speed<\/b><\/td>\n<td valign=\"middle\">33, 45 (electronic speed change)<\/td>\n<\/tr>\n<tr>\n<td valign=\"middle\"><b>Included accessories<\/b><\/td>\n<td valign=\"middle\">15V DC \/ 0,8A power supply, dust cover, 78 RPM round belt, 7\u2018\u2018 single adapter<\/td>\n<\/tr>\n<tr>\n<td valign=\"middle\"><b>Power consumption<\/b><\/td>\n<td valign=\"middle\">4W \/ 0W standby<\/td>\n<\/tr>\n<tr>\n<td valign=\"middle\"><b>Dimensions<\/b><\/td>\n<td valign=\"middle\">415 x 113 x 320mm (WxHxD)<\/td>\n<\/tr>\n<tr>\n<td valign=\"middle\"><\/td>\n<td valign=\"middle\">Dustcover open: 415 x 365 x 405mm (WxHxD)<\/td>\n<\/tr>\n<tr>\n<td valign=\"middle\"><b>Weight<\/b><\/td>\n<td valign=\"middle\">6 kg net<\/td>\n<\/tr>\n<tr>\n<td valign=\"middle\"><b>__________________________________________<\/b><\/td>\n<td valign=\"middle\">__________________________________________<\/td>\n<\/tr>\n<tr>\n<td valign=\"middle\"><b>MaiA S3<\/b><\/td>\n<td valign=\"middle\"><\/td>\n<\/tr>\n<tr>\n<td valign=\"middle\"><b>Power output<\/b><\/td>\n<td valign=\"middle\">2x 23W \/ 40W at 8 \/ 4ohms (1% THD)<\/td>\n<\/tr>\n<tr>\n<td valign=\"middle\"><b>Standby power consumption<\/b><\/td>\n<td valign=\"middle\">&lt; 0,5W<\/td>\n<\/tr>\n<tr>\n<td valign=\"middle\"><b>Included accessories<\/b><\/td>\n<td valign=\"middle\">Remote control, power suppl<\/td>\n<\/tr>\n<tr>\n<td valign=\"middle\"><b>Dimensions<\/b><\/td>\n<td valign=\"middle\">206x55x153 (WxHxD)<\/td>\n<\/tr>\n<tr>\n<td valign=\"middle\"><b>Weight<\/b><\/td>\n<td valign=\"middle\">1070 g without power supply<\/td>\n<\/tr>\n<tr>\n<td valign=\"middle\"><b>__________________________________________<\/b><\/td>\n<td valign=\"middle\">__________________________________________<\/td>\n<\/tr>\n<tr>\n<td valign=\"middle\"><b>Speaker Box S2<\/b><\/td>\n<td valign=\"middle\"><\/td>\n<\/tr>\n<tr>\n<td valign=\"middle\"><b>Nominal impedance<\/b><\/td>\n<td valign=\"middle\">8 Ohm<\/td>\n<\/tr>\n<tr>\n<td valign=\"middle\"><b>Dimensions<\/b><\/td>\n<td valign=\"middle\">160 x 271 x 215mm (WxHxD)<\/td>\n<\/tr>\n<tr>\n<td valign=\"middle\"><b>Included accessories<\/b><\/td>\n<td valign=\"middle\">Speaker grills (black)<\/td>\n<\/tr>\n<tr>\n<td valign=\"middle\"><b>Weight<\/b><\/td>\n<td valign=\"middle\">4,9 kg<\/td>\n<\/tr>\n<\/tbody>\n<\/table>\n<p><a href=\"https:\/\/www.project-audio.com\/en\/product\/colourful-audio-system-2\/\" target=\"_blank\" rel=\"noopener noreferrer\"><span style=\"color: #0000ff;\">Click aqu\u00ed para m\u00e1s informaci\u00f3n del producto.<\/span><\/a><\/p>\n","protected":false},"excerpt":{"rendered":"<p>Equipo Hi-Fi todo-en-uno que incluye el tocadiscos Debut EVO 2, amplificador integrado MaiA S3 (acabado negro), altavoces Speaker Box 5 S2, patillas de aislamiento Damp it y cables de altavoz Connect it LS E. Todo es fabricado en la Uni\u00f3n Europea para una est\u00e9tica y sonido sublimes. Disponible en acabados satin (black, white, steel blue, golden yellow, fir green, wine red) o real wood.<\/p>\n","protected":false},"featured_media":4483,"template":"","meta":[],"product_cat":[122,130,37,17,19,23],"product_tag":[183,184,163,56,62],"_links":{"self":[{"href":"https:\/\/baflesoviedo.com\/home\/wp-json\/wp\/v2\/product\/4482"}],"collection":[{"href":"https:\/\/baflesoviedo.com\/home\/wp-json\/wp\/v2\/product"}],"about":[{"href":"https:\/\/baflesoviedo.com\/home\/wp-json\/wp\/v2\/types\/product"}],"wp:featuredmedia":[{"embeddable":true,"href":"https:\/\/baflesoviedo.com\/home\/wp-json\/wp\/v2\/media\/4483"}],"wp:attachment":[{"href":"https:\/\/baflesoviedo.com\/home\/wp-json\/wp\/v2\/media?parent=4482"}],"wp:term":[{"taxonomy":"product_cat","embeddable":true,"href":"https:\/\/baflesoviedo.com\/home\/wp-json\/wp\/v2\/product_cat?post=4482"},{"taxonomy":"product_tag","embeddable":true,"href":"https:\/\/baflesoviedo.com\/home\/wp-json\/wp\/v2\/product_tag?post=4482"}],"curies":[{"name":"wp","href":"https:\/\/api.w.org\/{rel}","templated":true}]}}