{"id":4492,"date":"2025-04-08T01:37:37","date_gmt":"2025-04-08T01:37:37","guid":{"rendered":"https:\/\/baflesoviedo.com\/home\/?post_type=product&#038;p=4492"},"modified":"2025-06-17T01:49:02","modified_gmt":"2025-06-17T01:49:02","slug":"pro-ject-ac-dc-turntable-tornamesa-edicion-limitada","status":"publish","type":"product","link":"https:\/\/baflesoviedo.com\/home\/product\/pro-ject-ac-dc-turntable-tornamesa-edicion-limitada\/","title":{"rendered":"Pro-Ject, AC\/DC Turntable, Tornamesa Edici\u00f3n Limitada"},"content":{"rendered":"<p><b>Especificaciones T\u00e9cnicas:<\/b><\/p>\n<table class=\"my-3 text-sm md:text-base\">\n<tbody>\n<tr>\n<td class=\"base:pr-2 md:pr-12 font-weight-bold\">Speed<\/td>\n<td>33, 45 (electronic speed change)<\/td>\n<\/tr>\n<tr>\n<td class=\"base:pr-2 md:pr-12 font-weight-bold\">Drive principle<\/td>\n<td>belt drive<\/td>\n<\/tr>\n<tr>\n<td class=\"base:pr-2 md:pr-12 font-weight-bold\">Platter<\/td>\n<td>10mm glass (felt mat incl.)<\/td>\n<\/tr>\n<tr>\n<td class=\"base:pr-2 md:pr-12 font-weight-bold\">Platter bearing<\/td>\n<td>stainless steel axle in brass bushing<\/td>\n<\/tr>\n<tr>\n<td class=\"base:pr-2 md:pr-12 font-weight-bold\">Wow &amp; flutter<\/td>\n<td>33: +\/-0,16%; 45: +\/-0,14%<\/td>\n<\/tr>\n<tr>\n<td class=\"base:pr-2 md:pr-12 font-weight-bold\">Speed drift<\/td>\n<td>33: +\/-0,40%; 45: +\/-0,30%<\/td>\n<\/tr>\n<tr>\n<td class=\"base:pr-2 md:pr-12 font-weight-bold\">Signal to noise<\/td>\n<td>68dB<\/td>\n<\/tr>\n<tr>\n<td class=\"base:pr-2 md:pr-12 font-weight-bold\">Tonearm<\/td>\n<td>8,6\u201d straight acrylic<\/td>\n<\/tr>\n<tr>\n<td class=\"base:pr-2 md:pr-12 font-weight-bold\">Effective arm length\/mass<\/td>\n<td>218,5 mm \/ 6,0 g<\/td>\n<\/tr>\n<tr>\n<td class=\"base:pr-2 md:pr-12 font-weight-bold\">Overhang<\/td>\n<td>18,5mm<\/td>\n<\/tr>\n<tr>\n<td class=\"base:pr-2 md:pr-12 font-weight-bold\">Included accessories<\/td>\n<td>15V DC \/ 0,8A power supply, dust cover, 7\u2018\u2018 single adapter<\/td>\n<\/tr>\n<tr>\n<td class=\"base:pr-2 md:pr-12 font-weight-bold\">Power consumption<\/td>\n<td>4W \/ 0W standby<\/td>\n<\/tr>\n<tr>\n<td class=\"base:pr-2 md:pr-12 font-weight-bold\">Dimensions<\/td>\n<td>495 x 135 x 405 mm (WxHxD)<\/td>\n<\/tr>\n<tr>\n<td class=\"base:pr-2 md:pr-12 font-weight-bold\">Weight<\/td>\n<td>6 kg net<\/td>\n<\/tr>\n<\/tbody>\n<\/table>\n<p><a href=\"https:\/\/www.project-audio.com\/en\/product\/ac-dc-turntable\/\" target=\"_blank\" rel=\"noopener noreferrer\"><span style=\"color: #0000ff;\">Click aqu\u00ed para m\u00e1s informaci\u00f3n del producto.<\/span><\/a><\/p>\n","protected":false},"excerpt":{"rendered":"<p>Este tocadiscos rinde homenaje a una de las bandas m\u00e1s ic\u00f3nicas del rock, con himnos como \u201cBack in Black\u201d, \u201cHighway to Hell\u201d y \u201cThunderstruck\u201d. El dise\u00f1o de esta tornamesa edici\u00f3n limitada se inspira en el sonido electrificado y las presentaciones energ\u00e9ticas de AC\/DC. Viene equipada con un motor s\u00f3lido, plato pesado de vidrio con subplato acr\u00edlico (para cero resonancia), brazo acr\u00edlico de 8.6\u201d, bases con punta completamente ajustables, y la pastilla 2M Red premium (pre-ajustada de f\u00e1brica). Incluye el cable phono RCA Connect it E, para una conexi\u00f3n premium.<\/p>\n","protected":false},"featured_media":4493,"template":"","meta":[],"product_cat":[130,37],"product_tag":[56,62],"_links":{"self":[{"href":"https:\/\/baflesoviedo.com\/home\/wp-json\/wp\/v2\/product\/4492"}],"collection":[{"href":"https:\/\/baflesoviedo.com\/home\/wp-json\/wp\/v2\/product"}],"about":[{"href":"https:\/\/baflesoviedo.com\/home\/wp-json\/wp\/v2\/types\/product"}],"wp:featuredmedia":[{"embeddable":true,"href":"https:\/\/baflesoviedo.com\/home\/wp-json\/wp\/v2\/media\/4493"}],"wp:attachment":[{"href":"https:\/\/baflesoviedo.com\/home\/wp-json\/wp\/v2\/media?parent=4492"}],"wp:term":[{"taxonomy":"product_cat","embeddable":true,"href":"https:\/\/baflesoviedo.com\/home\/wp-json\/wp\/v2\/product_cat?post=4492"},{"taxonomy":"product_tag","embeddable":true,"href":"https:\/\/baflesoviedo.com\/home\/wp-json\/wp\/v2\/product_tag?post=4492"}],"curies":[{"name":"wp","href":"https:\/\/api.w.org\/{rel}","templated":true}]}}