{"id":4504,"date":"2025-05-02T22:07:29","date_gmt":"2025-05-02T22:07:29","guid":{"rendered":"https:\/\/baflesoviedo.com\/home\/?post_type=product&#038;p=4504"},"modified":"2025-09-16T23:33:01","modified_gmt":"2025-09-16T23:33:01","slug":"pro-ject-pick-it-mc-2-pastilla-tornamesa","status":"publish","type":"product","link":"https:\/\/baflesoviedo.com\/home\/product\/pro-ject-pick-it-mc-2-pastilla-tornamesa\/","title":{"rendered":"Pro-Ject, Pick it MC2, Pastilla Tornamesa (MC)"},"content":{"rendered":"<p><b>Especificaciones T\u00e9cnicas:<\/b><\/p>\n<table cellspacing=\"0\" cellpadding=\"0\">\n<tbody>\n<tr>\n<td valign=\"middle\"><b>Cartridge principle:<\/b><\/td>\n<td valign=\"middle\">MC (Moving-Coil)<\/td>\n<\/tr>\n<tr>\n<td valign=\"middle\"><b>Output voltage at 1 kHz:<\/b><\/td>\n<td valign=\"middle\">0,4 mV (3,54 cm\/sec)<\/td>\n<\/tr>\n<tr>\n<td valign=\"middle\"><b>Channel separation at 1 kHz:<\/b><\/td>\n<td valign=\"middle\">&gt;27 dB<\/td>\n<\/tr>\n<tr>\n<td valign=\"middle\"><b>Tracking ability at 315Hz:<\/b><\/td>\n<td valign=\"middle\">70 \u03bcm<\/td>\n<\/tr>\n<tr>\n<td valign=\"middle\"><b>Dynamic compliance:<\/b><\/td>\n<td valign=\"middle\">15 \u03bcm\/mN<\/td>\n<\/tr>\n<tr>\n<td valign=\"middle\"><b>Frequency response:<\/b><\/td>\n<td valign=\"middle\">20 &#8211; 20 000 Hz +\/- 1dB<\/td>\n<\/tr>\n<tr>\n<td valign=\"middle\"><b>Stylus type:<\/b><\/td>\n<td valign=\"middle\">Elliptical on alu cantilever<\/td>\n<\/tr>\n<tr>\n<td valign=\"middle\"><b>Tracking force, range:<\/b><\/td>\n<td valign=\"middle\">1,7 &#8211; 2,1 g (mN)<\/td>\n<\/tr>\n<tr>\n<td valign=\"middle\"><b>Tracking force, recommended:<\/b><\/td>\n<td valign=\"middle\">1,9 g (mN)<\/td>\n<\/tr>\n<tr>\n<td valign=\"middle\"><b>Tracking angle:<\/b><\/td>\n<td valign=\"middle\">22\u00b0<\/td>\n<\/tr>\n<tr>\n<td valign=\"middle\"><b>Recommended load resistance:<\/b><\/td>\n<td valign=\"middle\">50-200 \u03a9<\/td>\n<\/tr>\n<tr>\n<td valign=\"middle\"><b>Cartridge weight:<\/b><\/td>\n<td valign=\"middle\">5 g<\/td>\n<\/tr>\n<\/tbody>\n<\/table>\n<p><a href=\"https:\/\/www.project-audio.com\/en\/product\/pick-it-mc2\/\" target=\"_blank\" rel=\"noopener noreferrer\"><span style=\"color: #0000ff;\">Click aqu\u00ed para m\u00e1s informaci\u00f3n del producto.<\/span><\/a><\/p>\n","protected":false},"excerpt":{"rendered":"<p>Pastilla tipo Moving Coil con sonido suave y articulaci\u00f3n fina, para audio Hi-Fi asequible. Al igual que la MC1, la MC2 es un modelo de entrada al mundo de las pastillas Moving Coil, que ofrecen una claridad de sonido, imagen est\u00e9reo y transparencia superiores a los cartuchos MM. Su dise\u00f1o resulta en una reproducci\u00f3n y resoluci\u00f3n m\u00e1s detalladas de se\u00f1ales de bajo nivel. La MC2 emplea un diamante el\u00edptico montado sobre un cantilever de aluminio, lo que proporciona un tono m\u00e1s rico y detalles m\u00e1s sutiles en comparaci\u00f3n con la Pick it MC1.<\/p>\n<p>Solo con las c\u00e1psulas MC se pueden aprovechar todas las ventajas t\u00e9cnicas de una conexi\u00f3n balanceada en cuanto a din\u00e1mica, escena sonora y, especialmente, en la suavidad del sonido. Se recomienda utilizarse con una etapa de phono de alta calidad. Funciona a la perfecci\u00f3n con la mayor\u00eda de los tocadiscos de gama b\u00e1sica y media.<\/p>\n","protected":false},"featured_media":4505,"template":"","meta":[],"product_cat":[130,37],"product_tag":[202,56,62],"_links":{"self":[{"href":"https:\/\/baflesoviedo.com\/home\/wp-json\/wp\/v2\/product\/4504"}],"collection":[{"href":"https:\/\/baflesoviedo.com\/home\/wp-json\/wp\/v2\/product"}],"about":[{"href":"https:\/\/baflesoviedo.com\/home\/wp-json\/wp\/v2\/types\/product"}],"wp:featuredmedia":[{"embeddable":true,"href":"https:\/\/baflesoviedo.com\/home\/wp-json\/wp\/v2\/media\/4505"}],"wp:attachment":[{"href":"https:\/\/baflesoviedo.com\/home\/wp-json\/wp\/v2\/media?parent=4504"}],"wp:term":[{"taxonomy":"product_cat","embeddable":true,"href":"https:\/\/baflesoviedo.com\/home\/wp-json\/wp\/v2\/product_cat?post=4504"},{"taxonomy":"product_tag","embeddable":true,"href":"https:\/\/baflesoviedo.com\/home\/wp-json\/wp\/v2\/product_tag?post=4504"}],"curies":[{"name":"wp","href":"https:\/\/api.w.org\/{rel}","templated":true}]}}