{"id":4507,"date":"2025-05-30T23:07:17","date_gmt":"2025-05-30T23:07:17","guid":{"rendered":"https:\/\/baflesoviedo.com\/home\/?post_type=product&#038;p=4507"},"modified":"2025-05-30T23:07:20","modified_gmt":"2025-05-30T23:07:20","slug":"fonestar-soul-home-n-altavoz-bluetooth","status":"publish","type":"product","link":"https:\/\/baflesoviedo.com\/home\/product\/fonestar-soul-home-n-altavoz-bluetooth\/","title":{"rendered":"FONESTAR, SOUL-HOME-N, Altavoz Bluetooth"},"content":{"rendered":"<p><b>Especificaciones T\u00e9cnicas:<\/b><\/p>\n<table cellspacing=\"0\" cellpadding=\"0\">\n<tbody>\n<tr>\n<td valign=\"middle\">CARACTER\u00cdSTICAS:<\/td>\n<td valign=\"middle\">Altavoz Bluetooth para el hogar. Home Audio Compacto.<br \/>\nDise\u00f1ado desde la esencia del sonido por FONESTAR.<span class=\"Apple-converted-space\"><br \/>\n<\/span>Bluetooth 5.3<br \/>\nFunci\u00f3n TWS para conectar 2 altavoces en est\u00e9reo.<br \/>\nToda la conectividad Bluetooth y por cable, Jack 3&#8217;5 mm y 2 x RCA<br \/>\nCaja de madera con revestimiento de polipiel. Rejilla de tela.<br \/>\nSonido perfecto con todos los matices.<br \/>\nConfiguraci\u00f3n 2.1. Est\u00e9reo con canal de graves.<br \/>\nAmplificadores Clase D de gran rendimiento.<br \/>\nFunci\u00f3n standby autom\u00e1tica.<span class=\"Apple-converted-space\"><br \/>\n<\/span>Refuerzo bass reflex.<span class=\"Apple-converted-space\"><br \/>\n<\/span>Controles con indicadores LED.<br \/>\nTama\u00f1o adecuado para ser un elemento m\u00e1s del hogar.<\/td>\n<\/tr>\n<\/tbody>\n<\/table>\n<table cellspacing=\"0\" cellpadding=\"0\">\n<tbody>\n<tr>\n<td valign=\"middle\">BLUETOOTH:<\/td>\n<td valign=\"middle\">Bluetooth 5.3<br \/>\nFunci\u00f3n TWS para emparejar 2 altavoces mediante Bluetooth y transmitir la misma se\u00f1al est\u00e9reo a ambos altavoces.<br \/>\nDistancia m\u00e1xima: 10 m<\/td>\n<\/tr>\n<\/tbody>\n<\/table>\n<table cellspacing=\"0\" cellpadding=\"0\">\n<tbody>\n<tr>\n<td valign=\"middle\">FUNCIONES:<\/td>\n<td valign=\"middle\">Control de volumen (se sincroniza con el dispositivo Bluetooth conectado)<span class=\"Apple-converted-space\"><br \/>\n<\/span>Standby autom\u00e1tico despu\u00e9s de 10 minutos para ahorro de energ\u00eda. Encendido autom\u00e1ticamente al recibir una se\u00f1al o tocar un bot\u00f3n<br \/>\nControles de graves\/agudos<br \/>\nRejilla desmontable<\/td>\n<\/tr>\n<\/tbody>\n<\/table>\n<table cellspacing=\"0\" cellpadding=\"0\">\n<tbody>\n<tr>\n<td valign=\"middle\">POTENCIA:<\/td>\n<td valign=\"middle\">Amplificadores Clase D<br \/>\n2 x 10 W + 60 W<\/td>\n<\/tr>\n<\/tbody>\n<\/table>\n<table cellspacing=\"0\" cellpadding=\"0\">\n<tbody>\n<tr>\n<td valign=\"middle\">ALTAVOCES:<\/td>\n<td valign=\"middle\">2 x Tweeter 1&#8221;, 8 \u03a9, diafragma de tela seda<br \/>\nWoofer 5&#8221;, 4 \u03a9, diafragma de papel<\/td>\n<\/tr>\n<\/tbody>\n<\/table>\n<table cellspacing=\"0\" cellpadding=\"0\">\n<tbody>\n<tr>\n<td valign=\"middle\">RESPUESTA:<\/td>\n<td valign=\"middle\">55-20.000 Hz @ -10 dB<\/td>\n<\/tr>\n<\/tbody>\n<\/table>\n<table cellspacing=\"0\" cellpadding=\"0\">\n<tbody>\n<tr>\n<td valign=\"middle\">PRESI\u00d3N AC\u00daSTICA:<\/td>\n<td valign=\"middle\">95 dB @ m\u00e1x. W\/1m<\/td>\n<\/tr>\n<\/tbody>\n<\/table>\n<table cellspacing=\"0\" cellpadding=\"0\">\n<tbody>\n<tr>\n<td valign=\"middle\">ENTRADAS:<\/td>\n<td valign=\"middle\">1 AUX. Conector Jack 3&#8217;5 mm TRS. Nivel de se\u00f1al: 750 mV RMS (-9 dBV) \/ 4&#8217;7K \u03a9<span class=\"Apple-converted-space\"><br \/>\n<\/span>1 LINE. Conector 2 x RCA. Nivel de se\u00f1al: 750 mV RMS (-9 dBV) \/ 4&#8217;7K \u03a9<\/td>\n<\/tr>\n<\/tbody>\n<\/table>\n<table cellspacing=\"0\" cellpadding=\"0\">\n<tbody>\n<tr>\n<td valign=\"middle\">MATERIAL:<\/td>\n<td valign=\"middle\">Caja de madera MDF<span class=\"Apple-converted-space\"><br \/>\n<\/span>Polipiel acabado cuero<br \/>\nRejilla de tela<\/td>\n<\/tr>\n<\/tbody>\n<\/table>\n<table cellspacing=\"0\" cellpadding=\"0\">\n<tbody>\n<tr>\n<td valign=\"middle\">TEMPERATURA DE TRABAJO:<\/td>\n<td valign=\"middle\">5\u00baC ~ 40\u00b0C<\/td>\n<\/tr>\n<\/tbody>\n<\/table>\n<table cellspacing=\"0\" cellpadding=\"0\">\n<tbody>\n<tr>\n<td valign=\"middle\">TEMPERATURA DE ALMACENAMIENTO:<\/td>\n<td valign=\"middle\">2\u00baC ~ 50\u00b0C<\/td>\n<\/tr>\n<\/tbody>\n<\/table>\n<table cellspacing=\"0\" cellpadding=\"0\">\n<tbody>\n<tr>\n<td valign=\"middle\">HUMEDAD M\u00c1XIMA:<\/td>\n<td valign=\"middle\">90%<\/td>\n<\/tr>\n<\/tbody>\n<\/table>\n<table cellspacing=\"0\" cellpadding=\"0\">\n<tbody>\n<tr>\n<td valign=\"middle\">ALIMENTACI\u00d3N:<\/td>\n<td valign=\"middle\">100 &#8211; 240 V CA, 50\/60 Hz, 2&#8217;1 W<br \/>\nFusible T3&#8217;15 A 250 V<\/td>\n<\/tr>\n<\/tbody>\n<\/table>\n<table cellspacing=\"0\" cellpadding=\"0\">\n<tbody>\n<tr>\n<td valign=\"middle\">COLOR:<\/td>\n<td valign=\"middle\">Negro<\/td>\n<\/tr>\n<\/tbody>\n<\/table>\n<table cellspacing=\"0\" cellpadding=\"0\">\n<tbody>\n<tr>\n<td valign=\"middle\">MEDIDAS:<\/td>\n<td valign=\"middle\">290 x 260 x 160 mm (Ancho x Alto x Fondo)<\/td>\n<\/tr>\n<\/tbody>\n<\/table>\n<table cellspacing=\"0\" cellpadding=\"0\">\n<tbody>\n<tr>\n<td valign=\"middle\">PESO:<\/td>\n<td valign=\"middle\">4&#8217;5 kg<\/td>\n<\/tr>\n<\/tbody>\n<\/table>\n<table cellspacing=\"0\" cellpadding=\"0\">\n<tbody>\n<tr>\n<td valign=\"middle\">ACCESORIOS:<\/td>\n<td valign=\"middle\">Cable de alimentaci\u00f3n<\/td>\n<\/tr>\n<\/tbody>\n<\/table>\n<p>&nbsp;<\/p>\n<p><a href=\"https:\/\/fonestar.com\/soul-home-n\/\" target=\"_blank\" rel=\"noopener noreferrer\"><span style=\"color: #0000ff;\">Click aqu\u00ed para m\u00e1s informaci\u00f3n del producto.<\/span><\/a><\/p>\n","protected":false},"excerpt":{"rendered":"<p>El <b>SOUL-HOME-N<\/b> es un altavoz Bluetooth dise\u00f1ado para el hogar, que combina un sonido de calidad superior con un dise\u00f1o compacto y elegante. Su estructura de madera revestida en polipiel y rejilla de tela lo convierten en un elemento decorativo m\u00e1s, adapt\u00e1ndose perfectamente a cualquier ambiente dom\u00e9stico. Con una configuraci\u00f3n 2.1 que incluye amplificadores clase D y un canal dedicado a los graves, ofrece un sonido est\u00e9reo con todos los matices, ideal para disfrutar de tu m\u00fasica favorita en alta calidad.<\/p>\n<ul>\n<li><b><\/b><b>Conectividad avanzada:<\/b> Compatible con Bluetooth 5.3 y funci\u00f3n TWS para conectar dos altavoces en est\u00e9reo, adem\u00e1s de entradas por cable mediante Jack 3,5 mm y RCA.<\/li>\n<li><b><\/b><b>Dise\u00f1o funcional:<\/b> Fabricado con materiales de alta calidad como madera MDF y polipiel, incluye controles con indicadores LED y rejilla desmontable para mayor personalizaci\u00f3n.<\/li>\n<li><b><\/b><b>Sonido optimizado:<\/b> Integra amplificadores clase D de alto rendimiento, tweeters de seda y un woofer de papel con refuerzo bass reflex, proporcionando una respuesta de 55-20.000 Hz con claridad y potencia.<\/li>\n<li><b><\/b><b>Eficiencia energ\u00e9tica:<\/b> Standby autom\u00e1tico tras 10 minutos y encendido inteligente al detectar se\u00f1al, ideal para ahorrar energ\u00eda sin comprometer la experiencia de uso.<\/li>\n<\/ul>\n","protected":false},"featured_media":4508,"template":"","meta":[],"product_cat":[126,130,17,23],"product_tag":[212,80,59],"_links":{"self":[{"href":"https:\/\/baflesoviedo.com\/home\/wp-json\/wp\/v2\/product\/4507"}],"collection":[{"href":"https:\/\/baflesoviedo.com\/home\/wp-json\/wp\/v2\/product"}],"about":[{"href":"https:\/\/baflesoviedo.com\/home\/wp-json\/wp\/v2\/types\/product"}],"wp:featuredmedia":[{"embeddable":true,"href":"https:\/\/baflesoviedo.com\/home\/wp-json\/wp\/v2\/media\/4508"}],"wp:attachment":[{"href":"https:\/\/baflesoviedo.com\/home\/wp-json\/wp\/v2\/media?parent=4507"}],"wp:term":[{"taxonomy":"product_cat","embeddable":true,"href":"https:\/\/baflesoviedo.com\/home\/wp-json\/wp\/v2\/product_cat?post=4507"},{"taxonomy":"product_tag","embeddable":true,"href":"https:\/\/baflesoviedo.com\/home\/wp-json\/wp\/v2\/product_tag?post=4507"}],"curies":[{"name":"wp","href":"https:\/\/api.w.org\/{rel}","templated":true}]}}