{"id":4516,"date":"2025-06-09T19:06:48","date_gmt":"2025-06-09T19:06:48","guid":{"rendered":"https:\/\/baflesoviedo.com\/home\/?post_type=product&#038;p=4516"},"modified":"2025-06-09T19:06:49","modified_gmt":"2025-06-09T19:06:49","slug":"dan-dagostino-progression-integrated-amplifier-amplificador-integrado","status":"publish","type":"product","link":"https:\/\/baflesoviedo.com\/home\/product\/dan-dagostino-progression-integrated-amplifier-amplificador-integrado\/","title":{"rendered":"Dan D\u2019Agostino, Progression Integrated Amplifier, Amplificador Integrado"},"content":{"rendered":"<p><b>Especificaciones T\u00e9cnicas:<\/b><\/p>\n<table cellspacing=\"0\" cellpadding=\"0\">\n<tbody>\n<tr>\n<td valign=\"middle\">Frequency Response<\/td>\n<td valign=\"middle\">0.1 Hz to 1 MHz, -3 dB \/20 Hz to 80 kHz, \u00b10.5 dB<\/td>\n<\/tr>\n<tr>\n<td valign=\"middle\">Signal-to-Noise Ratio<\/td>\n<td valign=\"middle\">&gt;75 dB, A-weighted \/&gt;95 dB, unweighted<\/td>\n<\/tr>\n<tr>\n<td valign=\"middle\">Distortion<\/td>\n<td valign=\"middle\">0.015% @ 1 kHz,200 W per channel @ 8\u03a9<\/td>\n<\/tr>\n<tr>\n<td valign=\"middle\">Input Impedance<\/td>\n<td valign=\"middle\">100 k\u03a9<\/td>\n<\/tr>\n<tr>\n<td valign=\"middle\">Output Power (Per Channel)<\/td>\n<td valign=\"middle\">200 W @ 8\u03a9 \/ 400 W @ 4\u03a9<\/td>\n<\/tr>\n<tr>\n<td valign=\"middle\">Output Impedance<\/td>\n<td valign=\"middle\">0.1\u03a9<\/td>\n<\/tr>\n<tr>\n<td valign=\"middle\">Analog Inputs<\/td>\n<td valign=\"middle\">4 pair balanced XLR stereo;2 pair unbalanced RCA stereo<\/td>\n<\/tr>\n<tr>\n<td valign=\"middle\">Digital Inputs(w\/optional DSM)<\/td>\n<td valign=\"middle\">1 each SPDIF coaxial; Optical; USB-A; RJ45 Ethernet; Wi-Fi<\/td>\n<\/tr>\n<tr>\n<td valign=\"middle\">Phono Loading (w\/optional Phono Module)<\/td>\n<td valign=\"middle\">47 k\u03a9, 10 k\u03a9, 2 k\u03a9, 1 k\u03a9, 500\u03a9,200\u03a9, 100\u03a9, 50\u03a9<\/td>\n<\/tr>\n<tr>\n<td valign=\"middle\">Phono Gain<\/td>\n<td valign=\"middle\">60 dB<\/td>\n<\/tr>\n<tr>\n<td valign=\"middle\">Outputs<\/td>\n<td valign=\"middle\">1 pair balanced XLR stereo; 2 pair binding posts<\/td>\n<\/tr>\n<tr>\n<td valign=\"middle\">Control Protocol<\/td>\n<td valign=\"middle\">RS-232<\/td>\n<\/tr>\n<tr>\n<td valign=\"middle\">Dimensions (WHD)<\/td>\n<td valign=\"middle\">17.0 x 7.0 x 17.0 in \/43.2 x 17.8 x 43.2 cm<\/td>\n<\/tr>\n<tr>\n<td valign=\"middle\">Weight<\/td>\n<td valign=\"middle\">57 lb \/ 26 kg<\/td>\n<\/tr>\n<tr>\n<td valign=\"middle\">Finish<\/td>\n<td valign=\"middle\">Silver or Black<\/td>\n<\/tr>\n<\/tbody>\n<\/table>\n<p><a href=\"https:\/\/dandagostino.com\/products\/progression-integrated-amplifier-2\" target=\"_blank\" rel=\"noopener noreferrer\"><span style=\"color: #0000ff;\">Click aqu\u00ed para m\u00e1s informaci\u00f3n del producto.<\/span><\/a><\/p>\n","protected":false},"excerpt":{"rendered":"<p>Amplificador de audio High End. Su dise\u00f1o modular combina 200 watts por canal con un m\u00f3dulo de transmisi\u00f3n digital opcional y una etapa de phono. Esta unidad combina la elegancia y nivel de detalles del preamplificador Progression con la potencia y din\u00e1mica del amplificador stereo Progression S350 \u2014todo en una sola unidad. Construido sobre una plataforma modular, este amplificador satisface todas las necesidades del oyente y audi\u00f3filo actual. La plataforma anal\u00f3gica ofrece dos entradas de un solo extremo y tres entradas balanceadas, incluyendo una salida de cine. Las salidas balanceadas de su etapa de preamplificador facilitan la incorporaci\u00f3n de subwoofers al sistema. El control remoto Bluetooth ampl\u00eda el alcance \u00fatil cinco veces m\u00e1s que los controles remotos infrarrojos convencionales. Este modelo, pieza clave de un sistema de audio moderno, ofrece una notable combinaci\u00f3n de rendimiento, modularidad y est\u00e9tica que lo convierten en un amplificador integrado sumamente atractivo.<\/p>\n<p>*Cont\u00e1ctenos para consultar el precio.<\/p>\n","protected":false},"featured_media":4517,"template":"","meta":[],"product_cat":[20],"product_tag":[163,214,213,185],"_links":{"self":[{"href":"https:\/\/baflesoviedo.com\/home\/wp-json\/wp\/v2\/product\/4516"}],"collection":[{"href":"https:\/\/baflesoviedo.com\/home\/wp-json\/wp\/v2\/product"}],"about":[{"href":"https:\/\/baflesoviedo.com\/home\/wp-json\/wp\/v2\/types\/product"}],"wp:featuredmedia":[{"embeddable":true,"href":"https:\/\/baflesoviedo.com\/home\/wp-json\/wp\/v2\/media\/4517"}],"wp:attachment":[{"href":"https:\/\/baflesoviedo.com\/home\/wp-json\/wp\/v2\/media?parent=4516"}],"wp:term":[{"taxonomy":"product_cat","embeddable":true,"href":"https:\/\/baflesoviedo.com\/home\/wp-json\/wp\/v2\/product_cat?post=4516"},{"taxonomy":"product_tag","embeddable":true,"href":"https:\/\/baflesoviedo.com\/home\/wp-json\/wp\/v2\/product_tag?post=4516"}],"curies":[{"name":"wp","href":"https:\/\/api.w.org\/{rel}","templated":true}]}}