{"id":4526,"date":"2025-06-09T19:17:52","date_gmt":"2025-06-09T19:17:52","guid":{"rendered":"https:\/\/baflesoviedo.com\/home\/?post_type=product&#038;p=4526"},"modified":"2025-06-09T19:17:52","modified_gmt":"2025-06-09T19:17:52","slug":"dan-dagostino-progression-s350-amplificador-stereo","status":"publish","type":"product","link":"https:\/\/baflesoviedo.com\/home\/product\/dan-dagostino-progression-s350-amplificador-stereo\/","title":{"rendered":"Dan D\u2019Agostino, Progression S350, Amplificador Stereo"},"content":{"rendered":"<p><b>Especificaciones T\u00e9cnicas:<\/b><\/p>\n<table cellspacing=\"0\" cellpadding=\"0\">\n<tbody>\n<tr>\n<td valign=\"middle\">Frequency Response<\/td>\n<td valign=\"middle\">1 Hz to 80 kHz, -1 dB \/ 20 Hz to 20 kHz, \u00b10.01 dB<\/td>\n<\/tr>\n<tr>\n<td valign=\"middle\">Signal-to-Noise Ratio<\/td>\n<td valign=\"middle\">&gt;75 dB, A-weighted \/ &gt;105 dB, unweighted<\/td>\n<\/tr>\n<tr>\n<td valign=\"middle\">Distortion<\/td>\n<td valign=\"middle\">0.015% @ 1 kHz, 350 W per channel @ 8\u03a9<\/td>\n<\/tr>\n<tr>\n<td valign=\"middle\">Input Impedance<\/td>\n<td valign=\"middle\">100 k\u03a9<\/td>\n<\/tr>\n<tr>\n<td valign=\"middle\">Output Power (per Channel)<\/td>\n<td valign=\"middle\">350 W @ 8\u03a9 \/ 700 W @ 4\u03a9 \/ 1,400 W @ 2\u03a9<\/td>\n<\/tr>\n<tr>\n<td valign=\"middle\">Output Impedance<\/td>\n<td valign=\"middle\">0.1\u03a9Inputs 1 pair balanced XLR stereo<\/td>\n<\/tr>\n<tr>\n<td valign=\"middle\">Outputs<\/td>\n<td valign=\"middle\">2 pair binding posts<\/td>\n<\/tr>\n<tr>\n<td valign=\"middle\">Dimensions (WHD)<\/td>\n<td valign=\"middle\">17.875 x 9.0 x 23.0 in \/ 45.4 x 23.0 x 58.4 cm<\/td>\n<\/tr>\n<tr>\n<td valign=\"middle\">Weight<\/td>\n<td valign=\"middle\">115 lb \/ 52.2 kg<\/td>\n<\/tr>\n<tr>\n<td valign=\"middle\">Finish<\/td>\n<td valign=\"middle\">Silver or Black<\/td>\n<\/tr>\n<\/tbody>\n<\/table>\n<p><a href=\"https:\/\/dandagostino.com\/products\/progression-s350-stereo-amplifier\" target=\"_blank\" rel=\"noopener noreferrer\"><span style=\"color: #0000ff;\">Click aqu\u00ed para m\u00e1s informaci\u00f3n del producto.<\/span><\/a><\/p>\n","protected":false},"excerpt":{"rendered":"<p>Amplificador stereo de audio High End, con la potencia y topolog\u00eda masivas de la l\u00ednea Progression en un \u00fanico chasis que ofrece el m\u00e1ximo valor. Aprovecha el innovador circuito Super Rail empleado en el monobloque M550, una tecnolog\u00eda \u00fanica cuyo funcionamiento en la etapa de salida proporciona una din\u00e1mica mejorada, menor distorsi\u00f3n y un agarre firme del altavoz. El transistor ampl\u00eda la respuesta en agudos y aumenta la potencia en un 50 %. Combinando circuitos innovadores y una potencia considerable, este amplificador permite que los altavoces alcancen su m\u00e1ximo potencial sonoro, con los contrastes din\u00e1micos de la m\u00fasica y los transitorios de vanguardia representados de forma espectacular y reproducidos con fidelidad.<\/p>\n<p>*Cont\u00e1ctenos para consultar el precio.<\/p>\n","protected":false},"featured_media":4527,"template":"","meta":[],"product_cat":[20],"product_tag":[163,213,185],"_links":{"self":[{"href":"https:\/\/baflesoviedo.com\/home\/wp-json\/wp\/v2\/product\/4526"}],"collection":[{"href":"https:\/\/baflesoviedo.com\/home\/wp-json\/wp\/v2\/product"}],"about":[{"href":"https:\/\/baflesoviedo.com\/home\/wp-json\/wp\/v2\/types\/product"}],"wp:featuredmedia":[{"embeddable":true,"href":"https:\/\/baflesoviedo.com\/home\/wp-json\/wp\/v2\/media\/4527"}],"wp:attachment":[{"href":"https:\/\/baflesoviedo.com\/home\/wp-json\/wp\/v2\/media?parent=4526"}],"wp:term":[{"taxonomy":"product_cat","embeddable":true,"href":"https:\/\/baflesoviedo.com\/home\/wp-json\/wp\/v2\/product_cat?post=4526"},{"taxonomy":"product_tag","embeddable":true,"href":"https:\/\/baflesoviedo.com\/home\/wp-json\/wp\/v2\/product_tag?post=4526"}],"curies":[{"name":"wp","href":"https:\/\/api.w.org\/{rel}","templated":true}]}}