{"id":4530,"date":"2025-06-09T23:07:11","date_gmt":"2025-06-09T23:07:11","guid":{"rendered":"https:\/\/baflesoviedo.com\/home\/?post_type=product&#038;p=4530"},"modified":"2025-06-09T23:27:05","modified_gmt":"2025-06-09T23:27:05","slug":"dan-dagostino-progression-m550-amplificador-monoblock","status":"publish","type":"product","link":"https:\/\/baflesoviedo.com\/home\/product\/dan-dagostino-progression-m550-amplificador-monoblock\/","title":{"rendered":"Dan D\u2019Agostino, Progression M550, Amplificador Monoblock"},"content":{"rendered":"<p><b>Especificaciones T\u00e9cnicas:<\/b><\/p>\n<table cellspacing=\"0\" cellpadding=\"0\">\n<tbody>\n<tr>\n<td valign=\"middle\">Frequency Response<\/td>\n<td valign=\"middle\">1 Hz to 80 kHz, -1 dB \/ 20 Hz to 20 kHz, \u00b10.01 dB<\/td>\n<\/tr>\n<tr>\n<td valign=\"middle\">Signal-to-Noise Ratio<\/td>\n<td valign=\"middle\">&gt;75 dB, A-weighted \/ &gt;105 dB, unweighted<\/td>\n<\/tr>\n<tr>\n<td valign=\"middle\">Distortion<\/td>\n<td valign=\"middle\">.015% @ 1 kHz, 550 W @ 8\u03a9<\/td>\n<\/tr>\n<tr>\n<td valign=\"middle\">Input Impedance<\/td>\n<td valign=\"middle\">100 k\u03a9<\/td>\n<\/tr>\n<tr>\n<td valign=\"middle\">Output Power<\/td>\n<td valign=\"middle\">550 W @ 8\u03a9 \/ 1,100 W @ 4\u03a9 \/ 2,200 W @ 2\u03a9<\/td>\n<\/tr>\n<tr>\n<td valign=\"middle\">Output Impedance<\/td>\n<td valign=\"middle\">0.1\u03a9<\/td>\n<\/tr>\n<tr>\n<td valign=\"middle\">Inputs<\/td>\n<td valign=\"middle\">1 balanced XLR<\/td>\n<\/tr>\n<tr>\n<td valign=\"middle\">Outputs<\/td>\n<td valign=\"middle\">1 pair binding posts<\/td>\n<\/tr>\n<tr>\n<td valign=\"middle\">Dimensions (WHD)<\/td>\n<td valign=\"middle\">17.875 x 9.0 x 23.0 in \/ 45.4 x 23.0 x 58.4 cm<\/td>\n<\/tr>\n<tr>\n<td valign=\"middle\">Weight<\/td>\n<td valign=\"middle\">115 lb \/ 52.2 kg<\/td>\n<\/tr>\n<tr>\n<td valign=\"middle\">Finish<\/td>\n<td valign=\"middle\">Silver or Black<\/td>\n<\/tr>\n<\/tbody>\n<\/table>\n<p><a href=\"https:\/\/dandagostino.com\/products\/progression-m550-monoblock-amplifier\" target=\"_blank\" rel=\"noopener noreferrer\"><span style=\"color: #0000ff;\">Click aqu\u00ed para m\u00e1s informaci\u00f3n del producto.<\/span><\/a><\/p>\n","protected":false},"excerpt":{"rendered":"<p>Amplificador monoblock de audio High End. Potencia pr\u00e1cticamente ilimitada para cualquier altavoz en un dise\u00f1o discreto, balanceado y de acoplamiento directo. La etapa de salida mejorada emplea un nuevo tipo de transistor, utilizado en los amplificadores de la serie Relentless, que ampl\u00eda la respuesta en agudos. Con una potencia de salida pr\u00e1cticamente ilimitada, el amplificador monoblock Progression M550 ofrece detalles musicales \u00edntimos, una puesta en escena sonora tridimensional y una din\u00e1mica sorprendente, imposible de conseguir con dise\u00f1os de menor capacidad.<\/p>\n<p>*Cont\u00e1ctenos para consultar el precio.<\/p>\n","protected":false},"featured_media":4531,"template":"","meta":[],"product_cat":[20],"product_tag":[163,213,185],"_links":{"self":[{"href":"https:\/\/baflesoviedo.com\/home\/wp-json\/wp\/v2\/product\/4530"}],"collection":[{"href":"https:\/\/baflesoviedo.com\/home\/wp-json\/wp\/v2\/product"}],"about":[{"href":"https:\/\/baflesoviedo.com\/home\/wp-json\/wp\/v2\/types\/product"}],"wp:featuredmedia":[{"embeddable":true,"href":"https:\/\/baflesoviedo.com\/home\/wp-json\/wp\/v2\/media\/4531"}],"wp:attachment":[{"href":"https:\/\/baflesoviedo.com\/home\/wp-json\/wp\/v2\/media?parent=4530"}],"wp:term":[{"taxonomy":"product_cat","embeddable":true,"href":"https:\/\/baflesoviedo.com\/home\/wp-json\/wp\/v2\/product_cat?post=4530"},{"taxonomy":"product_tag","embeddable":true,"href":"https:\/\/baflesoviedo.com\/home\/wp-json\/wp\/v2\/product_tag?post=4530"}],"curies":[{"name":"wp","href":"https:\/\/api.w.org\/{rel}","templated":true}]}}