{"id":4535,"date":"2025-06-09T23:32:22","date_gmt":"2025-06-09T23:32:22","guid":{"rendered":"https:\/\/baflesoviedo.com\/home\/?post_type=product&#038;p=4535"},"modified":"2025-06-17T01:48:48","modified_gmt":"2025-06-17T01:48:48","slug":"dan-dagostino-momentum-phonostage-preamplificador-phono","status":"publish","type":"product","link":"https:\/\/baflesoviedo.com\/home\/product\/dan-dagostino-momentum-phonostage-preamplificador-phono\/","title":{"rendered":"Dan D\u2019Agostino, Momentum Phonostage, Preamplificador Phono"},"content":{"rendered":"<p><b>Especificaciones T\u00e9cnicas:<\/b><\/p>\n<table cellspacing=\"0\" cellpadding=\"0\">\n<tbody>\n<tr>\n<td valign=\"middle\">Gain<\/td>\n<td valign=\"middle\">50 dB for Moving Magnet; 70 dB for Moving Coil<\/td>\n<\/tr>\n<tr>\n<td valign=\"middle\">Equalization<\/td>\n<td valign=\"middle\">Five equalization curves selectable from the front panel<br \/>\nStandard RIAA equalization and four alternative curves: Columbia; Decca FFRR; DGG (Deutsche Grammophon); RCA Victor Orthophonic<br \/>\nFrequency response represents the above curves+\/- 0.2 dB, 20 Hz to 20 kHz<\/td>\n<\/tr>\n<tr>\n<td valign=\"middle\">Loading<\/td>\n<td valign=\"middle\">16 selectable resistive loads for MM and MC inputs<br \/>\n16 selectable capacitive loads for MM inputs<\/td>\n<\/tr>\n<tr>\n<td valign=\"middle\">Input Clipping<\/td>\n<td valign=\"middle\">1 kHz typical for 70 cm\/sec recorded velocity, gain trim at \u201c0\u201d<br \/>\nMC 6mV;\u00a0 MM 6mV<\/td>\n<\/tr>\n<tr>\n<td valign=\"middle\">Equivalent input noise<\/td>\n<td valign=\"middle\">20 Hz to 20 kHz &lt;60nV<\/td>\n<\/tr>\n<tr>\n<td valign=\"middle\">Equivalent input noise current<\/td>\n<td valign=\"middle\">None<\/td>\n<\/tr>\n<tr>\n<td valign=\"middle\">Gain adjustment is<\/td>\n<td valign=\"middle\">+\/- 6dB and is selectable from the front panel<\/td>\n<\/tr>\n<tr>\n<td valign=\"middle\">Inputs (Moving Magnet)<\/td>\n<td valign=\"middle\">2 pair balanced XLR stereo; 1 pair unbalanced RCA stereo<\/td>\n<\/tr>\n<tr>\n<td valign=\"middle\">Inputs (Moving Coil)<\/td>\n<td valign=\"middle\">2 pair balanced XLR stereo; 1 pair unbalanced RCA stereo<\/td>\n<\/tr>\n<tr>\n<td valign=\"middle\">Outputs<\/td>\n<td valign=\"middle\">1 pair balanced XLR stereo<\/td>\n<\/tr>\n<tr>\n<td valign=\"middle\">Dimensions (WHD)<\/td>\n<td valign=\"middle\">15.5 x 6.0 x 12.75 in \/ 39.4 x 15.2 x 32.4 cm<br \/>\n4.0 x 2.0 x 10.5 in \/ 10.2 x 5.1 x 26.7 cm (Transformer)<\/td>\n<\/tr>\n<tr>\n<td valign=\"middle\">Finish<\/td>\n<td valign=\"middle\">Silver or Black<\/td>\n<\/tr>\n<\/tbody>\n<\/table>\n<p><a href=\"https:\/\/dandagostino.com\/products\/momentum-phonostage\" target=\"_blank\" rel=\"noopener noreferrer\"><span style=\"color: #0000ff;\">Click aqu\u00ed para m\u00e1s informaci\u00f3n del producto.<\/span><\/a><\/p>\n","protected":false},"excerpt":{"rendered":"<p>Preamplificador phono de audio High End, para pastillas moving magnet (MM) y moving coil (MC). Cuenta con incre\u00edble flexibilidad y ecualizaci\u00f3n. Este pre de phono extrae hasta el \u00faltimo fragmento de m\u00fasica oculto en los surcos del vinilo. Combinando la mejor circuiter\u00eda anal\u00f3gica posible con la precisi\u00f3n del control digital, este preamplificador ofrece a los amantes del vinilo una flexibilidad inigualable y una reproducci\u00f3n inigualable del medio de grabaci\u00f3n m\u00e1s duradero del audio. El Momentum Phonostage naci\u00f3 sin limitaciones para satisfacer las necesidades de los oyentes m\u00e1s fieles con extensas colecciones de discos.<\/p>\n<ul>\n<li>Los botones del panel frontal controlan la ganancia, la carga de cartuchos MC y MM y las curvas de ecualizaci\u00f3n del disco.<\/li>\n<li>La fuente de alimentaci\u00f3n de CA es posiblemente la m\u00e1s limpia jam\u00e1s creada para un pre de phono, con suficientes entradas para manejar m\u00faltiples brazos y tocadiscos.<\/li>\n<li>La rigurosa selecci\u00f3n de componentes y la construcci\u00f3n avanzada garantizan un rendimiento comparable al de cualquier otro componente de la serie Momentum.<\/li>\n<li>Cuatro entradas para acomodar m\u00faltiples brazos y tocadiscos. Cuenta con dos entradas de MM y dos de MC, cada una con conectores XLR y RCA, adem\u00e1s de salidas XLR y RCA.<\/li>\n<\/ul>\n<p>*Cont\u00e1ctenos para consultar el precio.<\/p>\n","protected":false},"featured_media":4536,"template":"","meta":[],"product_cat":[20],"product_tag":[213,185,216,62],"_links":{"self":[{"href":"https:\/\/baflesoviedo.com\/home\/wp-json\/wp\/v2\/product\/4535"}],"collection":[{"href":"https:\/\/baflesoviedo.com\/home\/wp-json\/wp\/v2\/product"}],"about":[{"href":"https:\/\/baflesoviedo.com\/home\/wp-json\/wp\/v2\/types\/product"}],"wp:featuredmedia":[{"embeddable":true,"href":"https:\/\/baflesoviedo.com\/home\/wp-json\/wp\/v2\/media\/4536"}],"wp:attachment":[{"href":"https:\/\/baflesoviedo.com\/home\/wp-json\/wp\/v2\/media?parent=4535"}],"wp:term":[{"taxonomy":"product_cat","embeddable":true,"href":"https:\/\/baflesoviedo.com\/home\/wp-json\/wp\/v2\/product_cat?post=4535"},{"taxonomy":"product_tag","embeddable":true,"href":"https:\/\/baflesoviedo.com\/home\/wp-json\/wp\/v2\/product_tag?post=4535"}],"curies":[{"name":"wp","href":"https:\/\/api.w.org\/{rel}","templated":true}]}}