{"id":4544,"date":"2025-06-09T23:41:41","date_gmt":"2025-06-09T23:41:41","guid":{"rendered":"https:\/\/baflesoviedo.com\/home\/?post_type=product&#038;p=4544"},"modified":"2025-06-09T23:41:41","modified_gmt":"2025-06-09T23:41:41","slug":"dan-dagostino-momentum-c2-preamplifier-preamplificador","status":"publish","type":"product","link":"https:\/\/baflesoviedo.com\/home\/product\/dan-dagostino-momentum-c2-preamplifier-preamplificador\/","title":{"rendered":"Dan D\u2019Agostino, Momentum C2 Preamplifier, Preamplificador"},"content":{"rendered":"<p><b>Especificaciones T\u00e9cnicas:<\/b><\/p>\n<table cellspacing=\"0\" cellpadding=\"0\">\n<tbody>\n<tr>\n<td valign=\"middle\">Frequency Response<\/td>\n<td valign=\"middle\">0.1 Hz to 1 MHz, \u20131 dB \/ 20 Hz to 20 kHz, \u00b10 dB<\/td>\n<\/tr>\n<tr>\n<td valign=\"middle\">Signal-to-Noise Ratio<\/td>\n<td valign=\"middle\">&gt;98 dB, A-weighted \/ &gt;105 dB, unweighted<\/td>\n<\/tr>\n<tr>\n<td valign=\"middle\">Gain<\/td>\n<td valign=\"middle\">+10 dB<\/td>\n<\/tr>\n<tr>\n<td valign=\"middle\">Input Impedance<\/td>\n<td valign=\"middle\">1 M\u03a9<\/td>\n<\/tr>\n<tr>\n<td valign=\"middle\">Output Impedance<\/td>\n<td valign=\"middle\">.05 \u03a9<\/td>\n<\/tr>\n<tr>\n<td valign=\"middle\">Distortion<\/td>\n<td valign=\"middle\">&lt;0.002%, 20 Hz to 20 kHz<\/td>\n<\/tr>\n<tr>\n<td valign=\"middle\">Analog Inputs<\/td>\n<td valign=\"middle\">3 pair balanced XLR stereo; 1 pair unbalanced RCA stereo<\/td>\n<\/tr>\n<tr>\n<td valign=\"middle\">Digital Inputs (w\/optional DSM)<\/td>\n<td valign=\"middle\">1 each SPDIF coaxial; Optical; USB-B; RJ45 Ethernet; Wi-Fi<\/td>\n<\/tr>\n<tr>\n<td valign=\"middle\">Outputs<\/td>\n<td valign=\"middle\">2 pair balanced XLR stereo; \u00bc-inch headphone<\/td>\n<\/tr>\n<tr>\n<td valign=\"middle\">Control Protocol<\/td>\n<td valign=\"middle\">RS-232<\/td>\n<\/tr>\n<tr>\n<td valign=\"middle\">Dimensions (WHD)<\/td>\n<td valign=\"middle\">17.0 x 8.9 x 15.2 in \/ 43.2 x 22.6 x 38.6 cm<\/td>\n<\/tr>\n<tr>\n<td valign=\"middle\">Weight<\/td>\n<td valign=\"middle\">73 lb \/ 33.1 kg<\/td>\n<\/tr>\n<tr>\n<td valign=\"middle\">Finish<\/td>\n<td valign=\"middle\">Silver or Black<\/td>\n<\/tr>\n<\/tbody>\n<\/table>\n<p><a href=\"https:\/\/dandagostino.com\/products\/momentum-c2-preamplifier-2\" target=\"_blank\" rel=\"noopener noreferrer\"><span style=\"color: #0000ff;\">Click aqu\u00ed para m\u00e1s informaci\u00f3n del producto.<\/span><\/a><\/p>\n","protected":false},"excerpt":{"rendered":"<p>Preamplificador de audio High End, que incluye un un m\u00f3dulo de transmisi\u00f3n digital opcional. Presenta un concepto completamente nuevo, con una topolog\u00eda complementaria de cuatro circuitos inspirada en el preamplificador insignia Relentless. Su dise\u00f1o garantiza un aislamiento mec\u00e1nico y el\u00e9ctrico \u00f3ptimo, para una integridad de se\u00f1al impecable. Al combinar circuitos innovadores con un dise\u00f1o inigualable, el preamplificador Momentum C2 se convierte en la pieza clave de los sistemas de m\u00fasica m\u00e1s ambiciosos.<\/p>\n<ul>\n<li>Conector para auriculares (tras puerta en el panel frontal) con circuito de amplificaci\u00f3n independiente, para la escucha privada al m\u00e1ximo nivel.<\/li>\n<li>Fuente de alimentaci\u00f3n avanzada, alojada en un chasis independiente para un aislamiento m\u00e1ximo<\/li>\n<li>DSM (Digital Streaming Module) opcional que agrega conectividad para fuentes heredadas, funcionalidad USB y capacidad de transmisi\u00f3n de primer nivel.<span class=\"Apple-converted-space\">\u00a0<\/span><\/li>\n<li>DAC: las conexiones internas balanceadas transportan la se\u00f1al anal\u00f3gica final directamente al circuito de entrada. Desde aqu\u00ed, la se\u00f1al anal\u00f3gica de m\u00fasica aprovecha toda la potencia y el circuito anal\u00f3gico del preamplificador<\/li>\n<\/ul>\n<p>*Cont\u00e1ctenos para consultar el precio.<\/p>\n","protected":false},"featured_media":4545,"template":"","meta":[],"product_cat":[20],"product_tag":[213,185,215],"_links":{"self":[{"href":"https:\/\/baflesoviedo.com\/home\/wp-json\/wp\/v2\/product\/4544"}],"collection":[{"href":"https:\/\/baflesoviedo.com\/home\/wp-json\/wp\/v2\/product"}],"about":[{"href":"https:\/\/baflesoviedo.com\/home\/wp-json\/wp\/v2\/types\/product"}],"wp:featuredmedia":[{"embeddable":true,"href":"https:\/\/baflesoviedo.com\/home\/wp-json\/wp\/v2\/media\/4545"}],"wp:attachment":[{"href":"https:\/\/baflesoviedo.com\/home\/wp-json\/wp\/v2\/media?parent=4544"}],"wp:term":[{"taxonomy":"product_cat","embeddable":true,"href":"https:\/\/baflesoviedo.com\/home\/wp-json\/wp\/v2\/product_cat?post=4544"},{"taxonomy":"product_tag","embeddable":true,"href":"https:\/\/baflesoviedo.com\/home\/wp-json\/wp\/v2\/product_tag?post=4544"}],"curies":[{"name":"wp","href":"https:\/\/api.w.org\/{rel}","templated":true}]}}