{"id":4553,"date":"2025-06-09T23:51:38","date_gmt":"2025-06-09T23:51:38","guid":{"rendered":"https:\/\/baflesoviedo.com\/home\/?post_type=product&#038;p=4553"},"modified":"2025-06-09T23:51:38","modified_gmt":"2025-06-09T23:51:38","slug":"dan-dagostino-momentum-m400-mxv-amplificador-monoblock","status":"publish","type":"product","link":"https:\/\/baflesoviedo.com\/home\/product\/dan-dagostino-momentum-m400-mxv-amplificador-monoblock\/","title":{"rendered":"Dan D\u2019Agostino, Momentum M400 MxV, Amplificador Monoblock"},"content":{"rendered":"<p><b>Especificaciones T\u00e9cnicas:<\/b><\/p>\n<table cellspacing=\"0\" cellpadding=\"0\">\n<tbody>\n<tr>\n<td valign=\"middle\">Frequency Response<\/td>\n<td valign=\"middle\">1 Hz to 200 kHz, -1 dB \/ 20Hz to 20 kHz, \u00b10.1 dB<\/td>\n<\/tr>\n<tr>\n<td valign=\"middle\">Signal-to-Noise Ratio<\/td>\n<td valign=\"middle\">&gt;85 dB, A-weighted \/ &gt;115 dB, unweighted<\/td>\n<\/tr>\n<tr>\n<td valign=\"middle\">Gain<\/td>\n<td valign=\"middle\">27 dB<\/td>\n<\/tr>\n<tr>\n<td valign=\"middle\">Distortion<\/td>\n<td valign=\"middle\">0.09% @ 1 kHz, 400 watts @ 8\u03a9<\/td>\n<\/tr>\n<tr>\n<td valign=\"middle\">Input Impedance<\/td>\n<td valign=\"middle\">100 k\u03a9<\/td>\n<\/tr>\n<tr>\n<td valign=\"middle\">Output Power<\/td>\n<td valign=\"middle\">400 W @ 8\u03a9 \/ 800 W @ 4\u03a9 \/ 1,600 W @ 2\u03a9<\/td>\n<\/tr>\n<tr>\n<td valign=\"middle\">Output Voltage<\/td>\n<td valign=\"middle\">150 V peak-to-peak \/ 75 V RMS<\/td>\n<\/tr>\n<tr>\n<td valign=\"middle\">Output Current<\/td>\n<td valign=\"middle\">150 A peak<\/td>\n<\/tr>\n<tr>\n<td valign=\"middle\">Output Impedance<\/td>\n<td valign=\"middle\">&lt;0.11\u03a9, 20 Hz to 20 kHz<\/td>\n<\/tr>\n<tr>\n<td valign=\"middle\">Power Consumption<\/td>\n<td valign=\"middle\">Standby 3.8 W \/ Idle 105 W \/ Maximum 340 W<\/td>\n<\/tr>\n<tr>\n<td valign=\"middle\">Inputs<\/td>\n<td valign=\"middle\">1 balanced XLR<\/td>\n<\/tr>\n<tr>\n<td valign=\"middle\">Outputs<\/td>\n<td valign=\"middle\">1 pair binding posts<\/td>\n<\/tr>\n<tr>\n<td valign=\"middle\">Dimensions (WHD)<\/td>\n<td valign=\"middle\">12.5 x 5.25 x 21.5 in \/ 31.6 x 13.3 x 54.6 cm<\/td>\n<\/tr>\n<tr>\n<td valign=\"middle\">Weight<\/td>\n<td valign=\"middle\">95 lb \/ 43 kg<\/td>\n<\/tr>\n<tr>\n<td valign=\"middle\">Finish<\/td>\n<td valign=\"middle\">Silver or Black<\/td>\n<\/tr>\n<\/tbody>\n<\/table>\n<p><a href=\"https:\/\/dandagostino.com\/products\/momentum-m400-mxv-monoblock-amplifier-2\" target=\"_blank\" rel=\"noopener noreferrer\"><span style=\"color: #0000ff;\">Click aqu\u00ed para m\u00e1s informaci\u00f3n del producto.<\/span><\/a><\/p>\n","protected":false},"excerpt":{"rendered":"<p>Amplificador monoblock de audio High End. La m\u00e1xima expresi\u00f3n de la circuiter\u00eda Momentum, con una potencia inmensa en un dise\u00f1o totalmente complementario. Desafiando su tama\u00f1o compacto, el Momentum M400 MxV es un amplificador potente. Su salida se duplica a 800 vatios a 4 ohmios y 1600 vatios a 2 ohmios. Este amplificador es capaz de llevar cualquier altavoz a su m\u00e1ximo potencial. El resultado es un sonido m\u00e1s autoritario, rico y expansivo.<\/p>\n<p>*Cont\u00e1ctenos para consultar el precio.<\/p>\n","protected":false},"featured_media":4554,"template":"","meta":[],"product_cat":[20],"product_tag":[163,213,185],"_links":{"self":[{"href":"https:\/\/baflesoviedo.com\/home\/wp-json\/wp\/v2\/product\/4553"}],"collection":[{"href":"https:\/\/baflesoviedo.com\/home\/wp-json\/wp\/v2\/product"}],"about":[{"href":"https:\/\/baflesoviedo.com\/home\/wp-json\/wp\/v2\/types\/product"}],"wp:featuredmedia":[{"embeddable":true,"href":"https:\/\/baflesoviedo.com\/home\/wp-json\/wp\/v2\/media\/4554"}],"wp:attachment":[{"href":"https:\/\/baflesoviedo.com\/home\/wp-json\/wp\/v2\/media?parent=4553"}],"wp:term":[{"taxonomy":"product_cat","embeddable":true,"href":"https:\/\/baflesoviedo.com\/home\/wp-json\/wp\/v2\/product_cat?post=4553"},{"taxonomy":"product_tag","embeddable":true,"href":"https:\/\/baflesoviedo.com\/home\/wp-json\/wp\/v2\/product_tag?post=4553"}],"curies":[{"name":"wp","href":"https:\/\/api.w.org\/{rel}","templated":true}]}}