{"id":4558,"date":"2025-06-09T23:58:09","date_gmt":"2025-06-09T23:58:09","guid":{"rendered":"https:\/\/baflesoviedo.com\/home\/?post_type=product&#038;p=4558"},"modified":"2025-06-09T23:58:10","modified_gmt":"2025-06-09T23:58:10","slug":"dan-dagostino-relentless-preamplifier-preamplificador","status":"publish","type":"product","link":"https:\/\/baflesoviedo.com\/home\/product\/dan-dagostino-relentless-preamplifier-preamplificador\/","title":{"rendered":"Dan D\u2019Agostino, Relentless Preamplifier, Preamplificador"},"content":{"rendered":"<p><b>Especificaciones T\u00e9cnicas:<\/b><\/p>\n<table cellspacing=\"0\" cellpadding=\"0\">\n<tbody>\n<tr>\n<td valign=\"middle\">Frequency Response<\/td>\n<td valign=\"middle\">1 Hz to 120 kHz, \u00b10.0 dB<\/td>\n<\/tr>\n<tr>\n<td valign=\"middle\">Signal-to-Noise Ratio<\/td>\n<td valign=\"middle\">&gt;100 dB, A-weighted \/ &gt;105 dB, unweighted<\/td>\n<\/tr>\n<tr>\n<td valign=\"middle\">Gain<\/td>\n<td valign=\"middle\">+6\/+10 dB selectable<\/td>\n<\/tr>\n<tr>\n<td valign=\"middle\">Distortion<\/td>\n<td valign=\"middle\">&lt;.006%, 20 Hz to 20 kHz<\/td>\n<\/tr>\n<tr>\n<td valign=\"middle\">Analog Inputs<\/td>\n<td valign=\"middle\">5 pair balanced XLR stereo<\/td>\n<\/tr>\n<tr>\n<td valign=\"middle\">Digital Inputs (w\/optional DSM)<\/td>\n<td valign=\"middle\">1 each SPDIF coaxial; Optical; USB-B; RJ45 Ethernet; Wi-Fi<\/td>\n<\/tr>\n<tr>\n<td valign=\"middle\">Outputs<\/td>\n<td valign=\"middle\">2 pair balanced XLR stereo for Zone 1 \/ 1 pair balanced XLR stereo for Zone 2<\/td>\n<\/tr>\n<tr>\n<td valign=\"middle\">Control Protocol<\/td>\n<td valign=\"middle\">RS-232<\/td>\n<\/tr>\n<tr>\n<td valign=\"middle\">Dimensions (WHD)<\/td>\n<td valign=\"middle\">17.0 x 13.75 x 17.0 in \/ 43.2 x 34.9 x 43.2 cm<\/td>\n<\/tr>\n<tr>\n<td valign=\"middle\">Weight<\/td>\n<td valign=\"middle\">132 lb \/ 60 kg<\/td>\n<\/tr>\n<tr>\n<td valign=\"middle\">Finish<\/td>\n<td valign=\"middle\">Silver or Black<\/td>\n<\/tr>\n<\/tbody>\n<\/table>\n<p><a href=\"https:\/\/dandagostino.com\/products\/relentless-preamplifier-2\" target=\"_blank\" rel=\"noopener noreferrer\"><span style=\"color: #0000ff;\">Click aqu\u00ed para m\u00e1s informaci\u00f3n del producto.<\/span><\/a><\/p>\n","protected":false},"excerpt":{"rendered":"<p>Preamplificador de audio High End, que ofrece total flexibilidad y un m\u00f3dulo de transmisi\u00f3n digital opcional. El uso de tres chasis independientes (un chasis de audio dedicado para cada canal, separado por una secci\u00f3n de alimentaci\u00f3n\/control) aborda los desaf\u00edos de la reproducci\u00f3n en la m\u00e1s alta resoluci\u00f3n, y ofrece adem\u00e1s otras ventajas. El resultado general es una se\u00f1al musicalmente densa y din\u00e1micamente rica que se presenta en las salidas balanceadas. Al combinar circuitos innovadores, materiales distintivos y excelencia en la fabricaci\u00f3n artesanal en una arquitectura sofisticada, el preamplificador Relentless es la pieza central perfecta para el mejor sistema de m\u00fasica.<\/p>\n<ul>\n<li>Los ajustes de volumen se muestran mediante elegantes controles de volumen inspirados en relojes suizos o num\u00e9ricamente, de 0 a 99.<span class=\"Apple-converted-space\">\u00a0<\/span><\/li>\n<li>Cuenta con dos fuentes y dos zonas para controlar simult\u00e1neamente la conmutaci\u00f3n y el volumen de dos fuentes en dos salas o zonas separadas<\/li>\n<li>Puede ser el n\u00facleo del mejor sistema de cine en casa<\/li>\n<li>El m\u00f3dulo de transmisi\u00f3n digital opcional a\u00f1ade conectividad para fuentes antiguas, funcionalidad USB y una capacidad de transmisi\u00f3n de primer nivel.<\/li>\n<\/ul>\n<p>*Cont\u00e1ctenos para consultar el precio.<\/p>\n","protected":false},"featured_media":4559,"template":"","meta":[],"product_cat":[20],"product_tag":[213,185,215],"_links":{"self":[{"href":"https:\/\/baflesoviedo.com\/home\/wp-json\/wp\/v2\/product\/4558"}],"collection":[{"href":"https:\/\/baflesoviedo.com\/home\/wp-json\/wp\/v2\/product"}],"about":[{"href":"https:\/\/baflesoviedo.com\/home\/wp-json\/wp\/v2\/types\/product"}],"wp:featuredmedia":[{"embeddable":true,"href":"https:\/\/baflesoviedo.com\/home\/wp-json\/wp\/v2\/media\/4559"}],"wp:attachment":[{"href":"https:\/\/baflesoviedo.com\/home\/wp-json\/wp\/v2\/media?parent=4558"}],"wp:term":[{"taxonomy":"product_cat","embeddable":true,"href":"https:\/\/baflesoviedo.com\/home\/wp-json\/wp\/v2\/product_cat?post=4558"},{"taxonomy":"product_tag","embeddable":true,"href":"https:\/\/baflesoviedo.com\/home\/wp-json\/wp\/v2\/product_tag?post=4558"}],"curies":[{"name":"wp","href":"https:\/\/api.w.org\/{rel}","templated":true}]}}