{"id":4584,"date":"2025-07-01T22:49:18","date_gmt":"2025-07-01T22:49:18","guid":{"rendered":"https:\/\/baflesoviedo.com\/home\/?post_type=product&#038;p=4584"},"modified":"2025-07-01T22:49:23","modified_gmt":"2025-07-01T22:49:23","slug":"cambridge-audio-evo-150-se-reproductor-all-in-one","status":"publish","type":"product","link":"https:\/\/baflesoviedo.com\/home\/product\/cambridge-audio-evo-150-se-reproductor-all-in-one\/","title":{"rendered":"Cambridge Audio, EVO 150 SE, Reproductor All-in-one"},"content":{"rendered":"<p><b>Especificaciones T\u00e9cnicas:<\/b><\/p>\n<p><b>Power output<\/b><br \/>\n150W into 8 Ohms<\/p>\n<p><b>Amplification<\/b><br \/>\nTuned by Cambridge Class-D Hypex<\/p>\n<p><b>Audio formats<\/b><br \/>\nALAC, WAV, FLAC, AIFF, DSD (x256), WMA, MP3, AAC, HE AAC AAC+, OGG Vorbis<\/p>\n<p><b>Compatibility<\/b><br \/>\nTOSLINK optical: 16\/24bit 32-96kHz PCM only S\/PDIF coaxial: 16\/24bit 32-192kHz PCM only USB Audio Class 1: Up to 24-bit 96kHz (asynchronous) USB Audio Class 2: Up to 24-bit 384kHz (asynchronous) and up to DSD 256 Bluetooth: 4.2 A2DP\/ AVRCP supporting up to aptX HD (24bit 48kHz) UPnP, Local USB media, Airplay 2, Chromecast built-in, Internet Radio, Spotify Connect, TIDAL, MQA, Qobuz, Roon Ready, ARC: 16\/24bit 32-192kHz PCM only, Deezer<\/p>\n<p><b>Analogue audio inputs<\/b><br \/>\n1 x RCA, 1 x balanced XLR, 1 x Moving Magnet Phonostage<\/p>\n<p><b>Digital audio inputs<\/b><br \/>\n1 x TOSLINK optical, 1 x S\/PDIF coaxial, 1 x TV ARC, Bluetooth (integrated), USB Audio<\/p>\n<p><b>USB audio input<\/b><br \/>\nUSB Type B conforming to USB Audio Class 1 or USB Audio Class 2 (user selectable)<\/p>\n<p><b>Outputs<\/b><br \/>\nSpeakers A+B, 3.5mm headphone, Preamp Output, Subwoofer Output, Bluetooth: 4.2 A2DP\/AVRCP supporting up to aptX HD<\/p>\n<p><b>DAC<\/b><br \/>\nESS Sabre ES9018K2M<\/p>\n<p><b>Bluetooth<\/b><br \/>\n4.2 A2DP\/AVRCP supporting SBC, aptX and aptX HD codecs<\/p>\n<p><b>Wi-Fi<\/b><br \/>\nDual Band 2.4\/5gHz<\/p>\n<p><b>Ethernet<\/b><br \/>\nIEEE 802.3, 10 Base-T or 100 Base-T<\/p>\n<p><a href=\"https:\/\/www.cambridgeaudio.com\/row\/en\/products\/evo\/evo-150-se\" target=\"_blank\" rel=\"noopener noreferrer\"><span style=\"color: #0000ff;\">Click aqu\u00ed para m\u00e1s informaci\u00f3n del producto.<\/span><\/a><\/p>\n","protected":false},"excerpt":{"rendered":"<p>Evoluci\u00f3n del galardonado EVO 150, el NUEVO EVO 150 SE eleva el standard en amplificadores de clase D con una potencia imponente, conectividad avanzada y un dise\u00f1o que combina sofisticaci\u00f3n con funcionalidad. Si ya eras fan del EVO, esta versi\u00f3n especial te va a sorprender.<span class=\"Apple-converted-space\">\u00a0<\/span><\/p>\n<ul>\n<li>Audio de alta resoluci\u00f3n<\/li>\n<li>150 Watts por canal<\/li>\n<li>DAC: ESS Sabre ES9018K2M<\/li>\n<li>Etapa phono para Moving Magnet (MM)<\/li>\n<li>Hypex NCOREx Class D<\/li>\n<li>Controlable mediante aplicaci\u00f3n StreamMagic Gen 4<\/li>\n<li>Bluetooth aptX HD<\/li>\n<li>Paneles laterales intercambiables<\/li>\n<li>HDMI ARC\u201d<\/li>\n<\/ul>\n","protected":false},"featured_media":4586,"template":"","meta":[],"product_cat":[130,19,23],"product_tag":[183,80,52,40,219,67],"_links":{"self":[{"href":"https:\/\/baflesoviedo.com\/home\/wp-json\/wp\/v2\/product\/4584"}],"collection":[{"href":"https:\/\/baflesoviedo.com\/home\/wp-json\/wp\/v2\/product"}],"about":[{"href":"https:\/\/baflesoviedo.com\/home\/wp-json\/wp\/v2\/types\/product"}],"wp:featuredmedia":[{"embeddable":true,"href":"https:\/\/baflesoviedo.com\/home\/wp-json\/wp\/v2\/media\/4586"}],"wp:attachment":[{"href":"https:\/\/baflesoviedo.com\/home\/wp-json\/wp\/v2\/media?parent=4584"}],"wp:term":[{"taxonomy":"product_cat","embeddable":true,"href":"https:\/\/baflesoviedo.com\/home\/wp-json\/wp\/v2\/product_cat?post=4584"},{"taxonomy":"product_tag","embeddable":true,"href":"https:\/\/baflesoviedo.com\/home\/wp-json\/wp\/v2\/product_tag?post=4584"}],"curies":[{"name":"wp","href":"https:\/\/api.w.org\/{rel}","templated":true}]}}