{"id":4625,"date":"2025-07-17T04:02:09","date_gmt":"2025-07-17T04:02:09","guid":{"rendered":"https:\/\/baflesoviedo.com\/home\/?post_type=product&#038;p=4625"},"modified":"2025-07-17T04:08:12","modified_gmt":"2025-07-17T04:08:12","slug":"pro-ject-connect-it-phono-ds-rca-cable-phono","status":"publish","type":"product","link":"https:\/\/baflesoviedo.com\/home\/product\/pro-ject-connect-it-phono-ds-rca-cable-phono\/","title":{"rendered":"Pro-Ject, Connect it Phono DS RCA, Cable Tornamesa"},"content":{"rendered":"<p><b>Especificaciones T\u00e9cnicas:<\/b><\/p>\n<table cellspacing=\"0\" cellpadding=\"0\">\n<tbody>\n<tr>\n<td valign=\"middle\"><b>Conductors:<\/b><\/td>\n<td valign=\"middle\">99.99% OFC copper<\/td>\n<\/tr>\n<tr>\n<td valign=\"middle\"><b>Construction:<\/b><\/td>\n<td valign=\"middle\">2 x 0,2mm2<\/td>\n<\/tr>\n<tr>\n<td valign=\"middle\"><b>Cable Capacity:<\/b><\/td>\n<td valign=\"middle\">90 pF (1,23m)<\/td>\n<\/tr>\n<tr>\n<td valign=\"middle\"><b>Dielectric:<\/b><\/td>\n<td valign=\"middle\">High flexible cell polyethylene<\/td>\n<\/tr>\n<tr>\n<td valign=\"middle\"><b>Shielding:<\/b><\/td>\n<td valign=\"middle\">Helical OFC copper with carbon sub jacket<\/td>\n<\/tr>\n<tr>\n<td valign=\"middle\"><b>Jacket:<\/b><\/td>\n<td valign=\"middle\">Thermoplastic Elastomer<\/td>\n<\/tr>\n<\/tbody>\n<\/table>\n<p><a href=\"https:\/\/www.project-audio.com\/en\/product\/connect-it-ds\/\" target=\"_blank\" rel=\"noopener noreferrer\"><span style=\"color: #0000ff;\">Click aqu\u00ed para m\u00e1s informaci\u00f3n del producto.<\/span><\/a><\/p>\n","protected":false},"excerpt":{"rendered":"<p>Cables phono RCA, de 1.23m de largo. La colecci\u00f3n Connect it DS utiliza un conductor de cobre OFC de alta pureza, con una capacidad baja que los hace ideales para la aplicaci\u00f3n phono. Est\u00e1n dise\u00f1ados para ofrecer tanto alta protecci\u00f3n interna como gran flexibilidad, y usan adem\u00e1s pines de se\u00f1al chapados en plata, lo que ofrece una mayor conductividad con la menor resistencia de contacto en comparaci\u00f3n al oro.<\/p>\n<p>La l\u00ednea de cables Connect it se enfoca en materiales de calidad (cobre y plata de alta pureza) para una transmisi\u00f3n de se\u00f1al premium, diversidad de conectores para todas las necesidades, y altas prestaciones t\u00e9cnicas.<\/p>\n","protected":false},"featured_media":4626,"template":"","meta":[],"product_cat":[37,26],"product_tag":[222,221,56],"_links":{"self":[{"href":"https:\/\/baflesoviedo.com\/home\/wp-json\/wp\/v2\/product\/4625"}],"collection":[{"href":"https:\/\/baflesoviedo.com\/home\/wp-json\/wp\/v2\/product"}],"about":[{"href":"https:\/\/baflesoviedo.com\/home\/wp-json\/wp\/v2\/types\/product"}],"wp:featuredmedia":[{"embeddable":true,"href":"https:\/\/baflesoviedo.com\/home\/wp-json\/wp\/v2\/media\/4626"}],"wp:attachment":[{"href":"https:\/\/baflesoviedo.com\/home\/wp-json\/wp\/v2\/media?parent=4625"}],"wp:term":[{"taxonomy":"product_cat","embeddable":true,"href":"https:\/\/baflesoviedo.com\/home\/wp-json\/wp\/v2\/product_cat?post=4625"},{"taxonomy":"product_tag","embeddable":true,"href":"https:\/\/baflesoviedo.com\/home\/wp-json\/wp\/v2\/product_tag?post=4625"}],"curies":[{"name":"wp","href":"https:\/\/api.w.org\/{rel}","templated":true}]}}