{"id":4630,"date":"2025-07-17T04:09:05","date_gmt":"2025-07-17T04:09:05","guid":{"rendered":"https:\/\/baflesoviedo.com\/home\/?post_type=product&#038;p=4630"},"modified":"2025-07-17T04:22:09","modified_gmt":"2025-07-17T04:22:09","slug":"pro-ject-connect-it-phono-rs-rca-cable-tornamesa","status":"publish","type":"product","link":"https:\/\/baflesoviedo.com\/home\/product\/pro-ject-connect-it-phono-rs-rca-cable-tornamesa\/","title":{"rendered":"Pro-Ject, Connect it Phono RS RCA, Cable Tornamesa"},"content":{"rendered":"<p><b>Especificaciones T\u00e9cnicas:<\/b><\/p>\n<table cellspacing=\"0\" cellpadding=\"0\">\n<tbody>\n<tr>\n<td valign=\"middle\"><b>Conductors:<\/b><\/td>\n<td valign=\"middle\">Matched crystal silver<\/td>\n<\/tr>\n<tr>\n<td valign=\"middle\"><b>Conductors:<\/b><\/td>\n<td valign=\"middle\">Matched crystal silver<\/td>\n<\/tr>\n<tr>\n<td valign=\"middle\"><b>Cable Capacity:<\/b><\/td>\n<td valign=\"middle\">71pF (1,23m)<\/td>\n<\/tr>\n<tr>\n<td valign=\"middle\"><b>Dielectric:<\/b><\/td>\n<td valign=\"middle\">High flexible cell polyethylene<\/td>\n<\/tr>\n<tr>\n<td valign=\"middle\"><b>Shielding:<\/b><\/td>\n<td valign=\"middle\">Helical silver plated OFC copper<\/td>\n<\/tr>\n<tr>\n<td valign=\"middle\"><b>Jacket:<\/b><\/td>\n<td valign=\"middle\">Special halogen-free TPE<\/td>\n<\/tr>\n<\/tbody>\n<\/table>\n<p><a href=\"https:\/\/www.project-audio.com\/en\/product\/connect-it-rs\/\" target=\"_blank\" rel=\"noopener noreferrer\"><span style=\"color: #0000ff;\">Click aqu\u00ed para m\u00e1s informaci\u00f3n del producto.<\/span><\/a><\/p>\n","protected":false},"excerpt":{"rendered":"<p>Cables phono RCA, de 1.23m de largo. Connect it RS es una colecci\u00f3n de cables High End, con conductores de plata pura para la mayor conductividad posible a lo largo de todo el rango de frecuencia. Esto significa que toda la informaci\u00f3n musical es preservada y el cable transfiere su se\u00f1al completamente neutral \u2014sin coloraci\u00f3n. Comparado al cobre, la plata no acent\u00faa las frecuencias altas, lo que resulta en un sonido m\u00e1s detallado y abierto. El blindaje se realiza con una h\u00e9lice OFC recubierta de plata pura con una subcubierta conductora, que ofrece una protecci\u00f3n perfecta pero tambi\u00e9n gran flexibilidad.<\/p>\n<p>La l\u00ednea de cables Connect it se enfoca en materiales de calidad (cobre y plata de alta pureza) para una transmisi\u00f3n de se\u00f1al premium, diversidad de conectores para todas las necesidades, y altas prestaciones t\u00e9cnicas.<\/p>\n","protected":false},"featured_media":4631,"template":"","meta":[],"product_cat":[37,26],"product_tag":[222,221,56],"_links":{"self":[{"href":"https:\/\/baflesoviedo.com\/home\/wp-json\/wp\/v2\/product\/4630"}],"collection":[{"href":"https:\/\/baflesoviedo.com\/home\/wp-json\/wp\/v2\/product"}],"about":[{"href":"https:\/\/baflesoviedo.com\/home\/wp-json\/wp\/v2\/types\/product"}],"wp:featuredmedia":[{"embeddable":true,"href":"https:\/\/baflesoviedo.com\/home\/wp-json\/wp\/v2\/media\/4631"}],"wp:attachment":[{"href":"https:\/\/baflesoviedo.com\/home\/wp-json\/wp\/v2\/media?parent=4630"}],"wp:term":[{"taxonomy":"product_cat","embeddable":true,"href":"https:\/\/baflesoviedo.com\/home\/wp-json\/wp\/v2\/product_cat?post=4630"},{"taxonomy":"product_tag","embeddable":true,"href":"https:\/\/baflesoviedo.com\/home\/wp-json\/wp\/v2\/product_tag?post=4630"}],"curies":[{"name":"wp","href":"https:\/\/api.w.org\/{rel}","templated":true}]}}