{"id":4644,"date":"2025-07-17T04:32:47","date_gmt":"2025-07-17T04:32:47","guid":{"rendered":"https:\/\/baflesoviedo.com\/home\/?post_type=product&#038;p=4644"},"modified":"2025-07-17T04:32:48","modified_gmt":"2025-07-17T04:32:48","slug":"pro-ject-connect-it-ls-ds-cable-altavoz","status":"publish","type":"product","link":"https:\/\/baflesoviedo.com\/home\/product\/pro-ject-connect-it-ls-ds-cable-altavoz\/","title":{"rendered":"Pro-Ject, Connect it LS DS, Cable Altavoz"},"content":{"rendered":"<p><b>Especificaciones T\u00e9cnicas:<\/b><\/p>\n<table cellspacing=\"0\" cellpadding=\"0\">\n<tbody>\n<tr>\n<td valign=\"middle\"><b>Assembly:<\/b><\/td>\n<td valign=\"middle\">Solid core twisted<\/td>\n<\/tr>\n<tr>\n<td valign=\"middle\"><b>Conductors:<\/b><\/td>\n<td valign=\"middle\">8 x 0,75mm\u00b2<\/td>\n<\/tr>\n<tr>\n<td valign=\"middle\"><b>Conductor material:<\/b><\/td>\n<td valign=\"middle\">High purity oxygen free copper<\/td>\n<\/tr>\n<tr>\n<td valign=\"middle\"><b>Conductor insulation:<\/b><\/td>\n<td valign=\"middle\">Polyethylen<\/td>\n<\/tr>\n<tr>\n<td valign=\"middle\"><b>Banana plugs:<\/b><\/td>\n<td valign=\"middle\">Silver plated full metal plugs<\/td>\n<\/tr>\n<\/tbody>\n<\/table>\n<p><a href=\"https:\/\/www.project-audio.com\/en\/product\/connect-it-ls-ds\/\" target=\"_blank\" rel=\"noopener noreferrer\"><span style=\"color: #0000ff;\">Click aqu\u00ed para m\u00e1s informaci\u00f3n del producto.<\/span><\/a><\/p>\n","protected":false},"excerpt":{"rendered":"<p>Cables premium audi\u00f3filos para altavoz, fabricados en Europa. Utilizan conductores <i>solid core<\/i> 0.75mm\u00b2, que minimizan la p\u00e9rdida de se\u00f1al debido a a baja impedancia. Cada conector est\u00e1 fabricado de cobre de alta pureza y libre de ox\u00edgeno (HP-OFC), procesado especialmente para remover impurezas \u2014esto resulta en mayor conductividad. Adem\u00e1s, su construcci\u00f3n torcida reduce posibles interferencias y ruido captado de en la transmisi\u00f3n de se\u00f1al. A diferencia de otros sets de cables en el mercado, los Connect it LS DS ofrecen un sonido claro, abierto, homog\u00e9neo y neutral, adem\u00e1s de un dise\u00f1o que garantiza ultra-baja distorsi\u00f3n. Parte de la colecci\u00f3n Connect it LS \u2014la familia de cables para altavoz de Pro-Ject.<\/p>\n<p>La l\u00ednea de cables Connect it se enfoca en materiales de calidad (cobre y plata de alta pureza) para una transmisi\u00f3n de se\u00f1al premium, diversidad de conectores para todas las necesidades, y altas prestaciones t\u00e9cnicas.<\/p>\n<p>Largos disponibles: 3M y 4M.<\/p>\n","protected":false},"featured_media":4647,"template":"","meta":[],"product_cat":[17,26],"product_tag":[92,221,56],"_links":{"self":[{"href":"https:\/\/baflesoviedo.com\/home\/wp-json\/wp\/v2\/product\/4644"}],"collection":[{"href":"https:\/\/baflesoviedo.com\/home\/wp-json\/wp\/v2\/product"}],"about":[{"href":"https:\/\/baflesoviedo.com\/home\/wp-json\/wp\/v2\/types\/product"}],"wp:featuredmedia":[{"embeddable":true,"href":"https:\/\/baflesoviedo.com\/home\/wp-json\/wp\/v2\/media\/4647"}],"wp:attachment":[{"href":"https:\/\/baflesoviedo.com\/home\/wp-json\/wp\/v2\/media?parent=4644"}],"wp:term":[{"taxonomy":"product_cat","embeddable":true,"href":"https:\/\/baflesoviedo.com\/home\/wp-json\/wp\/v2\/product_cat?post=4644"},{"taxonomy":"product_tag","embeddable":true,"href":"https:\/\/baflesoviedo.com\/home\/wp-json\/wp\/v2\/product_tag?post=4644"}],"curies":[{"name":"wp","href":"https:\/\/api.w.org\/{rel}","templated":true}]}}