{"id":4659,"date":"2025-07-17T08:59:49","date_gmt":"2025-07-17T08:59:49","guid":{"rendered":"https:\/\/baflesoviedo.com\/home\/?post_type=product&#038;p=4659"},"modified":"2026-04-01T22:28:20","modified_gmt":"2026-04-01T22:28:20","slug":"pro-ject-connect-it-ls-e-cable-altavoz","status":"publish","type":"product","link":"https:\/\/baflesoviedo.com\/home\/product\/pro-ject-connect-it-ls-e-cable-altavoz\/","title":{"rendered":"Pro-Ject, Connect it LS E, Cable Altavoz"},"content":{"rendered":"<p><b>Especificaciones T\u00e9cnicas:<\/b><\/p>\n<table cellspacing=\"0\" cellpadding=\"0\">\n<tbody>\n<tr>\n<td valign=\"middle\"><b>Assembly:<\/b><\/td>\n<td valign=\"middle\">Solid core twisted<\/td>\n<\/tr>\n<tr>\n<td valign=\"middle\"><b>Conductors:<\/b><\/td>\n<td valign=\"middle\">4 x 0,75 mm\u00b2<\/td>\n<\/tr>\n<tr>\n<td valign=\"middle\"><b>Conductor material:<\/b><\/td>\n<td valign=\"middle\">High purity oxygen free copper (HP-OFC)<\/td>\n<\/tr>\n<tr>\n<td valign=\"middle\"><b>Conductor insulation:<\/b><\/td>\n<td valign=\"middle\">Polyethylen<\/td>\n<\/tr>\n<tr>\n<td valign=\"middle\"><b>Jacket:<\/b><\/td>\n<td valign=\"middle\">transparent PVC<\/td>\n<\/tr>\n<tr>\n<td valign=\"middle\"><b>Banana plugs:<\/b><\/td>\n<td valign=\"middle\">\u00d8 4 mm gold plated<\/td>\n<\/tr>\n<\/tbody>\n<\/table>\n<p><a href=\"https:\/\/www.project-audio.com\/en\/product\/connect-it-ls-e\/\" target=\"_blank\" rel=\"noopener noreferrer\"><span style=\"color: #0000ff;\">Click aqu\u00ed para m\u00e1s informaci\u00f3n del producto.<\/span><\/a><\/p>\n","protected":false},"excerpt":{"rendered":"<ul>\n<li>Largo aplicable a la oferta: 3 metros.<\/li>\n<\/ul>\n<p>Set de cables entry-level para altavoz, que ofrecen un sonido neutral y homog\u00e9neo con frecuencias altas agradables. Es un cable de alta calidad que cuenta con cuatro conductores <i>solid core<\/i> 0,75 mm\u00b2, fabricados de cobre de alta pureza y libre de ox\u00edgeno para prevenir cualquier p\u00e9rdida de se\u00f1al. Su tecnolog\u00eda <i>solid core<\/i> previene la distorsi\u00f3n y degradaci\u00f3n s\u00f3nica de otros cables en el mercado. Adem\u00e1s, los nuevos conectores banana est\u00e1n enchapados en oro (para conductividad el\u00e9ctrica perfecta) con carcasa de pl\u00e1stico transparente. Parte de la colecci\u00f3n Connect it LS \u2014la familia de cables para altavoz de Pro-Ject.<span class=\"Apple-converted-space\">\u00a0<\/span><\/p>\n<p>La l\u00ednea de cables Connect it se enfoca en materiales de calidad (cobre y plata de alta pureza) para una transmisi\u00f3n de se\u00f1al premium, diversidad de conectores para todas las necesidades, y altas prestaciones t\u00e9cnicas.<\/p>\n<p>Largos disponibles: 3M y 4M.<\/p>\n","protected":false},"featured_media":5927,"template":"","meta":[],"product_cat":[129,17,26],"product_tag":[234,92,221,56],"_links":{"self":[{"href":"https:\/\/baflesoviedo.com\/home\/wp-json\/wp\/v2\/product\/4659"}],"collection":[{"href":"https:\/\/baflesoviedo.com\/home\/wp-json\/wp\/v2\/product"}],"about":[{"href":"https:\/\/baflesoviedo.com\/home\/wp-json\/wp\/v2\/types\/product"}],"wp:featuredmedia":[{"embeddable":true,"href":"https:\/\/baflesoviedo.com\/home\/wp-json\/wp\/v2\/media\/5927"}],"wp:attachment":[{"href":"https:\/\/baflesoviedo.com\/home\/wp-json\/wp\/v2\/media?parent=4659"}],"wp:term":[{"taxonomy":"product_cat","embeddable":true,"href":"https:\/\/baflesoviedo.com\/home\/wp-json\/wp\/v2\/product_cat?post=4659"},{"taxonomy":"product_tag","embeddable":true,"href":"https:\/\/baflesoviedo.com\/home\/wp-json\/wp\/v2\/product_tag?post=4659"}],"curies":[{"name":"wp","href":"https:\/\/api.w.org\/{rel}","templated":true}]}}