{"id":4666,"date":"2025-07-17T19:02:49","date_gmt":"2025-07-17T19:02:49","guid":{"rendered":"https:\/\/baflesoviedo.com\/home\/?post_type=product&#038;p=4666"},"modified":"2025-07-17T19:02:52","modified_gmt":"2025-07-17T19:02:52","slug":"pro-ject-connect-it-phono-s-rca-cables-tornamesa","status":"publish","type":"product","link":"https:\/\/baflesoviedo.com\/home\/product\/pro-ject-connect-it-phono-s-rca-cables-tornamesa\/","title":{"rendered":"Pro-Ject, Connect it Phono S RCA, Cables Tornamesa"},"content":{"rendered":"<p><b>Especificaciones T\u00e9cnicas:<\/b><\/p>\n<table cellspacing=\"0\" cellpadding=\"0\">\n<tbody>\n<tr>\n<td valign=\"middle\"><b>Conductors:<\/b><\/td>\n<td valign=\"middle\">OFC copper<\/td>\n<\/tr>\n<tr>\n<td valign=\"middle\"><b>Dielectric:<\/b><\/td>\n<td valign=\"middle\">Flexible Polyethylen<\/td>\n<\/tr>\n<tr>\n<td valign=\"middle\"><b>Jacket:<\/b><\/td>\n<td valign=\"middle\">Thermoplastic Elastomer<\/td>\n<\/tr>\n<tr>\n<td valign=\"middle\"><b>Cable Capacity:<\/b><\/td>\n<td valign=\"middle\">100pF (1,23m)<\/td>\n<\/tr>\n<\/tbody>\n<\/table>\n<p><a href=\"https:\/\/www.project-audio.com\/en\/product\/connect-it-s\/\" target=\"_blank\" rel=\"noopener noreferrer\"><span style=\"color: #0000ff;\">Click aqu\u00ed para m\u00e1s informaci\u00f3n del producto.<\/span><\/a><\/p>\n","protected":false},"excerpt":{"rendered":"<p>Cables phono para tornamesa, de 1.23 M de largo. La colecci\u00f3n Connect it S ofrece interconectores neutrales de calidad audi\u00f3fila, con conductores de cobre OFC flexible y conectores de f\u00f3sforo-bronce ba\u00f1ados en oro. Los conductores son libres de ox\u00edgeno, lo que garantiza una se\u00f1al de transmisi\u00f3n perfecta. Esto significa que la capacidad del cable es muy baja para mantener la se\u00f1al limpia y un sonido abierto.<\/p>\n<p>La l\u00ednea de cables Connect it se enfoca en materiales de calidad (cobre y plata de alta pureza) para una transmisi\u00f3n de se\u00f1al premium, diversidad de conectores para todas las necesidades, y altas prestaciones t\u00e9cnicas.<\/p>\n","protected":false},"featured_media":4667,"template":"","meta":[],"product_cat":[37,26],"product_tag":[222,221,56],"_links":{"self":[{"href":"https:\/\/baflesoviedo.com\/home\/wp-json\/wp\/v2\/product\/4666"}],"collection":[{"href":"https:\/\/baflesoviedo.com\/home\/wp-json\/wp\/v2\/product"}],"about":[{"href":"https:\/\/baflesoviedo.com\/home\/wp-json\/wp\/v2\/types\/product"}],"wp:featuredmedia":[{"embeddable":true,"href":"https:\/\/baflesoviedo.com\/home\/wp-json\/wp\/v2\/media\/4667"}],"wp:attachment":[{"href":"https:\/\/baflesoviedo.com\/home\/wp-json\/wp\/v2\/media?parent=4666"}],"wp:term":[{"taxonomy":"product_cat","embeddable":true,"href":"https:\/\/baflesoviedo.com\/home\/wp-json\/wp\/v2\/product_cat?post=4666"},{"taxonomy":"product_tag","embeddable":true,"href":"https:\/\/baflesoviedo.com\/home\/wp-json\/wp\/v2\/product_tag?post=4666"}],"curies":[{"name":"wp","href":"https:\/\/api.w.org\/{rel}","templated":true}]}}