{"id":4670,"date":"2025-07-17T21:35:11","date_gmt":"2025-07-17T21:35:11","guid":{"rendered":"https:\/\/baflesoviedo.com\/home\/?post_type=product&#038;p=4670"},"modified":"2025-12-17T01:38:19","modified_gmt":"2025-12-17T01:38:19","slug":"pro-ject-x8-b-tornamesa","status":"publish","type":"product","link":"https:\/\/baflesoviedo.com\/home\/product\/pro-ject-x8-b-tornamesa\/","title":{"rendered":"Pro-Ject, X8 B, Tornamesa"},"content":{"rendered":"<p><b>Especificaciones T\u00e9cnicas:<\/b><\/p>\n<table cellspacing=\"0\" cellpadding=\"0\">\n<tbody>\n<tr>\n<td valign=\"middle\"><b>Speed:<\/b><\/td>\n<td valign=\"middle\">33, 45 (electronic speed change)<\/td>\n<\/tr>\n<tr>\n<td valign=\"middle\"><b>Drive principle:<\/b><\/td>\n<td valign=\"middle\">belt drive<\/td>\n<\/tr>\n<tr>\n<td valign=\"middle\"><b>Included phono cable:<\/b><\/td>\n<td valign=\"middle\">Connect it E 5P -&gt; RCA, 1.23m<\/td>\n<\/tr>\n<tr>\n<td valign=\"middle\"><b>Aluminium feet:<\/b><\/td>\n<td valign=\"middle\">Height adjustable &amp; TPE damped<\/td>\n<\/tr>\n<tr>\n<td valign=\"middle\"><b>Platter:<\/b><\/td>\n<td valign=\"middle\">massive 5,1 kg lathed aluminium &amp; TPE damped<\/td>\n<\/tr>\n<tr>\n<td valign=\"middle\"><b>Platter bearing:<\/b><\/td>\n<td valign=\"middle\">inverted with ceramic ball tips and magnetic support<\/td>\n<\/tr>\n<tr>\n<td valign=\"middle\"><b>Wow &amp; flutter:<\/b><\/td>\n<td valign=\"middle\">33: \u00b10,11%; 45: \u00b1 0,10%<\/td>\n<\/tr>\n<tr>\n<td valign=\"middle\"><b>Speed drift:<\/b><\/td>\n<td valign=\"middle\">33: \u00b10,11%; 45: \u00b1 0,09%<\/td>\n<\/tr>\n<tr>\n<td valign=\"middle\"><b>Signal to noise:<\/b><\/td>\n<td valign=\"middle\">73dB<\/td>\n<\/tr>\n<tr>\n<td valign=\"middle\"><b>Tonearm:<\/b><\/td>\n<td valign=\"middle\">9\u201c one-piece carbon-fibre tonearm<\/td>\n<\/tr>\n<tr>\n<td valign=\"middle\"><b>Effective arm length \/ mass:<\/b><\/td>\n<td valign=\"middle\">9\u201c (230 mm) \/ 8,5 g<\/td>\n<\/tr>\n<tr>\n<td valign=\"middle\"><b>Overhang:<\/b><\/td>\n<td valign=\"middle\">18mm<\/td>\n<\/tr>\n<tr>\n<td valign=\"middle\"><b>Included accessories:<\/b><\/td>\n<td valign=\"middle\">15V DC \/ 0,8A power supply, dust cover, 7\u201c single adapter, felt mat, phono cable<\/td>\n<\/tr>\n<tr>\n<td valign=\"middle\"><b>Power consumption:<\/b><\/td>\n<td valign=\"middle\">5W \/ 0,3 W standby mode<\/td>\n<\/tr>\n<tr>\n<td valign=\"middle\"><b>Dimensions lid closed:<\/b><\/td>\n<td valign=\"middle\">465 x 150 x 350 mm (W x H x D)<\/td>\n<\/tr>\n<tr>\n<td valign=\"middle\"><b>Dimensions lid opened:<\/b><\/td>\n<td valign=\"middle\">465 x 415 x 420 mm (W x H x D)<\/td>\n<\/tr>\n<tr>\n<td valign=\"middle\"><b>Weight:<\/b><\/td>\n<td valign=\"middle\">15kg<\/td>\n<\/tr>\n<\/tbody>\n<\/table>\n<p><a href=\"https:\/\/www.project-audio.com\/en\/product\/x8\/\" target=\"_blank\" rel=\"noopener noreferrer\"><span style=\"color: #0000ff;\">Click aqu\u00ed para m\u00e1s informaci\u00f3n del producto.<\/span><\/a><\/p>\n","protected":false},"excerpt":{"rendered":"<ul>\n<li>N\/c: $2,299 ($2,597.87 con IVA)<\/li>\n<li>Quintet Blue: $2,699 ($3,049.87 con IVA)<\/li>\n<\/ul>\n<p>Tornamesa de alta gama \u2014una puerta de entrada al mundo High-End de Pro\u2011Ject. Hereda componentes clave de la serie Xtension, como el plato de gran masa y el rodamiento invertido magn\u00e9tico, en una construcci\u00f3n que busca la m\u00e1xima fidelidad sonora sin comprometer accesibilidad. Dise\u00f1ado para verdaderos amantes del vinilo que buscan el siguiente nivel.<\/p>\n<ul>\n<li><b>Plato de aluminio (5.1\u202fkg):<\/b> gira con una suavidad excepcional, proporcionando una base s\u00f3lida para reproducci\u00f3n extremadamente precisa.<\/li>\n<li><b>Rodamiento invertido con soporte magn\u00e9tico:<\/b> garantiza rotaci\u00f3n ultra estable con m\u00ednima fricci\u00f3n y desgaste.<\/li>\n<li><b>Brazo 9cc EVO de carbono:<\/b> fibra de carbono, con tracking preciso ajustes (VTA y azimut).<\/li>\n<li><b>Motor de corriente alterna:<\/b> unidad desacoplada con sistema de suspensi\u00f3n TPE y control de velocidad electr\u00f3nico (33\/45 RPM).<\/li>\n<li><b>Base de MDF masiva y pies magn\u00e9ticos:<\/b> ajustable en altura, elimina eficazmente vibraciones del entorno.<\/li>\n<li><b>Salida balanceada (XLR) y RCA:<\/b> para sistemas audi\u00f3filos exigentes.<\/li>\n<li><b>Construcci\u00f3n 100\u202f% europea:<\/b> con componentes premium y estrictos controles de calidad.<\/li>\n<li><b>Pastilla (opcional) Ortofon Quintet Blue (MC):<\/b> ideal para aprovechar la True Balanced Connection.<\/li>\n<li><b>Acabados disponibles:<\/b> high gloss piano black, high gloss white, real wood walnut.<span class=\"Apple-converted-space\">\u00a0<\/span><\/li>\n<\/ul>\n","protected":false},"featured_media":4673,"template":"","meta":[],"product_cat":[37],"product_tag":[40,56,62],"_links":{"self":[{"href":"https:\/\/baflesoviedo.com\/home\/wp-json\/wp\/v2\/product\/4670"}],"collection":[{"href":"https:\/\/baflesoviedo.com\/home\/wp-json\/wp\/v2\/product"}],"about":[{"href":"https:\/\/baflesoviedo.com\/home\/wp-json\/wp\/v2\/types\/product"}],"wp:featuredmedia":[{"embeddable":true,"href":"https:\/\/baflesoviedo.com\/home\/wp-json\/wp\/v2\/media\/4673"}],"wp:attachment":[{"href":"https:\/\/baflesoviedo.com\/home\/wp-json\/wp\/v2\/media?parent=4670"}],"wp:term":[{"taxonomy":"product_cat","embeddable":true,"href":"https:\/\/baflesoviedo.com\/home\/wp-json\/wp\/v2\/product_cat?post=4670"},{"taxonomy":"product_tag","embeddable":true,"href":"https:\/\/baflesoviedo.com\/home\/wp-json\/wp\/v2\/product_tag?post=4670"}],"curies":[{"name":"wp","href":"https:\/\/api.w.org\/{rel}","templated":true}]}}